{"id":15565,"date":"2022-01-05T03:02:27","date_gmt":"2022-01-05T03:02:27","guid":{"rendered":"https:\/\/www.mjgasket.com\/products\/types\/"},"modified":"2023-03-31T14:33:28","modified_gmt":"2023-03-31T06:33:28","slug":"tipos","status":"publish","type":"page","link":"https:\/\/www.mjgasket.com\/es\/tipos\/","title":{"rendered":"Tipos de Juntas de Motor"},"content":{"rendered":"<h2>\u00bfPara Qu\u00e9 Sirven las Juntas de Motor?<\/h2>\n<p>Un veh\u00edculo consta de muchos componentes distintos para que su veh\u00edculo funcione sin problemas. Una de las piezas cr\u00edticas es la junta, que mantiene el motor en buen estado de funcionamiento. A medida que los fluidos y los gases circulan por el motor, las juntas funcionan como sellos para mantener los fluidos y la presi\u00f3n para evitar fugas, ayudar a realizar ciertas funciones cr\u00edticas y mantener los escombros fuera del motor. Estos componentes del motor deben funcionar correctamente para garantizar su seguridad durante el transporte.<\/p>\n<h2>Introducci\u00f3n de 5 Tipos Diferentes de Juntas de Motor<\/h2>\n<p>Las juntas de motor sellan entre dos superficies en varias partes del motor. Echemos un vistazo a algunos de estos. (Para saber m\u00e1s sobre los diferentes tipos de juntas, puede deslizarse hacia abajo para verlas)<\/p>\n<ul>\n<li><a href=\"https:\/\/www.mjgasket.com\/es\/tipos\/junta-de-tapa-de-valvulas\/\">Junta de Tapa de V\u00e1lvulas<\/a>\uff0dSella entre la tapa de v\u00e1lvula y la culata para proteger el hardware de la culata de da\u00f1os y evitar que el aceite se escape del motor.<\/li>\n<li><a href=\"https:\/\/www.mjgasket.com\/es\/tipos\/junta-de-culata\/\">Junta de Culata<\/a>\uff0dProporciona el sello entre la culata y el bloque del motor. Evita que los gases de combusti\u00f3n entren en el sistema de refrigeraci\u00f3n y evita fugas de fluidos y p\u00e9rdidas de presi\u00f3n.<\/li>\n<li><a href=\"https:\/\/www.mjgasket.com\/es\/tipos\/junta-de-carter-de-aceite\/\">Junta de C\u00e1rter de Aceite<\/a>\uff0dEs una junta que conecta el bloque del motor y el c\u00e1rter de aceite para garantizar que el aceite que circula por el motor siga funcionando sin problemas y evitar que se escape.<\/li>\n<li><a href=\"https:\/\/www.mjgasket.com\/es\/tipos\/junta-de-colector-de-admision\/\">Junta de Admisi\u00f3n<\/a>\uff0dSella entre el colector de admisi\u00f3n y la culata para evitar fugas de aire, refrigerante y aceite durante la combusti\u00f3n del combustible y ayuda a regular la temperatura de la c\u00e1mara.<\/li>\n<li><a href=\"https:\/\/www.mjgasket.com\/es\/tipos\/juntas-de-escape\/\">Junta de Escape<\/a>\uff0dSella entre el colector de escape y la culata para evitar fugas de escape de la conexi\u00f3n y garantizar que todos los gases de escape fluyan a trav\u00e9s del <a href=\"https:\/\/es.wikipedia.org\/wiki\/Convertidor_catal%C3%ADtico\" target=\"_blank\" rel=\"noopener\">convertidor catal\u00edtico<\/a>.<\/li>\n<\/ul>\n<p>Adem\u00e1s, es importante seleccionar el material de junta adecuado para aplicarlo al motor, lo que influye significativamente en el rendimiento del componente. (Para saber m\u00e1s sobre el material de las juntas &#8211; <a href=\"https:\/\/www.mjgasket.com\/es\/juntas-personalizadas\/\">Fabricaci\u00f3n de Juntas Personalizadas<\/a>) As\u00ed que lo mejor ser\u00eda cooperar con un fabricante de juntas con experiencia.<\/p>\n<p>MJ GASKET es un <a href=\"https:\/\/www.mjgasket.com\/aftermarket-gasket-manufacturer\/\">fabricante de juntas<\/a> que cuenta con m\u00e1s de 40 a\u00f1os de experiencia en la fabricaci\u00f3n y las tecnolog\u00edas de fabricaci\u00f3n de diversos tipos de juntas de motor y sus partes relacionadas. Nuestro equipo conoce profundamente el sistema de conocimiento de fabricaci\u00f3n; por lo tanto, sabemos c\u00f3mo utilizar la forma correcta y los materiales adecuados para fabricar juntas de motor de alto rendimiento y de alta calidad para mantener seguros a los conductores. <strong>Por favor, consulte los siguientes tipos de juntas de motor para saber lo que ofrecemos.<\/strong><\/p>\n","protected":false},"excerpt":{"rendered":"<p>\u00bfPara Qu\u00e9 Sirven las Juntas de Motor? Un veh\u00edculo consta de muchos componentes distintos para que su veh\u00edculo funcione sin<\/p>\n","protected":false},"author":4,"featured_media":19331,"parent":0,"menu_order":0,"comment_status":"closed","ping_status":"closed","template":"types.php","meta":{"_acf_changed":false,"footnotes":""},"class_list":["post-15565","page","type-page","status-publish","has-post-thumbnail","hentry"],"acf":{"toggle_item":[{"title":"\u00bfPara Qu\u00e9 Sirven las Juntas de Motor?","content":"<p>Un veh\u00edculo consta de muchos componentes distintos para que su veh\u00edculo funcione sin problemas. Una de las piezas cr\u00edticas es la junta, que mantiene el motor en buen estado de funcionamiento. A medida que los fluidos y los gases circulan por el motor, las juntas funcionan como sellos para mantener los fluidos y la presi\u00f3n para evitar fugas, ayudar a realizar ciertas funciones cr\u00edticas y mantener los escombros fuera del motor. Estos componentes del motor deben funcionar correctamente para garantizar su seguridad durante el transporte.<\/p>\n"},{"title":"Introducci\u00f3n de 5 Tipos Diferentes de Juntas de Motor","content":"<p>Las juntas de motor sellan entre dos superficies en varias partes del motor. Echemos un vistazo a algunos de estos. (Para saber m\u00e1s sobre los diferentes tipos de juntas, puede deslizarse hacia abajo para verlas)<\/p>\n<ul>\n<li><a href=\"https:\/\/www.mjgasket.com\/es\/tipos\/junta-de-tapa-de-valvulas\/\" target=\"_blank\" rel=\"noopener\">Junta de Tapa de V\u00e1lvulas<\/a> &#8211; Sella entre la tapa de v\u00e1lvula y la culata para proteger el hardware de la culata de da\u00f1os y evitar que el aceite se escape del motor.<\/li>\n<li><a href=\"https:\/\/www.mjgasket.com\/es\/tipos\/junta-de-culata\/\" target=\"_blank\" rel=\"noopener\">Junta de Culata<\/a> &#8211; Proporciona el sello entre la culata y el bloque del motor. Evita que los gases de combusti\u00f3n entren en el sistema de refrigeraci\u00f3n y evita fugas de fluidos y p\u00e9rdidas de presi\u00f3n.<\/li>\n<li><a href=\"https:\/\/www.mjgasket.com\/es\/tipos\/junta-de-carter-de-aceite\/\" target=\"_blank\" rel=\"noopener\">Junta de C\u00e1rter de Aceite<\/a> &#8211; Es una junta que conecta el bloque del motor y el c\u00e1rter de aceite para garantizar que el aceite que circula por el motor siga funcionando sin problemas y evitar que se escape.<\/li>\n<li><a href=\"https:\/\/www.mjgasket.com\/es\/tipos\/junta-de-colector-de-admision\/\" target=\"_blank\" rel=\"noopener\">Junta de Admisi\u00f3n<\/a> &#8211; Sella entre el colector de admisi\u00f3n y la culata para evitar fugas de aire, refrigerante y aceite durante la combusti\u00f3n del combustible y ayuda a regular la temperatura de la c\u00e1mara.<\/li>\n<li><a href=\"https:\/\/www.mjgasket.com\/es\/tipos\/juntas-de-escape\/\" target=\"_blank\" rel=\"noopener\">Junta de Escape<\/a> &#8211; Sella entre el colector de escape y la culata para evitar fugas de escape de la conexi\u00f3n y garantizar que todos los gases de escape fluyan a trav\u00e9s del <a href=\"https:\/\/es.wikipedia.org\/wiki\/Convertidor_catal%C3%ADtico\" target=\"_blank\" rel=\"noopener\">convertidor catal\u00edtico.<\/a><\/li>\n<\/ul>\n<p>Adem\u00e1s, es importante seleccionar el material de junta adecuado para aplicarlo al motor, lo que influye significativamente en el rendimiento del componente. (Para saber m\u00e1s sobre el material de las juntas \u2013 <a href=\"https:\/\/www.mjgasket.com\/es\/juntas-personalizadas\/\" target=\"_blank\" rel=\"noopener\">Fabricaci\u00f3n de Juntas Personalizadas<\/a>) As\u00ed que lo mejor ser\u00eda cooperar con un fabricante de juntas con experiencia.<\/p>\n<p>MJ GASKET es un <a href=\"https:\/\/www.mjgasket.com\/aftermarket-gasket-manufacturer\/\" target=\"_blank\" rel=\"noopener\">fabricante de juntas<\/a> que cuenta con m\u00e1s de 40 a\u00f1os de experiencia en la fabricaci\u00f3n y las tecnolog\u00edas de fabricaci\u00f3n de diversos tipos de juntas de motor y sus partes relacionadas. Nuestro equipo conoce profundamente el sistema de conocimiento de fabricaci\u00f3n; por lo tanto, sabemos c\u00f3mo utilizar la forma correcta y los materiales adecuados para fabricar juntas de motor de alto rendimiento y de alta calidad para mantener seguros a los conductores. Por favor, consulte los siguientes tipos de juntas de motor para saber lo que ofrecemos.<\/p>\n"}]},"_links":{"self":[{"href":"https:\/\/www.mjgasket.com\/es\/wp-json\/wp\/v2\/pages\/15565"}],"collection":[{"href":"https:\/\/www.mjgasket.com\/es\/wp-json\/wp\/v2\/pages"}],"about":[{"href":"https:\/\/www.mjgasket.com\/es\/wp-json\/wp\/v2\/types\/page"}],"author":[{"embeddable":true,"href":"https:\/\/www.mjgasket.com\/es\/wp-json\/wp\/v2\/users\/4"}],"replies":[{"embeddable":true,"href":"https:\/\/www.mjgasket.com\/es\/wp-json\/wp\/v2\/comments?post=15565"}],"version-history":[{"count":4,"href":"https:\/\/www.mjgasket.com\/es\/wp-json\/wp\/v2\/pages\/15565\/revisions"}],"predecessor-version":[{"id":24527,"href":"https:\/\/www.mjgasket.com\/es\/wp-json\/wp\/v2\/pages\/15565\/revisions\/24527"}],"wp:featuredmedia":[{"embeddable":true,"href":"https:\/\/www.mjgasket.com\/es\/wp-json\/wp\/v2\/media\/19331"}],"wp:attachment":[{"href":"https:\/\/www.mjgasket.com\/es\/wp-json\/wp\/v2\/media?parent=15565"}],"curies":[{"name":"wp","href":"https:\/\/api.w.org\/{rel}","templated":true}]}}