{"id":18047,"date":"2022-02-23T09:18:20","date_gmt":"2022-02-23T09:18:20","guid":{"rendered":"https:\/\/www.mjgasket.com\/?p=18047"},"modified":"2022-05-17T17:03:33","modified_gmt":"2022-05-17T09:03:33","slug":"junta-sandwich","status":"publish","type":"page","link":"https:\/\/www.mjgasket.com\/es\/juntas-personalizadas\/junta-sandwich\/","title":{"rendered":"Junta S\u00e1ndwich | Juntas Personalizadas"},"content":{"rendered":"<p>Al ver la palabra \u201cs\u00e1ndwich\u201d por primera vez, pensamos la comida que tenemos todos los d\u00edas: dos rebanadas de pan y entre las cuales se colocan otros alimentos que le gustan. Cuando aplicamos la misma teor\u00eda a la junta, es la junta de tipo s\u00e1ndwich. Las rebanadas de pan son de metal en las capas exteriores que podemos utilizar S301, S430, S410 o otros materiales. Y los alimentos entre ellas puede ser el material sin asbestos o el grafito.<\/p>\n<p>Sin embargo, los alimentos verdaderos no tienen \u201cel borde\u201d. La mayor\u00eda de las juntas s\u00e1ndwich llevan un borde cerrado y la forma de cerrarla es muy especial que el metal de la capa superior se envuelve directamente en el borde de la capa inferior, y luego la inferior se envuelve de nuevo en el borde de la superior para que el \u201calimento\u201d se sujete en el medio.<\/p>\n<p>Dichos materiales, t\u00e9cnicas y caracter\u00edsticas son para el mismo prop\u00f3sito: que se haga las juntas resistentes a altas temperaturas y presiones, ya que las juntas s\u00e1ndwich se sirven normalmente para las aplicaciones de\u00a0<a href=\"https:\/\/www.mjgasket.com\/es\/tipos\/junta-de-turbocompresor\/\" target=\"_blank\" rel=\"noopener noreferrer\">las juntas de turbocompresor<\/a>,\u00a0<a href=\"https:\/\/www.mjgasket.com\/es\/tipos\/juntas-de-escape\/\" target=\"_blank\" rel=\"noopener noreferrer\">escape<\/a>\u00a0y\u00a0<a href=\"https:\/\/www.mjgasket.com\/es\/tipos\/junta-de-culata\/\" target=\"_blank\" rel=\"noopener noreferrer\">culata<\/a>.<\/p>\n","protected":false},"excerpt":{"rendered":"<p>Al ver la palabra \u201cs\u00e1ndwich\u201d por primera vez, pensamos la comida que tenemos todos los d\u00edas: dos rebanadas de pan<\/p>\n","protected":false},"author":4,"featured_media":16060,"parent":17945,"menu_order":0,"comment_status":"closed","ping_status":"closed","template":"page-gstChild.php","meta":{"_acf_changed":false,"footnotes":""},"class_list":["post-18047","page","type-page","status-publish","has-post-thumbnail","hentry"],"acf":{"suitableTypes":[{"term_id":236,"name":"Junta de Culata","slug":"junta-de-culata","term_group":0,"term_taxonomy_id":236,"taxonomy":"types","description":"CAT, Cummins, DD, John Deere, Mack, MTU, Navistar","parent":0,"count":374,"filter":"raw"},{"term_id":239,"name":"Junta de Escape","slug":"juntas-de-escape","term_group":0,"term_taxonomy_id":239,"taxonomy":"types","description":"CAT, Cummins, DD, Deutz, Ford, GM, John Deere, MTU, Navistar","parent":0,"count":205,"filter":"raw"},{"term_id":250,"name":"Junta de Turbo","slug":"junta-de-turbocompresor","term_group":0,"term_taxonomy_id":250,"taxonomy":"types","description":"CAT, Cummins, DD, GM, John Deere, Mack, Navistar, Paccar","parent":0,"count":181,"filter":"raw"}]},"_links":{"self":[{"href":"https:\/\/www.mjgasket.com\/es\/wp-json\/wp\/v2\/pages\/18047"}],"collection":[{"href":"https:\/\/www.mjgasket.com\/es\/wp-json\/wp\/v2\/pages"}],"about":[{"href":"https:\/\/www.mjgasket.com\/es\/wp-json\/wp\/v2\/types\/page"}],"author":[{"embeddable":true,"href":"https:\/\/www.mjgasket.com\/es\/wp-json\/wp\/v2\/users\/4"}],"replies":[{"embeddable":true,"href":"https:\/\/www.mjgasket.com\/es\/wp-json\/wp\/v2\/comments?post=18047"}],"version-history":[{"count":4,"href":"https:\/\/www.mjgasket.com\/es\/wp-json\/wp\/v2\/pages\/18047\/revisions"}],"predecessor-version":[{"id":19417,"href":"https:\/\/www.mjgasket.com\/es\/wp-json\/wp\/v2\/pages\/18047\/revisions\/19417"}],"up":[{"embeddable":true,"href":"https:\/\/www.mjgasket.com\/es\/wp-json\/wp\/v2\/pages\/17945"}],"wp:featuredmedia":[{"embeddable":true,"href":"https:\/\/www.mjgasket.com\/es\/wp-json\/wp\/v2\/media\/16060"}],"wp:attachment":[{"href":"https:\/\/www.mjgasket.com\/es\/wp-json\/wp\/v2\/media?parent=18047"}],"curies":[{"name":"wp","href":"https:\/\/api.w.org\/{rel}","templated":true}]}}