{"id":18054,"date":"2022-02-23T09:19:15","date_gmt":"2022-02-23T09:19:15","guid":{"rendered":"https:\/\/www.mjgasket.com\/juntas-personalizadas\/metal-plastic-bonded-with-rubber\/"},"modified":"2024-02-22T14:08:46","modified_gmt":"2024-02-22T06:08:46","slug":"junta-de-cuacho-metal-caucho-plastico","status":"publish","type":"page","link":"https:\/\/www.mjgasket.com\/es\/juntas-personalizadas\/junta-de-cuacho-metal-caucho-plastico\/","title":{"rendered":"Junta de Caucho-Metal\/Caucho-Pl\u00e1stico | Juntas Personalizadas"},"content":{"rendered":"<p>Caucho-metal se refiere al proceso de uni\u00f3n mec\u00e1nico entre el caucho y el metal durante el moldeo del caucho. Este proceso da una manera simple y efectiva para la adhesi\u00f3n entre diferentes tipos de caucho. Por lo tanto, es un proceso ideal para fabricar las partes.<\/p>\n<p>La junta de caucho-metal es una junta de acero con envoltura de caucho que es excepcionalmente resistente y duradera. La junta de acero moldeado de caucho tiene no s\u00f3lo la flexibilidad de caucho sino tambi\u00e9n la estabilidad de metal.<\/p>\n<p>La junta de portadora es una junta con elast\u00f3mero adherido y sellado al portador de pl\u00e1stico o metal que se sirve para las aplicaciones de\u00a0<a href=\"https:\/\/www.mjgasket.com\/es\/tipos\/junta-de-culata\/\" target=\"_blank\" rel=\"noopener noreferrer\">las juntas de culata<\/a>,\u00a0<a href=\"https:\/\/www.mjgasket.com\/es\/tipos\/juntas-de-escape\/\" target=\"_blank\" rel=\"noopener noreferrer\">colector de escape<\/a>,\u00a0<a href=\"https:\/\/www.mjgasket.com\/es\/tipos\/junta-de-carter-de-aceite\/\" target=\"_blank\" rel=\"noopener noreferrer\">c\u00e1rter de aceite<\/a>\u00a0o la mayor\u00eda de otras juntas para el uso en altas temperaturas y presiones.<\/p>\n<p>MJ proporciona varios materiales de caucho y metal para su selecci\u00f3n.<\/p>\n<ul>\n<li><strong>Caucho<\/strong>: FKM, AEM, ACM, NBR, NBR+PVC, EPDM y silicona<\/li>\n<li><strong>Metal<\/strong>: acero inoxidable \u2013 S301, S430 y S410<\/li>\n<\/ul>\n<p>Podemos hacer tama\u00f1os personalizados hasta 1,6 metros para cubrir sus necesidades. Como lo hay en nuestra p\u00e1gina web, las juntas de caucho-metal que ofrecemos tienen el borde liso sin rebabas y con muy buena capacidad de estanqueidad.<\/p>\n","protected":false},"excerpt":{"rendered":"<p>Caucho-metal se refiere al proceso de uni\u00f3n mec\u00e1nico entre el caucho y el metal durante el moldeo del caucho. Este<\/p>\n","protected":false},"author":4,"featured_media":16068,"parent":17945,"menu_order":0,"comment_status":"closed","ping_status":"closed","template":"page-gstChild.php","meta":{"_acf_changed":false,"footnotes":""},"class_list":["post-18054","page","type-page","status-publish","has-post-thumbnail","hentry"],"acf":{"suitableTypes":[{"term_id":236,"name":"Junta de Culata","slug":"junta-de-culata","term_group":0,"term_taxonomy_id":236,"taxonomy":"types","description":"CAT, Cummins, DD, John Deere, Mack, MTU, Navistar","parent":0,"count":373,"filter":"raw"},{"term_id":239,"name":"Junta de Escape","slug":"juntas-de-escape","term_group":0,"term_taxonomy_id":239,"taxonomy":"types","description":"CAT, Cummins, DD, Deutz, Ford, GM, John Deere, MTU, Navistar","parent":0,"count":205,"filter":"raw"},{"term_id":251,"name":"Junta de Tapa de V\u00e1lvulas","slug":"junta-de-tapa-de-valvulas","term_group":0,"term_taxonomy_id":251,"taxonomy":"types","description":"CAT, Cummins, DD, Deutz, GM, John Deere, Navistar","parent":0,"count":183,"filter":"raw"},{"term_id":455,"name":"Junta de Transmisi\u00f3n","slug":"junta-de-transmision","term_group":0,"term_taxonomy_id":455,"taxonomy":"types","description":"","parent":0,"count":6,"filter":"raw"}]},"_links":{"self":[{"href":"https:\/\/www.mjgasket.com\/es\/wp-json\/wp\/v2\/pages\/18054"}],"collection":[{"href":"https:\/\/www.mjgasket.com\/es\/wp-json\/wp\/v2\/pages"}],"about":[{"href":"https:\/\/www.mjgasket.com\/es\/wp-json\/wp\/v2\/types\/page"}],"author":[{"embeddable":true,"href":"https:\/\/www.mjgasket.com\/es\/wp-json\/wp\/v2\/users\/4"}],"replies":[{"embeddable":true,"href":"https:\/\/www.mjgasket.com\/es\/wp-json\/wp\/v2\/comments?post=18054"}],"version-history":[{"count":4,"href":"https:\/\/www.mjgasket.com\/es\/wp-json\/wp\/v2\/pages\/18054\/revisions"}],"predecessor-version":[{"id":36661,"href":"https:\/\/www.mjgasket.com\/es\/wp-json\/wp\/v2\/pages\/18054\/revisions\/36661"}],"up":[{"embeddable":true,"href":"https:\/\/www.mjgasket.com\/es\/wp-json\/wp\/v2\/pages\/17945"}],"wp:featuredmedia":[{"embeddable":true,"href":"https:\/\/www.mjgasket.com\/es\/wp-json\/wp\/v2\/media\/16068"}],"wp:attachment":[{"href":"https:\/\/www.mjgasket.com\/es\/wp-json\/wp\/v2\/media?parent=18054"}],"curies":[{"name":"wp","href":"https:\/\/api.w.org\/{rel}","templated":true}]}}