{"id":18055,"date":"2022-02-23T09:20:07","date_gmt":"2022-02-23T09:20:07","guid":{"rendered":"https:\/\/www.mjgasket.com\/juntas-personalizadas\/graphite\/"},"modified":"2024-01-04T16:21:52","modified_gmt":"2024-01-04T08:21:52","slug":"junta-de-grafito","status":"publish","type":"page","link":"https:\/\/www.mjgasket.com\/es\/juntas-personalizadas\/junta-de-grafito\/","title":{"rendered":"Grafito | Material para Juntas de Culata A Medida"},"content":{"rendered":"<p>Cada material tiene su funci\u00f3n, dependiendo del entorno de uso. El grafito es una forma de carbono donde los \u00e1tomos est\u00e1n colocados en capas o l\u00e1minas y se utiliza generalmente en entornos de alta temperatura y presi\u00f3n, tambi\u00e9n encuentra frecuentemente en aplicaciones de ciclo de vapor o de escape.<\/p>\n<p>El grafito tiene una superficie de baja fricci\u00f3n y una gran ventaja para resistir presiones y temperaturas altas. La excelente flexibilidad es tambi\u00e9n una ventaja del grafito, puede soportar el calor hasta los 450 Celsius.<\/p>\n<p>Nuestros t\u00e9cnicos adhieren con precisi\u00f3n las l\u00e1minas de grafito a la chapa met\u00e1lica perforada equitativamente y densamente para reforzar la fuerza de adhesi\u00f3n del grafito y luego combinarlo con el metal del n\u00facleo.<\/p>\n<p>El grafito se utiliza com\u00fanmente para fabricarlas <a href=\"https:\/\/www.mjgasket.com\/es\/tipos\/junta-de-culata\/\">Juntas de Culata<\/a>, <a href=\"https:\/\/www.mjgasket.com\/es\/tipos\/juntas-de-escape\/\">Juntas de Escape<\/a> y <a href=\"https:\/\/www.mjgasket.com\/es\/tipos\/junta-dpf-doc\/\">Juntas DPF<\/a> ,y podemos personalizar los materiales de las juntas para usted.<\/p>\n","protected":false},"excerpt":{"rendered":"<p>Cada material tiene su funci\u00f3n, dependiendo del entorno de uso. El grafito es una forma de carbono donde los \u00e1tomos<\/p>\n","protected":false},"author":4,"featured_media":16072,"parent":17945,"menu_order":0,"comment_status":"closed","ping_status":"closed","template":"page-gstChild.php","meta":{"_acf_changed":false,"footnotes":""},"class_list":["post-18055","page","type-page","status-publish","has-post-thumbnail","hentry"],"acf":{"suitableTypes":[{"term_id":236,"name":"Junta de Culata","slug":"junta-de-culata","term_group":0,"term_taxonomy_id":236,"taxonomy":"types","description":"CAT, Cummins, DD, John Deere, Mack, MTU, Navistar","parent":0,"count":374,"filter":"raw"},{"term_id":239,"name":"Junta de Escape","slug":"juntas-de-escape","term_group":0,"term_taxonomy_id":239,"taxonomy":"types","description":"CAT, Cummins, DD, Deutz, Ford, GM, John Deere, MTU, Navistar","parent":0,"count":205,"filter":"raw"}]},"_links":{"self":[{"href":"https:\/\/www.mjgasket.com\/es\/wp-json\/wp\/v2\/pages\/18055"}],"collection":[{"href":"https:\/\/www.mjgasket.com\/es\/wp-json\/wp\/v2\/pages"}],"about":[{"href":"https:\/\/www.mjgasket.com\/es\/wp-json\/wp\/v2\/types\/page"}],"author":[{"embeddable":true,"href":"https:\/\/www.mjgasket.com\/es\/wp-json\/wp\/v2\/users\/4"}],"replies":[{"embeddable":true,"href":"https:\/\/www.mjgasket.com\/es\/wp-json\/wp\/v2\/comments?post=18055"}],"version-history":[{"count":4,"href":"https:\/\/www.mjgasket.com\/es\/wp-json\/wp\/v2\/pages\/18055\/revisions"}],"predecessor-version":[{"id":26073,"href":"https:\/\/www.mjgasket.com\/es\/wp-json\/wp\/v2\/pages\/18055\/revisions\/26073"}],"up":[{"embeddable":true,"href":"https:\/\/www.mjgasket.com\/es\/wp-json\/wp\/v2\/pages\/17945"}],"wp:featuredmedia":[{"embeddable":true,"href":"https:\/\/www.mjgasket.com\/es\/wp-json\/wp\/v2\/media\/16072"}],"wp:attachment":[{"href":"https:\/\/www.mjgasket.com\/es\/wp-json\/wp\/v2\/media?parent=18055"}],"curies":[{"name":"wp","href":"https:\/\/api.w.org\/{rel}","templated":true}]}}