{"id":18056,"date":"2022-02-23T09:21:35","date_gmt":"2022-02-23T09:21:35","guid":{"rendered":"https:\/\/www.mjgasket.com\/juntas-personalizadas\/elastomer\/"},"modified":"2022-05-17T16:49:24","modified_gmt":"2022-05-17T08:49:24","slug":"junta-de-elastomero","status":"publish","type":"page","link":"https:\/\/www.mjgasket.com\/es\/juntas-personalizadas\/junta-de-elastomero\/","title":{"rendered":"Junta de Elast\u00f3mero | Juntas de goma a medida"},"content":{"rendered":"<p>Las juntas de goma o caucho son m\u00e1s comunes. Pueden ser de formas distintas y uso en m\u00faltiples industrias. En el sector del motor, se ven las juntas de goma utilizadas en cualquier lugar: los ojales de goma en la <a href=\"https:\/\/www.mjgasket.com\/es\/tipos\/junta-de-culata\/\">junta de culata<\/a>, <a href=\"https:\/\/www.mjgasket.com\/es\/tipos\/junta-de-tapa-de-valvulas\/\">junta de tapa de v\u00e1lvulas<\/a> de goma, junta de goma PIP (press-in-place), <a href=\"https:\/\/www.mjgasket.com\/es\/tipos\/junta-de-carter-de-aceite\/\">junta de c\u00e1rter de aceite<\/a> de goma. Debido a la amplia gama de la gran variedad de goma, puede elegir f\u00e1cilmente el tipo de goma adecuado para la junta y su aplicaci\u00f3n.<\/p>\n<p>Para el uso entre altas y bajas temperaturas, altas y menos presiones en un motor, proporcionamos la NBR, HNBR, EPDM, ACM, AEM, silicona, FKM para las zonas de condiciones distintas y combinadas. Normalmente, se une goma o caucho con metal para mejorar la propiedad y la funci\u00f3n de junta. Podr\u00e1 referir las p\u00e1ginas de \u201cJunta de Caucho-Metal\u201d y \u201cJunta de Acero con Revestimiento Avanzado\u201d para m\u00e1s detalles.<\/p>\n","protected":false},"excerpt":{"rendered":"<p>Las juntas de goma o caucho son m\u00e1s comunes. Pueden ser de formas distintas y uso en m\u00faltiples industrias. En<\/p>\n","protected":false},"author":4,"featured_media":16077,"parent":17945,"menu_order":0,"comment_status":"closed","ping_status":"closed","template":"page-gstChild.php","meta":{"_acf_changed":false,"footnotes":""},"class_list":["post-18056","page","type-page","status-publish","has-post-thumbnail","hentry"],"acf":{"suitableTypes":[{"term_id":251,"name":"Junta de Tapa de V\u00e1lvulas","slug":"junta-de-tapa-de-valvulas","term_group":0,"term_taxonomy_id":251,"taxonomy":"types","description":"CAT, Cummins, DD, Deutz, GM, John Deere, Navistar","parent":0,"count":183,"filter":"raw"},{"term_id":252,"name":"Sellos de V\u00e1lvula","slug":"sello-de-valvula","term_group":0,"term_taxonomy_id":252,"taxonomy":"types","description":"CAT, Cummins, DD, John Deere, Komatsu, MTU, Navistar","parent":0,"count":63,"filter":"raw"}]},"_links":{"self":[{"href":"https:\/\/www.mjgasket.com\/es\/wp-json\/wp\/v2\/pages\/18056"}],"collection":[{"href":"https:\/\/www.mjgasket.com\/es\/wp-json\/wp\/v2\/pages"}],"about":[{"href":"https:\/\/www.mjgasket.com\/es\/wp-json\/wp\/v2\/types\/page"}],"author":[{"embeddable":true,"href":"https:\/\/www.mjgasket.com\/es\/wp-json\/wp\/v2\/users\/4"}],"replies":[{"embeddable":true,"href":"https:\/\/www.mjgasket.com\/es\/wp-json\/wp\/v2\/comments?post=18056"}],"version-history":[{"count":4,"href":"https:\/\/www.mjgasket.com\/es\/wp-json\/wp\/v2\/pages\/18056\/revisions"}],"predecessor-version":[{"id":19412,"href":"https:\/\/www.mjgasket.com\/es\/wp-json\/wp\/v2\/pages\/18056\/revisions\/19412"}],"up":[{"embeddable":true,"href":"https:\/\/www.mjgasket.com\/es\/wp-json\/wp\/v2\/pages\/17945"}],"wp:featuredmedia":[{"embeddable":true,"href":"https:\/\/www.mjgasket.com\/es\/wp-json\/wp\/v2\/media\/16077"}],"wp:attachment":[{"href":"https:\/\/www.mjgasket.com\/es\/wp-json\/wp\/v2\/media?parent=18056"}],"curies":[{"name":"wp","href":"https:\/\/api.w.org\/{rel}","templated":true}]}}