{"id":18057,"date":"2022-02-23T09:22:31","date_gmt":"2022-02-23T09:22:31","guid":{"rendered":"https:\/\/www.mjgasket.com\/juntas-personalizadas\/multi-layer-steel-mls\/"},"modified":"2022-03-07T10:06:25","modified_gmt":"2022-03-07T02:06:25","slug":"junta-de-acero-multicapa","status":"publish","type":"page","link":"https:\/\/www.mjgasket.com\/es\/juntas-personalizadas\/junta-de-acero-multicapa\/","title":{"rendered":"Material de juntas de culata a medida-Acero multicapa"},"content":{"rendered":"<p>El acero multicapa, tambi\u00e9n llamado \u201cMLS\u201d, es un tipo de material que se utiliza ampliamente para los motores de veh\u00edculos ligeros y pesados. Seg\u00fan su necesidad, el MLS puede ser de dos a siete capas de acero con espesores distintos que se sujeta con remaches o soldadura por puntos. Tenemos varios tipos de acero inoxidable para su selecci\u00f3n. Los usos del S301, S304 y S430 son m\u00e1s comunes.<\/p>\n<p>Para un mejor refuerzo de acero y estanqueidad, a veces el acero contiene los abalorios de silicona. Adem\u00e1s, ofrecemos el MLS con revestimiento avanzado, como los de MoS 2, cer\u00e1mica y caucho (Vea la p\u00e1gina de \u201c<a href=\"https:\/\/www.mjgasket.com\/es\/juntas-personalizadas\/junta-de-acero-con-revestimiento-avanzado\/\">Acero con Revestimiento Avanzado<\/a>\u201d para m\u00e1s informaci\u00f3n).<\/p>\n","protected":false},"excerpt":{"rendered":"<p>El acero multicapa, tambi\u00e9n llamado \u201cMLS\u201d, es un tipo de material que se utiliza ampliamente para los motores de veh\u00edculos<\/p>\n","protected":false},"author":4,"featured_media":16081,"parent":17945,"menu_order":0,"comment_status":"closed","ping_status":"closed","template":"page-gstChild.php","meta":{"_acf_changed":false,"footnotes":""},"class_list":["post-18057","page","type-page","status-publish","has-post-thumbnail","hentry"],"acf":{"suitableTypes":[{"term_id":236,"name":"Junta de Culata","slug":"junta-de-culata","term_group":0,"term_taxonomy_id":236,"taxonomy":"types","description":"CAT, Cummins, DD, John Deere, Mack, MTU, Navistar","parent":0,"count":373,"filter":"raw"},{"term_id":239,"name":"Junta de Escape","slug":"juntas-de-escape","term_group":0,"term_taxonomy_id":239,"taxonomy":"types","description":"CAT, Cummins, DD, Deutz, Ford, GM, John Deere, MTU, Navistar","parent":0,"count":205,"filter":"raw"}]},"_links":{"self":[{"href":"https:\/\/www.mjgasket.com\/es\/wp-json\/wp\/v2\/pages\/18057"}],"collection":[{"href":"https:\/\/www.mjgasket.com\/es\/wp-json\/wp\/v2\/pages"}],"about":[{"href":"https:\/\/www.mjgasket.com\/es\/wp-json\/wp\/v2\/types\/page"}],"author":[{"embeddable":true,"href":"https:\/\/www.mjgasket.com\/es\/wp-json\/wp\/v2\/users\/4"}],"replies":[{"embeddable":true,"href":"https:\/\/www.mjgasket.com\/es\/wp-json\/wp\/v2\/comments?post=18057"}],"version-history":[{"count":6,"href":"https:\/\/www.mjgasket.com\/es\/wp-json\/wp\/v2\/pages\/18057\/revisions"}],"predecessor-version":[{"id":18151,"href":"https:\/\/www.mjgasket.com\/es\/wp-json\/wp\/v2\/pages\/18057\/revisions\/18151"}],"up":[{"embeddable":true,"href":"https:\/\/www.mjgasket.com\/es\/wp-json\/wp\/v2\/pages\/17945"}],"wp:featuredmedia":[{"embeddable":true,"href":"https:\/\/www.mjgasket.com\/es\/wp-json\/wp\/v2\/media\/16081"}],"wp:attachment":[{"href":"https:\/\/www.mjgasket.com\/es\/wp-json\/wp\/v2\/media?parent=18057"}],"curies":[{"name":"wp","href":"https:\/\/api.w.org\/{rel}","templated":true}]}}