{"id":24786,"date":"2023-05-26T13:45:35","date_gmt":"2023-05-26T05:45:35","guid":{"rendered":"https:\/\/www.mjgasket.com\/industrias-y-aplicaciones\/marine-engine-gaskets\/"},"modified":"2024-03-06T11:49:40","modified_gmt":"2024-03-06T03:49:40","slug":"juntas-para-motores-marinos-mj-gasket","status":"publish","type":"page","link":"https:\/\/www.mjgasket.com\/es\/industrias-y-aplicaciones\/juntas-para-motores-marinos-mj-gasket\/","title":{"rendered":"Juntas para Motores Marinos"},"content":{"rendered":"","protected":false},"excerpt":{"rendered":"","protected":false},"author":4,"featured_media":0,"parent":24783,"menu_order":0,"comment_status":"closed","ping_status":"closed","template":"page-applications_MarineEngineGaskets.php","meta":{"_acf_changed":false,"footnotes":""},"class_list":["post-24786","page","type-page","status-publish","hentry"],"acf":{"content_1":"<p>La industria marina est\u00e1 siendo testigo de una creciente demanda de embarcaciones m\u00e1s vers\u00e1tiles y de alta tecnolog\u00eda en todos los segmentos. Este aumento de la demanda introduce complejidades en el dise\u00f1o de los buques, lo que plantea riesgos adicionales para los astilleros. MJ Gasket es muy consciente de estos riesgos y ofrece experiencia en la gesti\u00f3n y mitigaci\u00f3n de los desaf\u00edos asociados con los crecientes niveles de complejidad del dise\u00f1o. Nuestras tecnolog\u00edas avanzadas y nuestro soporte integral permiten a los astilleros navegar a trav\u00e9s de estas complejidades con confianza.<\/p>\n<p>En MJ Gasket, estamos comprometidos a apoyar a los constructores navales mediante la entrega de soluciones innovadoras que abordan las demandas \u00fanicas de la industria. Nuestro enfoque en la sostenibilidad nos permite proporcionar tecnolog\u00edas respetuosas con el medio ambiente, reduciendo las emisiones y mejorando la eficiencia del combustible. A trav\u00e9s de nuestra amplia experiencia y conocimientos, ayudamos a los constructores navales a optimizar el rendimiento de los buques y cumplir con las estrictas regulaciones ambientales. Entendemos la importancia de la sostenibilidad y ofrecemos tecnolog\u00edas de vanguardia para apoyar a los constructores navales en el logro de sus objetivos ambientales.<\/p>\n<p>Adem\u00e1s, reconocemos la importancia de racionalizar las operaciones y minimizar los costos en un mercado competitivo. Nuestros productos y servicios est\u00e1n dise\u00f1ados para mejorar la eficiencia, reducir los requisitos de mantenimiento y reducir los costos del ciclo de vida. MJ Gasket se dedica a apoyar a nuestros clientes en la superaci\u00f3n de los desaf\u00edos multifac\u00e9ticos que enfrentan hoy en d\u00eda. Proporcionamos tecnolog\u00edas innovadoras para mejorar la eficiencia del buque, reducir las emisiones y garantizar el cumplimiento de las regulaciones ambientales con confianza, optimizando el rendimiento, reduciendo los costos y contribuyendo a un futuro sostenible en la industria marina.<\/p>\n","kv":"https:\/\/www.mjgasket.com\/wp-content\/uploads\/marine_banner-1.png","title_app":"Aplicaci\u00f3n","content_app":"<ul>\n<li><a href=\"https:\/\/www.mjgasket.com\/es\/marcas\/mtu\/\">MTU<\/a>2000 Series, 4000 Series, 396 Series<\/li>\n<li><a href=\"https:\/\/www.mjgasket.com\/es\/marcas\/caterpillar\/\">Caterpillar<\/a>C18, C32<\/li>\n<li><a href=\"https:\/\/www.mjgasket.com\/es\/marcas\/detroit-diesel\/\">Detroit Diesel<\/a>S60<\/li>\n<\/ul>\n","product":"\t\t<div class=\"product\" data-id=\"X52404200052\">\n\t\t\t<a href=\"https:\/\/www.mjgasket.com\/es\/producto\/5240160319-anillo-de-sello-de-culata-para-mtu\/\" target=\"_self\" rel=\"noopener\">\n\t\t\t\t\t\t\t\t\t\t<div class=\"image\">\n\t\t\t\t\t\t\t<canvas id=\"canvas-X52404200052\"><\/canvas>\n\t\t\t\t\t\t<\/div>\n\t\t\t\t\t\t\t\t\t\t<div class=\"content\">\n\t\t\t\t\t<div class=\"productBrand\">\n\t\t\t\t\t\t<span class=\"item\">MTU<\/span>\t\t\t\t\t<\/div>\n\t\t\t\t\t\t\t\t\t\t<div class=\"productType\">\n\t\t\t\t\t\t<span class=\"item\">Anillo de Sello de Culata <\/span>\t\t\t\t\t\t\n\t\t\t\t\t<\/div>\n\t\t\t\t\t<div class=\"productSku\">X52404200052<\/div>\n\t\t\t\t<\/div>\n\t\t\t<\/a> \n\t\t<\/div>\n\t\t\r\n\t\t<div class=\"product\" data-id=\"X51204200003\">\n\t\t\t<a href=\"https:\/\/www.mjgasket.com\/es\/producto\/x51204200003-junta-de-tapa-de-valvulas-para-mtu\/\" target=\"_self\" rel=\"noopener\">\n\t\t\t\t\t\t\t\t\t\t<div class=\"image\">\n\t\t\t\t\t\t\t<canvas id=\"canvas-X51204200003\"><\/canvas>\n\t\t\t\t\t\t<\/div>\n\t\t\t\t\t\t\t\t\t\t<div class=\"content\">\n\t\t\t\t\t<div class=\"productBrand\">\n\t\t\t\t\t\t<span class=\"item\">MTU<\/span>\t\t\t\t\t<\/div>\n\t\t\t\t\t\t\t\t\t\t<div class=\"productType\">\n\t\t\t\t\t\t<span class=\"item\">Junta de Tapa de V\u00e1lvulas <\/span>\t\t\t\t\t\t\n\t\t\t\t\t<\/div>\n\t\t\t\t\t<div class=\"productSku\">X51204200003<\/div>\n\t\t\t\t<\/div>\n\t\t\t<\/a> \n\t\t<\/div>\n\t\t\r\n\t\t<div class=\"product\" data-id=\"X52404200037\">\n\t\t\t<a href=\"https:\/\/www.mjgasket.com\/es\/producto\/x52404200037-junta-de-culata-para-mtu\/\" target=\"_self\" rel=\"noopener\">\n\t\t\t\t\t\t\t\t\t\t<div class=\"image\">\n\t\t\t\t\t\t\t<canvas id=\"canvas-X52404200037\"><\/canvas>\n\t\t\t\t\t\t<\/div>\n\t\t\t\t\t\t\t\t\t\t<div class=\"content\">\n\t\t\t\t\t<div class=\"productBrand\">\n\t\t\t\t\t\t<span class=\"item\">MTU<\/span>\t\t\t\t\t<\/div>\n\t\t\t\t\t\t\t\t\t\t<div class=\"productType\">\n\t\t\t\t\t\t<span class=\"item\">Junta de Culata <\/span>\t\t\t\t\t\t\n\t\t\t\t\t<\/div>\n\t\t\t\t\t<div class=\"productSku\">X52404200037<\/div>\n\t\t\t\t<\/div>\n\t\t\t<\/a> \n\t\t<\/div>\n\t\t\r\n\t\t<div class=\"product\" data-id=\"7E8028\">\n\t\t\t<a href=\"https:\/\/www.mjgasket.com\/es\/producto\/7e8028-junta-de-culata-para-caterpillar\/\" target=\"_self\" rel=\"noopener\">\n\t\t\t\t\t\t\t\t\t\t<div class=\"image\">\n\t\t\t\t\t\t\t<canvas id=\"canvas-7E8028\"><\/canvas>\n\t\t\t\t\t\t<\/div>\n\t\t\t\t\t\t\t\t\t\t<div class=\"content\">\n\t\t\t\t\t<div class=\"productBrand\">\n\t\t\t\t\t\t<span class=\"item\">Caterpillar<\/span>\t\t\t\t\t<\/div>\n\t\t\t\t\t\t\t\t\t\t<div class=\"productType\">\n\t\t\t\t\t\t<span class=\"item\">Junta de Culata <\/span>\t\t\t\t\t\t\n\t\t\t\t\t<\/div>\n\t\t\t\t\t<div class=\"productSku\">7E8028<\/div>\n\t\t\t\t<\/div>\n\t\t\t<\/a> \n\t\t<\/div>\n\t\t","application_info":[{"title_type":"Junta de Intercambiador de Calor de Placas","content_type":"<p>El intercambiador de calor de las placas (PHE) es un tipo de intercambiador de calor. Los tama\u00f1os de los intercambiadores de calor de placas tienen un ancho de alrededor de 30\u2033 a 80\u2033.<\/p>\n<p>Los materiales para las juntas de goma de sellado del intercambiador de calor son principalmente de NBR, EPDM y FKM. Las juntas de intercambiador de calor de placas que ofrecemos son para los motores marinos \u2013 Caterpillar, MTU, Volvo Penta.<\/p>\n","title_type_app":"Applications","content_type_app":"<ul>\n<li><a href=\"https:\/\/www.mjgasket.com\/es\/tipos\/junta-de-intercambiador-de-calor-de-placas\/?brands=caterpillar&amp;per_page=24\">Caterpillar<\/a>3406E, 3412E, C15, C18, C32<\/li>\n<li><a href=\"https:\/\/www.mjgasket.com\/es\/tipos\/junta-de-intercambiador-de-calor-de-placas\/?brands=mtu&amp;per_page=24\">MTU<\/a>2000 Series, 4000 Series, 183 Series, 396 Series<\/li>\n<li><a href=\"https:\/\/www.mjgasket.com\/es\/tipos\/junta-de-intercambiador-de-calor-de-placas\/?brands=detroit-diesel&amp;per_page=24\">Detroit Diesel<\/a>60 Series<\/li>\n<li><a href=\"https:\/\/www.mjgasket.com\/es\/tipos\/junta-de-intercambiador-de-calor-de-placas\/?brands=alfa-laval&amp;per_page=24\">Alfa Laval<\/a>M6, M10, M6-M<\/li>\n<li><a href=\"https:\/\/www.mjgasket.com\/es\/tipos\/junta-de-intercambiador-de-calor-de-placas\/\">Tranter<\/a>GMD010<\/li>\n<\/ul>\n","product_type_app":"\t\t<div class=\"product\" data-id=\"1255594\">\n\t\t\t<a href=\"https:\/\/www.mjgasket.com\/es\/producto\/1255594-junta-de-intercambiador-de-calor-de-placas-para-caterpillar\/\" target=\"_self\" rel=\"noopener\">\n\t\t\t\t\t\t\t\t\t\t<div class=\"image\">\n\t\t\t\t\t\t\t<canvas id=\"canvas-1255594\"><\/canvas>\n\t\t\t\t\t\t<\/div>\n\t\t\t\t\t\t\t\t\t\t<div class=\"content\">\n\t\t\t\t\t<div class=\"productBrand\">\n\t\t\t\t\t\t<span class=\"item\">Caterpillar<\/span>\t\t\t\t\t<\/div>\n\t\t\t\t\t\t\t\t\t\t<div class=\"productType\">\n\t\t\t\t\t\t<span class=\"item\">Junta de Intercambiador de Calor de Placas <\/span>\t\t\t\t\t\t\n\t\t\t\t\t<\/div>\n\t\t\t\t\t<div class=\"productSku\">1255594<\/div>\n\t\t\t\t<\/div>\n\t\t\t<\/a> \n\t\t<\/div>\n\t\t\r\n\t\t<div class=\"product\" data-id=\"1255595\">\n\t\t\t<a href=\"https:\/\/www.mjgasket.com\/es\/producto\/1255595-junta-de-intercambiador-de-calor-de-placas-para-caterpillar\/\" target=\"_self\" rel=\"noopener\">\n\t\t\t\t\t\t\t\t\t\t<div class=\"image\">\n\t\t\t\t\t\t\t<canvas id=\"canvas-1255595\"><\/canvas>\n\t\t\t\t\t\t<\/div>\n\t\t\t\t\t\t\t\t\t\t<div class=\"content\">\n\t\t\t\t\t<div class=\"productBrand\">\n\t\t\t\t\t\t<span class=\"item\">Caterpillar<\/span>\t\t\t\t\t<\/div>\n\t\t\t\t\t\t\t\t\t\t<div class=\"productType\">\n\t\t\t\t\t\t<span class=\"item\">Junta de Intercambiador de Calor de Placas <\/span>\t\t\t\t\t\t\n\t\t\t\t\t<\/div>\n\t\t\t\t\t<div class=\"productSku\">1255595<\/div>\n\t\t\t\t<\/div>\n\t\t\t<\/a> \n\t\t<\/div>\n\t\t\r\n\t\t<div class=\"product\" data-id=\"8692030083\">\n\t\t\t<a href=\"https:\/\/www.mjgasket.com\/es\/producto\/8692030083-junta-de-intercambiador-de-calor-de-placas-para-mtu\/\" target=\"_self\" rel=\"noopener\">\n\t\t\t\t\t\t\t\t\t\t<div class=\"image\">\n\t\t\t\t\t\t\t<canvas id=\"canvas-8692030083\"><\/canvas>\n\t\t\t\t\t\t<\/div>\n\t\t\t\t\t\t\t\t\t\t<div class=\"content\">\n\t\t\t\t\t<div class=\"productBrand\">\n\t\t\t\t\t\t<span class=\"item\">MTU<\/span>\t\t\t\t\t<\/div>\n\t\t\t\t\t\t\t\t\t\t<div class=\"productType\">\n\t\t\t\t\t\t<span class=\"item\">Junta de Intercambiador de Calor de Placas <\/span>\t\t\t\t\t\t\n\t\t\t\t\t<\/div>\n\t\t\t\t\t<div class=\"productSku\">8692030083<\/div>\n\t\t\t\t<\/div>\n\t\t\t<\/a> \n\t\t<\/div>\n\t\t\r\n\t\t<div class=\"product\" data-id=\"8499970065\">\n\t\t\t<a href=\"https:\/\/www.mjgasket.com\/es\/producto\/8499970065-junta-de-intercambiador-de-calor-de-placas-para-mtu\/\" target=\"_self\" rel=\"noopener\">\n\t\t\t\t\t\t\t\t\t\t<div class=\"image\">\n\t\t\t\t\t\t\t<canvas id=\"canvas-8499970065\"><\/canvas>\n\t\t\t\t\t\t<\/div>\n\t\t\t\t\t\t\t\t\t\t<div class=\"content\">\n\t\t\t\t\t<div class=\"productBrand\">\n\t\t\t\t\t\t<span class=\"item\">MTU<\/span>\t\t\t\t\t<\/div>\n\t\t\t\t\t\t\t\t\t\t<div class=\"productType\">\n\t\t\t\t\t\t<span class=\"item\">Junta de Intercambiador de Calor de Placas <\/span>\t\t\t\t\t\t\n\t\t\t\t\t<\/div>\n\t\t\t\t\t<div class=\"productSku\">8499970065<\/div>\n\t\t\t\t<\/div>\n\t\t\t<\/a> \n\t\t<\/div>\n\t\t \r\n\t\t<div class=\"product\" data-id=\"1255600\">\n\t\t\t<a href=\"https:\/\/www.mjgasket.com\/es\/producto\/1255600-junta-de-intercambiador-de-calor-de-placas-para-caterpillar\/\" target=\"_self\" rel=\"noopener\">\n\t\t\t\t\t\t\t\t\t\t<div class=\"image\">\n\t\t\t\t\t\t\t<canvas id=\"canvas-1255600\"><\/canvas>\n\t\t\t\t\t\t<\/div>\n\t\t\t\t\t\t\t\t\t\t<div class=\"content\">\n\t\t\t\t\t<div class=\"productBrand\">\n\t\t\t\t\t\t<span class=\"item\">Caterpillar<\/span>\t\t\t\t\t<\/div>\n\t\t\t\t\t\t\t\t\t\t<div class=\"productType\">\n\t\t\t\t\t\t<span class=\"item\">Junta de Intercambiador de Calor de Placas <\/span>\t\t\t\t\t\t\n\t\t\t\t\t<\/div>\n\t\t\t\t\t<div class=\"productSku\">1255600<\/div>\n\t\t\t\t<\/div>\n\t\t\t<\/a> \n\t\t<\/div>\n\t\t"}]},"_links":{"self":[{"href":"https:\/\/www.mjgasket.com\/es\/wp-json\/wp\/v2\/pages\/24786"}],"collection":[{"href":"https:\/\/www.mjgasket.com\/es\/wp-json\/wp\/v2\/pages"}],"about":[{"href":"https:\/\/www.mjgasket.com\/es\/wp-json\/wp\/v2\/types\/page"}],"author":[{"embeddable":true,"href":"https:\/\/www.mjgasket.com\/es\/wp-json\/wp\/v2\/users\/4"}],"replies":[{"embeddable":true,"href":"https:\/\/www.mjgasket.com\/es\/wp-json\/wp\/v2\/comments?post=24786"}],"version-history":[{"count":3,"href":"https:\/\/www.mjgasket.com\/es\/wp-json\/wp\/v2\/pages\/24786\/revisions"}],"predecessor-version":[{"id":24930,"href":"https:\/\/www.mjgasket.com\/es\/wp-json\/wp\/v2\/pages\/24786\/revisions\/24930"}],"up":[{"embeddable":true,"href":"https:\/\/www.mjgasket.com\/es\/wp-json\/wp\/v2\/pages\/24783"}],"wp:attachment":[{"href":"https:\/\/www.mjgasket.com\/es\/wp-json\/wp\/v2\/media?parent=24786"}],"curies":[{"name":"wp","href":"https:\/\/api.w.org\/{rel}","templated":true}]}}