{"id":24790,"date":"2023-05-26T13:44:26","date_gmt":"2023-05-26T05:44:26","guid":{"rendered":"https:\/\/www.mjgasket.com\/industrias-y-aplicaciones\/construction-mining-engine-gaskets\/"},"modified":"2024-03-06T11:47:42","modified_gmt":"2024-03-06T03:47:42","slug":"juntas-de-motores-de-construccion-y-mineria-mj-gasket","status":"publish","type":"page","link":"https:\/\/www.mjgasket.com\/es\/industrias-y-aplicaciones\/juntas-de-motores-de-construccion-y-mineria-mj-gasket\/","title":{"rendered":"Construcci\u00f3n y Miner\u00eda"},"content":{"rendered":"","protected":false},"excerpt":{"rendered":"","protected":false},"author":4,"featured_media":0,"parent":24783,"menu_order":0,"comment_status":"closed","ping_status":"closed","template":"page-child_application.php","meta":{"_acf_changed":false,"footnotes":""},"class_list":["post-24790","page","type-page","status-publish","hentry"],"acf":{"content_1":"<p>Las industrias de la construcci\u00f3n y la miner\u00eda operan a escala global, donde la confiabilidad, la sostenibilidad y la productividad son cruciales para el \u00e9xito. En MJ Gasket, entendemos la importancia de estas cualidades y poseemos la experiencia y la tecnolog\u00eda para cumplir con los exigentes requisitos de estas respetadas industrias. Ya se trate de equipos de construcci\u00f3n o maquinaria minera, ofrecemos soluciones que garantizan un rendimiento y una eficiencia \u00f3ptimos.<\/p>\n<p>MJ Gasket reconoce la importancia de la sostenibilidad en el mundo moderno. Nuestros productos est\u00e1n dise\u00f1ados teniendo en cuenta la sostenibilidad, centr\u00e1ndose en la eficiencia energ\u00e9tica y la responsabilidad ambiental. Al optimizar el rendimiento de los equipos de construcci\u00f3n y miner\u00eda, ayudamos a nuestros clientes a minimizar su huella ambiental y alcanzar sus objetivos de sostenibilidad.<\/p>\n<p>Cuando se asocia con MJ Gasket, obtiene acceso a un proveedor confiable que comprende las demandas de las industrias de la construcci\u00f3n y la miner\u00eda. Nuestro compromiso con la fiabilidad, la sostenibilidad y la productividad nos distingue, y nos esforzamos continuamente por superar las expectativas de los clientes. Con nuestra amplia gama de productos y servicio al cliente dedicado, estamos bien equipados para abordar las diversas necesidades de las aplicaciones de equipos de construcci\u00f3n y miner\u00eda.<\/p>\n","kv":"https:\/\/www.mjgasket.com\/wp-content\/uploads\/constructionMining_banner-1.png","title_app":"Aplicaci\u00f3n","content_app":"<ul>\n<li><a href=\"https:\/\/www.mjgasket.com\/es\/marcas\/caterpillar\/\">Caterpillar<\/a>C7, C9, C10, C11, C12, C13, C15, 3406E, C16, C18, C27, C32, 3512, 3516, 3518<\/li>\n<li><a href=\"https:\/\/www.mjgasket.com\/es\/marcas\/cummins\/\">Cummins<\/a>QSX15, QSK50, QSK60, QSK78, K19, K38, ISX12, ISX15<\/li>\n<li><a href=\"https:\/\/www.mjgasket.com\/es\/marcas\/komatsu\/\">Komatsu<\/a>4D92, 4D94, 4D95, S4D95, 4D102, 4D105, 4D120, 4D130, 6D114, 6D170, 6D155, 6D105, 6D110, S6D125, S6D170, S6D95, 6D140, S6D108, 6D130, S6D102E, 6D107, 12V140, SSDA18V170<\/li>\n<\/ul>\n","product":"\t\t<div class=\"product\" data-id=\"4334081\">\n\t\t\t<a href=\"https:\/\/www.mjgasket.com\/es\/producto\/4334081-junta-de-culata-para-cummins\/\" target=\"_self\" rel=\"noopener\">\n\t\t\t\t\t\t\t\t\t\t<div class=\"image\">\n\t\t\t\t\t\t\t<canvas id=\"canvas-4334081\"><\/canvas>\n\t\t\t\t\t\t<\/div>\n\t\t\t\t\t\t\t\t\t\t<div class=\"content\">\n\t\t\t\t\t<div class=\"productBrand\">\n\t\t\t\t\t\t<span class=\"item\">Cummins<\/span>\t\t\t\t\t<\/div>\n\t\t\t\t\t\t\t\t\t\t<div class=\"productType\">\n\t\t\t\t\t\t<span class=\"item\">.020 Sobredimensionado Junta de Culata <\/span>\t\t\t\t\t\t\n\t\t\t\t\t<\/div>\n\t\t\t\t\t<div class=\"productSku\">4334081<\/div>\n\t\t\t\t<\/div>\n\t\t\t<\/a> \n\t\t<\/div>\n\t\t\r\n\t\t<div class=\"product\" data-id=\"3649981\">\n\t\t\t<a href=\"https:\/\/www.mjgasket.com\/es\/producto\/3649981-junta-de-culata-para-cummins\/\" target=\"_self\" rel=\"noopener\">\n\t\t\t\t\t\t\t\t\t\t<div class=\"image\">\n\t\t\t\t\t\t\t<canvas id=\"canvas-3649981\"><\/canvas>\n\t\t\t\t\t\t<\/div>\n\t\t\t\t\t\t\t\t\t\t<div class=\"content\">\n\t\t\t\t\t<div class=\"productBrand\">\n\t\t\t\t\t\t<span class=\"item\">Cummins<\/span>\t\t\t\t\t<\/div>\n\t\t\t\t\t\t\t\t\t\t<div class=\"productType\">\n\t\t\t\t\t\t<span class=\"item\">Junta de Culata <\/span>\t\t\t\t\t\t\n\t\t\t\t\t<\/div>\n\t\t\t\t\t<div class=\"productSku\">3649981<\/div>\n\t\t\t\t<\/div>\n\t\t\t<\/a> \n\t\t<\/div>\n\t\t\r\n\t\t<div class=\"product\" data-id=\"3171306\">\n\t\t\t<a href=\"https:\/\/www.mjgasket.com\/es\/producto\/3171306-junta-de-cconexion-de-salida-de-escape-para-cummins\/\" target=\"_self\" rel=\"noopener\">\n\t\t\t\t\t\t\t\t\t\t<div class=\"image\">\n\t\t\t\t\t\t\t<canvas id=\"canvas-3171306\"><\/canvas>\n\t\t\t\t\t\t<\/div>\n\t\t\t\t\t\t\t\t\t\t<div class=\"content\">\n\t\t\t\t\t<div class=\"productBrand\">\n\t\t\t\t\t\t<span class=\"item\">Cummins<\/span>\t\t\t\t\t<\/div>\n\t\t\t\t\t\t\t\t\t\t<div class=\"productType\">\n\t\t\t\t\t\t<span class=\"item\">Junta de Conexi\u00f3n de Salida de Escape <\/span>\t\t\t\t\t\t\n\t\t\t\t\t<\/div>\n\t\t\t\t\t<div class=\"productSku\">3171306<\/div>\n\t\t\t\t<\/div>\n\t\t\t<\/a> \n\t\t<\/div>\n\t\t\r\n\t\t<div class=\"product\" data-id=\"3348583\">\n\t\t\t<a href=\"https:\/\/www.mjgasket.com\/es\/producto\/3348583-junta-de-valvula-reguladora-de-presion-para-cummins\/\" target=\"_self\" rel=\"noopener\">\n\t\t\t\t\t\t\t\t\t\t<div class=\"image\">\n\t\t\t\t\t\t\t<canvas id=\"canvas-3348583\"><\/canvas>\n\t\t\t\t\t\t<\/div>\n\t\t\t\t\t\t\t\t\t\t<div class=\"content\">\n\t\t\t\t\t<div class=\"productBrand\">\n\t\t\t\t\t\t<span class=\"item\">Cummins<\/span>\t\t\t\t\t<\/div>\n\t\t\t\t\t\t\t\t\t\t<div class=\"productType\">\n\t\t\t\t\t\t<span class=\"item\">Junta de V\u00e1lvula Reguladora de Presi\u00f3n <\/span>\t\t\t\t\t\t\n\t\t\t\t\t<\/div>\n\t\t\t\t\t<div class=\"productSku\">3348583<\/div>\n\t\t\t\t<\/div>\n\t\t\t<\/a> \n\t\t<\/div>\n\t\t","application_info":[{"title_type":"Junta de la bomba hidr\u00e1ulica","content_type":"<p>Adem\u00e1s de la junta de la cabeza, junta de escape, junta del c\u00e1rter de aceite, tambi\u00e9n ofrecemos juntas de la bomba hidr\u00e1ulica para los clientes.<\/p>\n<p>Los materiales ideales para las bombas hidr\u00e1ulicas son RCM y Caucho-metal. Las bombas hidr\u00e1ulicas trabajan bajo un ambiente de alta presi\u00f3n, la goma puede asegurar un mayor sellado y flexibilidad.<\/p>\n","title_type_app":"","content_type_app":"","product_type_app":"\t\t<div class=\"product\" data-id=\"70412-626\">\n\t\t\t<a href=\"https:\/\/www.mjgasket.com\/es\/producto\/70412-626-junta-para-eaton\/\" target=\"_self\" rel=\"noopener\">\n\t\t\t\t\t\t\t\t\t\t<div class=\"image\">\n\t\t\t\t\t\t\t<canvas id=\"canvas-70412-626\"><\/canvas>\n\t\t\t\t\t\t<\/div>\n\t\t\t\t\t\t\t\t\t\t<div class=\"content\">\n\t\t\t\t\t<div class=\"productBrand\">\n\t\t\t\t\t\t<span class=\"item\">Eaton<\/span>\t\t\t\t\t<\/div>\n\t\t\t\t\t\t\t\t\t\t<div class=\"productType\">\n\t\t\t\t\t\t<span class=\"item\">Junta <\/span>\t\t\t\t\t\t\n\t\t\t\t\t<\/div>\n\t\t\t\t\t<div class=\"productSku\">70412-626<\/div>\n\t\t\t\t<\/div>\n\t\t\t<\/a> \n\t\t<\/div>\n\t\t\r\n\t\t<div class=\"product\" data-id=\"513631\">\n\t\t\t<a href=\"https:\/\/www.mjgasket.com\/es\/producto\/513631-junta-de-bomba-para-vickers\/\" target=\"_self\" rel=\"noopener\">\n\t\t\t\t\t\t\t\t\t\t<div class=\"image\">\n\t\t\t\t\t\t\t<canvas id=\"canvas-513631\"><\/canvas>\n\t\t\t\t\t\t<\/div>\n\t\t\t\t\t\t\t\t\t\t<div class=\"content\">\n\t\t\t\t\t<div class=\"productBrand\">\n\t\t\t\t\t\t<span class=\"item\">Vickers<\/span>\t\t\t\t\t<\/div>\n\t\t\t\t\t\t\t\t\t\t<div class=\"productType\">\n\t\t\t\t\t\t<span class=\"item\">Junta de Bomba <\/span>\t\t\t\t\t\t\n\t\t\t\t\t<\/div>\n\t\t\t\t\t<div class=\"productSku\">513631<\/div>\n\t\t\t\t<\/div>\n\t\t\t<\/a> \n\t\t<\/div>\n\t\t\r\n\t\t<div class=\"product\" data-id=\"511809\">\n\t\t\t<a href=\"https:\/\/www.mjgasket.com\/es\/producto\/511809-junta-de-tapa-de-extremo-para-danfoss\/\" target=\"_self\" rel=\"noopener\">\n\t\t\t\t\t\t\t\t\t\t<div class=\"image\">\n\t\t\t\t\t\t\t<canvas id=\"canvas-511809\"><\/canvas>\n\t\t\t\t\t\t<\/div>\n\t\t\t\t\t\t\t\t\t\t<div class=\"content\">\n\t\t\t\t\t<div class=\"productBrand\">\n\t\t\t\t\t\t<span class=\"item\">Danfoss<\/span>\t\t\t\t\t<\/div>\n\t\t\t\t\t\t\t\t\t\t<div class=\"productType\">\n\t\t\t\t\t\t<span class=\"item\">Junta End Cap <\/span>\t\t\t\t\t\t\n\t\t\t\t\t<\/div>\n\t\t\t\t\t<div class=\"productSku\">511809<\/div>\n\t\t\t\t<\/div>\n\t\t\t<\/a> \n\t\t<\/div>\n\t\t\r\n\t\t<div class=\"product\" data-id=\"9T7780\">\n\t\t\t<a href=\"https:\/\/www.mjgasket.com\/es\/producto\/9t7780-junta-de-bomba-hidraulica-para-caterpillar\/\" target=\"_self\" rel=\"noopener\">\n\t\t\t\t\t\t\t\t\t\t<div class=\"image\">\n\t\t\t\t\t\t\t<canvas id=\"canvas-9T7780\"><\/canvas>\n\t\t\t\t\t\t<\/div>\n\t\t\t\t\t\t\t\t\t\t<div class=\"content\">\n\t\t\t\t\t<div class=\"productBrand\">\n\t\t\t\t\t\t<span class=\"item\">Caterpillar<\/span>\t\t\t\t\t<\/div>\n\t\t\t\t\t\t\t\t\t\t<div class=\"productType\">\n\t\t\t\t\t\t<span class=\"item\">Junta de Bomba Hidr\u00e1ulica <\/span>\t\t\t\t\t\t\n\t\t\t\t\t<\/div>\n\t\t\t\t\t<div class=\"productSku\">9T7780<\/div>\n\t\t\t\t<\/div>\n\t\t\t<\/a> \n\t\t<\/div>\n\t\t"}]},"_links":{"self":[{"href":"https:\/\/www.mjgasket.com\/es\/wp-json\/wp\/v2\/pages\/24790"}],"collection":[{"href":"https:\/\/www.mjgasket.com\/es\/wp-json\/wp\/v2\/pages"}],"about":[{"href":"https:\/\/www.mjgasket.com\/es\/wp-json\/wp\/v2\/types\/page"}],"author":[{"embeddable":true,"href":"https:\/\/www.mjgasket.com\/es\/wp-json\/wp\/v2\/users\/4"}],"replies":[{"embeddable":true,"href":"https:\/\/www.mjgasket.com\/es\/wp-json\/wp\/v2\/comments?post=24790"}],"version-history":[{"count":3,"href":"https:\/\/www.mjgasket.com\/es\/wp-json\/wp\/v2\/pages\/24790\/revisions"}],"predecessor-version":[{"id":24928,"href":"https:\/\/www.mjgasket.com\/es\/wp-json\/wp\/v2\/pages\/24790\/revisions\/24928"}],"up":[{"embeddable":true,"href":"https:\/\/www.mjgasket.com\/es\/wp-json\/wp\/v2\/pages\/24783"}],"wp:attachment":[{"href":"https:\/\/www.mjgasket.com\/es\/wp-json\/wp\/v2\/media?parent=24790"}],"curies":[{"name":"wp","href":"https:\/\/api.w.org\/{rel}","templated":true}]}}