{"id":24794,"date":"2023-05-26T13:43:50","date_gmt":"2023-05-26T05:43:50","guid":{"rendered":"https:\/\/www.mjgasket.com\/industrias-y-aplicaciones\/agricultural-engine-gaskets\/"},"modified":"2024-03-06T11:53:56","modified_gmt":"2024-03-06T03:53:56","slug":"agricultura-juntas-de-motores","status":"publish","type":"page","link":"https:\/\/www.mjgasket.com\/es\/industrias-y-aplicaciones\/agricultura-juntas-de-motores\/","title":{"rendered":"Agricultura"},"content":{"rendered":"","protected":false},"excerpt":{"rendered":"","protected":false},"author":4,"featured_media":0,"parent":24783,"menu_order":0,"comment_status":"closed","ping_status":"closed","template":"page-child_application.php","meta":{"_acf_changed":false,"footnotes":""},"class_list":["post-24794","page","type-page","status-publish","hentry"],"acf":{"content_1":"<p>En la agricultura moderna, la maquinaria agr\u00edcola juega un papel vital para garantizar la eficiencia y la productividad en el campo. Hoy en d\u00eda, los motores diesel se han convertido en la principal fuente de energ\u00eda para la maquinaria agr\u00edcola, ofreciendo numerosas ventajas sobre los prototipos anteriores. En MJ Gasket, reconocemos la importancia cr\u00edtica de los motores confiables y de alto rendimiento para satisfacer las necesidades de los agricultores.<\/p>\n<p>Los motores diesel han revolucionado la industria agr\u00edcola al ofrecer una mayor eficiencia, menor consumo de combustible y mayor potencia. Estos motores est\u00e1n dise\u00f1ados para proporcionar un rendimiento \u00f3ptimo y minimizar los requisitos de mantenimiento, lo que permite a los agricultores centrarse en sus operaciones sin tiempo de inactividad innecesario. Con su construcci\u00f3n robusta y tecnolog\u00eda avanzada, los motores diesel han demostrado ser una opci\u00f3n confiable y duradera para la maquinaria agr\u00edcola.<\/p>\n<p>En MJ Gasket, entendemos que los agricultores conf\u00edan en su maquinaria para rendir al m\u00e1ximo, especialmente durante las temporadas agr\u00edcolas cr\u00edticas. Es por eso que priorizamos el desarrollo y suministro de motores de primera categor\u00eda dise\u00f1ados espec\u00edficamente para maquinaria agr\u00edcola. Nos esforzamos constantemente por mantenernos a la vanguardia de la tecnolog\u00eda de motores, evolucionando y mejorando continuamente para satisfacer las demandas cambiantes de la industria agr\u00edcola.<\/p>\n","kv":"https:\/\/www.mjgasket.com\/wp-content\/uploads\/agriculture_banner-1.png","title_app":"Aplicaci\u00f3n","content_app":"<ul>\n<li><a href=\"https:\/\/www.mjgasket.com\/es\/marcas\/john-deere\/\">John Deere<\/a>4045, 6059, 6414, 6359, 6068, 6090<\/li>\n<li><a href=\"https:\/\/www.mjgasket.com\/es\/marcas\/kubota\/\">Kubota<\/a>V1505, V1702, V1902, V2203, V2403, V3300, V3600, V3800, V4300<\/li>\n<li><a href=\"https:\/\/www.mjgasket.com\/es\/marcas\/case-ih-new-holland\/\">Case IH &amp; New Holland<\/a><\/li>\n<li><a href=\"https:\/\/www.mjgasket.com\/es\/marcas\/yanmar\/\">Yanmar<\/a>3TNSERIES, 4TN SERIES<\/li>\n<\/ul>\n","application_info":[{"title_type":"Junta de Bomba Hidr\u00e1ulica","content_type":"<p>Adem\u00e1s de junta de culata, junta de escape y junta de c\u00e1rter de aceite, tambi\u00e9n ofrecemos juntas de bomba hidr\u00e1ulica para los clientes.<\/p>\n<p>Los materiales ideales para junta de bomba hidr\u00e1ulica son acero con revestimiento avanzado y caucho-metal. La bomba hidr\u00e1ulica trabaja bajo un ambiente de alta presi\u00f3n, el caucho puede asegurar un mayor sellado y flexibilidad.<\/p>\n","title_type_app":"","content_type_app":"","product_type_app":"\t\t<div class=\"product\" data-id=\"N203470\">\n\t\t\t<a href=\"https:\/\/www.mjgasket.com\/es\/producto\/n203470-junta-de-bomba-hidraulica-para-john-deere\/\" target=\"_self\" rel=\"noopener\">\n\t\t\t\t\t\t\t\t\t\t<div class=\"image\">\n\t\t\t\t\t\t\t<canvas id=\"canvas-N203470\"><\/canvas>\n\t\t\t\t\t\t<\/div>\n\t\t\t\t\t\t\t\t\t\t<div class=\"content\">\n\t\t\t\t\t<div class=\"productBrand\">\n\t\t\t\t\t\t<span class=\"item\">John Deere<\/span>\t\t\t\t\t<\/div>\n\t\t\t\t\t\t\t\t\t\t<div class=\"productType\">\n\t\t\t\t\t\t<span class=\"item\">Junta de Bomba Hidr\u00e1ulica <\/span>\t\t\t\t\t\t\n\t\t\t\t\t<\/div>\n\t\t\t\t\t<div class=\"productSku\">N203470<\/div>\n\t\t\t\t<\/div>\n\t\t\t<\/a> \n\t\t<\/div>\n\t\t\r\n\t\t<div class=\"product\" data-id=\"303709A1\">\n\t\t\t<a href=\"https:\/\/www.mjgasket.com\/es\/producto\/303709a1-sello-adaptador-filtro-para-case-ih-new-holland\/\" target=\"_self\" rel=\"noopener\">\n\t\t\t\t\t\t\t\t\t\t<div class=\"image\">\n\t\t\t\t\t\t\t<canvas id=\"canvas-303709A1\"><\/canvas>\n\t\t\t\t\t\t<\/div>\n\t\t\t\t\t\t\t\t\t\t<div class=\"content\">\n\t\t\t\t\t<div class=\"productBrand\">\n\t\t\t\t\t\t<span class=\"item\">CASE IH &amp; New Holland<\/span>\t\t\t\t\t<\/div>\n\t\t\t\t\t\t\t\t\t\t<div class=\"productType\">\n\t\t\t\t\t\t<span class=\"item\">Sello Adaptador Filtro <\/span>\t\t\t\t\t\t\n\t\t\t\t\t<\/div>\n\t\t\t\t\t<div class=\"productSku\">303709A1<\/div>\n\t\t\t\t<\/div>\n\t\t\t<\/a> \n\t\t<\/div>\n\t\t\r\n\t\t<div class=\"product\" data-id=\"9T1752\">\n\t\t\t<a href=\"https:\/\/www.mjgasket.com\/es\/producto\/9t1752-junta-de-bomba-hidraulica-para-caterpillar\/\" target=\"_self\" rel=\"noopener\">\n\t\t\t\t\t\t\t\t\t\t<div class=\"image\">\n\t\t\t\t\t\t\t<canvas id=\"canvas-9T1752\"><\/canvas>\n\t\t\t\t\t\t<\/div>\n\t\t\t\t\t\t\t\t\t\t<div class=\"content\">\n\t\t\t\t\t<div class=\"productBrand\">\n\t\t\t\t\t\t<span class=\"item\">Caterpillar<\/span>\t\t\t\t\t<\/div>\n\t\t\t\t\t\t\t\t\t\t<div class=\"productType\">\n\t\t\t\t\t\t<span class=\"item\">Junta de Bomba Hidr\u00e1ulica <\/span>\t\t\t\t\t\t\n\t\t\t\t\t<\/div>\n\t\t\t\t\t<div class=\"productSku\">9T1752<\/div>\n\t\t\t\t<\/div>\n\t\t\t<\/a> \n\t\t<\/div>\n\t\t\r\n\t\t<div class=\"product\" data-id=\"86517206\">\n\t\t\t<a href=\"https:\/\/www.mjgasket.com\/es\/producto\/86517206-junta-de-bomba-hidraulica-para-case-ih-new-holland\/\" target=\"_self\" rel=\"noopener\">\n\t\t\t\t\t\t\t\t\t\t<div class=\"image\">\n\t\t\t\t\t\t\t<canvas id=\"canvas-86517206\"><\/canvas>\n\t\t\t\t\t\t<\/div>\n\t\t\t\t\t\t\t\t\t\t<div class=\"content\">\n\t\t\t\t\t<div class=\"productBrand\">\n\t\t\t\t\t\t<span class=\"item\">CASE IH &amp; New Holland<\/span>\t\t\t\t\t<\/div>\n\t\t\t\t\t\t\t\t\t\t<div class=\"productType\">\n\t\t\t\t\t\t<span class=\"item\">Junta de Bomba Hidr\u00e1ulica <\/span>\t\t\t\t\t\t\n\t\t\t\t\t<\/div>\n\t\t\t\t\t<div class=\"productSku\">86517206<\/div>\n\t\t\t\t<\/div>\n\t\t\t<\/a> \n\t\t<\/div>\n\t\t"}],"product":"\t\t<div class=\"product\" data-id=\"YM129902-01331\">\n\t\t\t<a href=\"https:\/\/www.mjgasket.com\/es\/producto\/ym129902-01331-junta-de-culata-para-yanmar\/\" target=\"_self\" rel=\"noopener\">\n\t\t\t\t\t\t\t\t\t\t<div class=\"image\">\n\t\t\t\t\t\t\t<canvas id=\"canvas-YM129902-01331\"><\/canvas>\n\t\t\t\t\t\t<\/div>\n\t\t\t\t\t\t\t\t\t\t<div class=\"content\">\n\t\t\t\t\t<div class=\"productBrand\">\n\t\t\t\t\t\t<span class=\"item\">Yanmar<\/span>\t\t\t\t\t<\/div>\n\t\t\t\t\t\t\t\t\t\t<div class=\"productType\">\n\t\t\t\t\t\t<span class=\"item\">Junta de Culata <\/span>\t\t\t\t\t\t\n\t\t\t\t\t<\/div>\n\t\t\t\t\t<div class=\"productSku\">YM129902-01331<\/div>\n\t\t\t\t<\/div>\n\t\t\t<\/a> \n\t\t<\/div>\n\t\t\r\n\t\t<div class=\"product\" data-id=\"19077-03310\">\n\t\t\t<a href=\"https:\/\/www.mjgasket.com\/es\/producto\/19077-03310-junta-de-culata-para-kubota\/\" target=\"_self\" rel=\"noopener\">\n\t\t\t\t\t\t\t\t\t\t<div class=\"image\">\n\t\t\t\t\t\t\t<canvas id=\"canvas-19077-03310\"><\/canvas>\n\t\t\t\t\t\t<\/div>\n\t\t\t\t\t\t\t\t\t\t<div class=\"content\">\n\t\t\t\t\t<div class=\"productBrand\">\n\t\t\t\t\t\t<span class=\"item\">Kubota<\/span>\t\t\t\t\t<\/div>\n\t\t\t\t\t\t\t\t\t\t<div class=\"productType\">\n\t\t\t\t\t\t<span class=\"item\">Junta de Culata <\/span>\t\t\t\t\t\t\n\t\t\t\t\t<\/div>\n\t\t\t\t\t<div class=\"productSku\">19077-03310<\/div>\n\t\t\t\t<\/div>\n\t\t\t<\/a> \n\t\t<\/div>\n\t\t\r\n\t\t<div class=\"product\" data-id=\"R534605\">\n\t\t\t<a href=\"https:\/\/www.mjgasket.com\/es\/producto\/r534605-junta-de-multiple-de-escape-para-john-deere\/\" target=\"_self\" rel=\"noopener\">\n\t\t\t\t\t\t\t\t\t\t<div class=\"image\">\n\t\t\t\t\t\t\t<canvas id=\"canvas-R534605\"><\/canvas>\n\t\t\t\t\t\t<\/div>\n\t\t\t\t\t\t\t\t\t\t<div class=\"content\">\n\t\t\t\t\t<div class=\"productBrand\">\n\t\t\t\t\t\t<span class=\"item\">John Deere<\/span>\t\t\t\t\t<\/div>\n\t\t\t\t\t\t\t\t\t\t<div class=\"productType\">\n\t\t\t\t\t\t<span class=\"item\">Junta de Multiple de Escape <\/span>\t\t\t\t\t\t\n\t\t\t\t\t<\/div>\n\t\t\t\t\t<div class=\"productSku\">R534605<\/div>\n\t\t\t\t<\/div>\n\t\t\t<\/a> \n\t\t<\/div>\n\t\t\r\n\t\t<div class=\"product\" data-id=\"R532724\">\n\t\t\t<a href=\"https:\/\/www.mjgasket.com\/es\/producto\/r532724-junta-para-john-deere\/\" target=\"_self\" rel=\"noopener\">\n\t\t\t\t\t\t\t\t\t\t<div class=\"image\">\n\t\t\t\t\t\t\t<canvas id=\"canvas-R532724\"><\/canvas>\n\t\t\t\t\t\t<\/div>\n\t\t\t\t\t\t\t\t\t\t<div class=\"content\">\n\t\t\t\t\t<div class=\"productBrand\">\n\t\t\t\t\t\t<span class=\"item\">John Deere<\/span>\t\t\t\t\t<\/div>\n\t\t\t\t\t\t\t\t\t\t<div class=\"productType\">\n\t\t\t\t\t\t<span class=\"item\">Junta de Colector de Admisi\u00f3n <\/span>\t\t\t\t\t\t\n\t\t\t\t\t<\/div>\n\t\t\t\t\t<div class=\"productSku\">R532724<\/div>\n\t\t\t\t<\/div>\n\t\t\t<\/a> \n\t\t<\/div>\n\t\t "},"_links":{"self":[{"href":"https:\/\/www.mjgasket.com\/es\/wp-json\/wp\/v2\/pages\/24794"}],"collection":[{"href":"https:\/\/www.mjgasket.com\/es\/wp-json\/wp\/v2\/pages"}],"about":[{"href":"https:\/\/www.mjgasket.com\/es\/wp-json\/wp\/v2\/types\/page"}],"author":[{"embeddable":true,"href":"https:\/\/www.mjgasket.com\/es\/wp-json\/wp\/v2\/users\/4"}],"replies":[{"embeddable":true,"href":"https:\/\/www.mjgasket.com\/es\/wp-json\/wp\/v2\/comments?post=24794"}],"version-history":[{"count":4,"href":"https:\/\/www.mjgasket.com\/es\/wp-json\/wp\/v2\/pages\/24794\/revisions"}],"predecessor-version":[{"id":24956,"href":"https:\/\/www.mjgasket.com\/es\/wp-json\/wp\/v2\/pages\/24794\/revisions\/24956"}],"up":[{"embeddable":true,"href":"https:\/\/www.mjgasket.com\/es\/wp-json\/wp\/v2\/pages\/24783"}],"wp:attachment":[{"href":"https:\/\/www.mjgasket.com\/es\/wp-json\/wp\/v2\/media?parent=24794"}],"curies":[{"name":"wp","href":"https:\/\/api.w.org\/{rel}","templated":true}]}}