{"id":37586,"date":"2024-04-12T13:55:03","date_gmt":"2024-04-12T05:55:03","guid":{"rendered":"https:\/\/www.mjgasket.com\/?page_id=37586"},"modified":"2024-04-15T16:58:19","modified_gmt":"2024-04-15T08:58:19","slug":"esg","status":"publish","type":"page","link":"https:\/\/www.mjgasket.com\/es\/esg\/","title":{"rendered":"ESG"},"content":{"rendered":"<p>MJ Gasket est\u00e1 continuamente fortaleciendo su enfoque en ESG, integrando proactivamente la protecci\u00f3n ambiental, la responsabilidad social y la gobernanza corporativa en las operaciones de la empresa. Este enfoque no solo demuestra nuestro \u00e9nfasis en el valor de la marca MJ Gasket, sino que tambi\u00e9n mejora nuestra ventaja competitiva en el mercado, atrayendo a m\u00e1s socios y profesionales que comparten la misma visi\u00f3n. A trav\u00e9s de un esfuerzo continuo, estamos comprometidos a alcanzar los objetivos de desarrollo sostenible y a hacer contribuciones positivas a la sociedad y al medio ambiente.<\/p>\n","protected":false},"excerpt":{"rendered":"<p>MJ Gasket est\u00e1 continuamente fortaleciendo su enfoque en ESG, integrando proactivamente la protecci\u00f3n ambiental, la responsabilidad social y la gobernanza<\/p>\n","protected":false},"author":4,"featured_media":0,"parent":0,"menu_order":0,"comment_status":"closed","ping_status":"closed","template":"page-esg.php","meta":{"_acf_changed":false,"footnotes":""},"class_list":["post-37586","page","type-page","status-publish","hentry"],"acf":false,"_links":{"self":[{"href":"https:\/\/www.mjgasket.com\/es\/wp-json\/wp\/v2\/pages\/37586"}],"collection":[{"href":"https:\/\/www.mjgasket.com\/es\/wp-json\/wp\/v2\/pages"}],"about":[{"href":"https:\/\/www.mjgasket.com\/es\/wp-json\/wp\/v2\/types\/page"}],"author":[{"embeddable":true,"href":"https:\/\/www.mjgasket.com\/es\/wp-json\/wp\/v2\/users\/4"}],"replies":[{"embeddable":true,"href":"https:\/\/www.mjgasket.com\/es\/wp-json\/wp\/v2\/comments?post=37586"}],"version-history":[{"count":2,"href":"https:\/\/www.mjgasket.com\/es\/wp-json\/wp\/v2\/pages\/37586\/revisions"}],"predecessor-version":[{"id":37592,"href":"https:\/\/www.mjgasket.com\/es\/wp-json\/wp\/v2\/pages\/37586\/revisions\/37592"}],"wp:attachment":[{"href":"https:\/\/www.mjgasket.com\/es\/wp-json\/wp\/v2\/media?parent=37586"}],"curies":[{"name":"wp","href":"https:\/\/api.w.org\/{rel}","templated":true}]}}