{"id":26384,"date":"2022-02-23T09:08:59","date_gmt":"2022-02-23T09:08:59","guid":{"rendered":"https:\/\/www.mjgasket.com\/custom-gasket\/"},"modified":"2024-02-27T16:16:45","modified_gmt":"2024-02-27T08:16:45","slug":"gia-cong-gioang-theo-yeu-cau","status":"publish","type":"page","link":"https:\/\/www.mjgasket.com\/vi\/gia-cong-gioang-theo-yeu-cau\/","title":{"rendered":"Gia C\u00f4ng  Gio\u0103ng Theo Y\u00eau C\u1ea7u"},"content":{"rendered":"","protected":false},"excerpt":{"rendered":"","protected":false},"author":4,"featured_media":26385,"parent":0,"menu_order":0,"comment_status":"closed","ping_status":"closed","template":"page-gst.php","meta":{"_acf_changed":false,"footnotes":""},"class_list":["post-26384","page","type-page","status-publish","has-post-thumbnail","hentry"],"acf":false,"_links":{"self":[{"href":"https:\/\/www.mjgasket.com\/vi\/wp-json\/wp\/v2\/pages\/26384"}],"collection":[{"href":"https:\/\/www.mjgasket.com\/vi\/wp-json\/wp\/v2\/pages"}],"about":[{"href":"https:\/\/www.mjgasket.com\/vi\/wp-json\/wp\/v2\/types\/page"}],"author":[{"embeddable":true,"href":"https:\/\/www.mjgasket.com\/vi\/wp-json\/wp\/v2\/users\/4"}],"replies":[{"embeddable":true,"href":"https:\/\/www.mjgasket.com\/vi\/wp-json\/wp\/v2\/comments?post=26384"}],"version-history":[{"count":1,"href":"https:\/\/www.mjgasket.com\/vi\/wp-json\/wp\/v2\/pages\/26384\/revisions"}],"predecessor-version":[{"id":26386,"href":"https:\/\/www.mjgasket.com\/vi\/wp-json\/wp\/v2\/pages\/26384\/revisions\/26386"}],"wp:featuredmedia":[{"embeddable":true,"href":"https:\/\/www.mjgasket.com\/vi\/wp-json\/wp\/v2\/media\/26385"}],"wp:attachment":[{"href":"https:\/\/www.mjgasket.com\/vi\/wp-json\/wp\/v2\/media?parent=26384"}],"curies":[{"name":"wp","href":"https:\/\/api.w.org\/{rel}","templated":true}]}}