{"id":26388,"date":"2022-02-23T09:21:35","date_gmt":"2022-02-23T09:21:35","guid":{"rendered":"https:\/\/www.mjgasket.com\/gia-cong-gioang-theo-yeu-cau\/elastomer\/"},"modified":"2024-04-08T12:39:19","modified_gmt":"2024-04-08T04:39:19","slug":"elastomer","status":"publish","type":"page","link":"https:\/\/www.mjgasket.com\/vi\/gia-cong-gioang-theo-yeu-cau\/elastomer\/","title":{"rendered":"T\u00f9y Ch\u1ec9nh V\u1eadt Li\u1ec7u Gio\u0103ng Cao Su &#8211; Elastomer"},"content":{"rendered":"<p>Gio\u0103ng cao su l\u00e0 m\u1ed9t v\u1eadt li\u1ec7u ph\u1ed5 bi\u1ebfn v\u00e0 mang t\u00ednh \u1ee9ng d\u1ee5ng \u0111a d\u1ea1ng, c\u00f3 th\u1ec3 c\u00f3 nhi\u1ec1u h\u00ecnh d\u1ea1ng kh\u00e1c nhau v\u00e0 \u0111\u01b0\u1ee3c s\u1eed d\u1ee5ng r\u1ed9ng r\u00e3i trong nhi\u1ec1u ng\u00e0nh c\u00f4ng nghi\u1ec7p. Trong l\u0129nh v\u1ef1c \u0111\u1ed9ng c\u01a1, ch\u00fang ta th\u01b0\u1eddng th\u1ea5y gio\u0103ng cao su \u0111\u01b0\u1ee3c s\u1eed d\u1ee5ng \u1edf nhi\u1ec1u v\u1ecb tr\u00ed; t\u1eeb gio\u0103ng \u0111\u1ea7u xi-lanh, gio\u0103ng n\u1eafp gi\u00e0n c\u00f2, gio\u0103ng cao su ch\u00e8n khe, gio\u0103ng h\u1ed9p d\u1ea7u. Nh\u1edd v\u00e0o s\u1ef1 \u0111a d\u1ea1ng c\u1ee7a c\u00e1c lo\u1ea1i cao su kh\u00e1c nhau, b\u1ea1n c\u00f3 th\u1ec3 d\u1ec5 d\u00e0ng l\u1ef1a ch\u1ecdn v\u1eadt li\u1ec7u cao su ph\u00f9 h\u1ee3p cho m\u1ed7i lo\u1ea1i <a href=\"https:\/\/www.mjgasket.com\/vi\/phan-loai\/\">gio\u0103ng<\/a> t\u00f9y thu\u1ed9c v\u00e0o m\u1ee5c \u0111\u00edch s\u1eed d\u1ee5ng c\u1ee5 th\u1ec3.<\/p>\n<p>T\u1eeb nhi\u1ec7t \u0111\u1ed9 cao \u0111\u1ebfn nhi\u1ec7t \u0111\u1ed9 th\u1ea5p, t\u1eeb khu v\u1ef1c \u00e1p su\u1ea5t cao \u0111\u1ebfn khu v\u1ef1c kh\u00f4ng \u00e1p su\u1ea5t cao trong m\u1ed9t \u0111\u1ed9ng c\u01a1, ch\u00fang t\u00f4i cung c\u1ea5p cao su NBR, HNBR, EPDM, ACM, AEM, SILICONE, FKM \u0111\u1ec3 ph\u00f9 h\u1ee3p v\u1edbi c\u00e1c \u0111i\u1ec1u ki\u1ec7n k\u1ebft h\u1ee3p kh\u00e1c nhau nh\u01b0 \u0111\u00e3 n\u00eau tr\u00ean. Cao su th\u01b0\u1eddng \u0111\u01b0\u1ee3c k\u1ebft h\u1ee3p v\u1edbi kim lo\u1ea1i \u0111\u1ec3 t\u0103ng c\u01b0\u1eddng ch\u1ee9c n\u0103ng c\u1ee7a gio\u0103ng. Xem th\u00eam v\u1ec1 <a href=\"#\">V\u1eadt Li\u1ec7u Cao Su K\u1eb9p Kim lo\u1ea1i<\/a> v\u00e0 <a href=\"#\">Th\u00e9p C\u00f3 L\u1edbp Ph\u1ee7 Ti\u00ean Ti\u1ebfn<\/a> \u0111\u1ec3 bi\u1ebft th\u00eam chi ti\u1ebft.<\/p>\n<p>MJ ti\u1ebfp t\u1ee5c cung c\u1ea5p cho b\u1ea1n c\u00e1c lo\u1ea1i gio\u0103ng cao su t\u00f9y ch\u1ec9nh ph\u00f9 h\u1ee3p v\u1edbi nhu c\u1ea7u c\u1ee7a b\u1ea1n. Ch\u00fang t\u00f4i cung c\u1ea5p gio\u0103ng cao su t\u00f9y ch\u1ec9nh trong m\u1ed9t lo\u1ea1t c\u00e1c v\u1eadt li\u1ec7u cao su, bao g\u1ed3m:<\/p>\n<ul>\n<li><strong>Cao su NBR (cao su Nitrile)<\/strong><br \/>\n\u0110\u1ed9 c\u1ee9ng (Shore A): 40-90<br \/>\nKh\u1ea3 n\u0103ng ch\u1ecbu nhi\u1ec7t c\u1ee7a cao su NBR t\u1eeb -35 \u0111\u1ebfn +120 \u00b0C<\/li>\n<li><strong>Cao su HNBR (cao su Nitrile Hydro h\u00f3a)<\/strong><br \/>\n\u0110\u1ed9 c\u1ee9ng (Shore A): 40-90<br \/>\nKh\u1ea3 n\u0103ng ch\u1ecbu nhi\u1ec7t c\u1ee7a cao su HNBR t\u1eeb -40 \u0111\u1ebfn +165 \u00b0C<\/li>\n<li><strong>Cao su EPDM (Ethylene Propylene Diene Monomer)<\/strong><br \/>\n\u0110\u1ed9 c\u1ee9ng (Shore A): 40-90<br \/>\nKh\u1ea3 n\u0103ng ch\u1ecbu nhi\u1ec7t c\u1ee7a cao su EPDM t\u1eeb -55 \u0111\u1ebfn +165 \u00b0C<\/li>\n<li><strong>Cao su ACM (Polyacrylate)<\/strong><br \/>\n\u0110\u1ed9 c\u1ee9ng (Shore A): 60-90<br \/>\nKh\u1ea3 n\u0103ng ch\u1ecbu nhi\u1ec7t c\u1ee7a cao su ACM t\u1eeb 0 \u0111\u1ebfn +150 \u00b0C<\/li>\n<li><strong>Cao su AEM (Ethylene acrylic elastomer)<\/strong><br \/>\n\u0110\u1ed9 c\u1ee9ng (Shore A): 40-85<br \/>\nKh\u1ea3 n\u0103ng ch\u1ecbu nhi\u1ec7t c\u1ee7a cao su AEM t\u1eeb 0 \u0111\u1ebfn +150 \u00b0C<\/li>\n<li><strong>Cao su Viton (FKM)<\/strong><br \/>\n\u0110\u1ed9 c\u1ee9ng (Shore A): 55-90<br \/>\nKh\u1ea3 n\u0103ng ch\u1ecbu nhi\u1ec7t c\u1ee7a cao su Viton -26 \u0111\u1ebfn +205\/230 \u00b0C<\/li>\n<li><strong>SILICONE<\/strong><br \/>\n\u0110\u1ed9 c\u1ee9ng (Shore A): 30-90<br \/>\nKh\u1ea3 n\u0103ng ch\u1ecbu nhi\u1ec7t c\u1ee7a Sillicone t\u1eeb -40 \u0111\u1ebfn +200 \u00b0C<\/li>\n<\/ul>\n<p><span style=\"font-size: 10pt;\"><strong>Th\u00f4ng B\u00e1o Quan Tr\u1ecdng: S\u1ea3n ph\u1ea9m ch\u00ednh c\u1ee7a ch\u00fang t\u00f4i l\u00e0 gio\u0103ng thay th\u1ebf (aftermarket) cho \u0111\u1ed9ng c\u01a1 diesel c\u00f4ng nghi\u1ec7p n\u1eb7ng. \u0110\u1ec3 nh\u1eadn b\u00e1o gi\u00e1, c\u00f3 th\u1ec3 b\u1ea1n s\u1ebd c\u1ea7n m\u1ed9t s\u1ed1 l\u01b0\u1ee3ng \u0111\u1eb7t h\u00e0ng t\u1ed1i thi\u1ec3u (MOQ).<\/strong><\/span><\/p>\n","protected":false},"excerpt":{"rendered":"<p>Gio\u0103ng cao su l\u00e0 m\u1ed9t v\u1eadt li\u1ec7u ph\u1ed5 bi\u1ebfn v\u00e0 mang t\u00ednh \u1ee9ng d\u1ee5ng \u0111a d\u1ea1ng, c\u00f3 th\u1ec3 c\u00f3 nhi\u1ec1u<\/p>\n","protected":false},"author":4,"featured_media":26389,"parent":26384,"menu_order":0,"comment_status":"closed","ping_status":"closed","template":"page-gstChild.php","meta":{"_acf_changed":false,"footnotes":""},"class_list":["post-26388","page","type-page","status-publish","has-post-thumbnail","hentry"],"acf":{"suitableTypes":[{"term_id":412,"name":"Gio\u0103ng B\u01a1m D\u1ea7u Cao \u00c1p","slug":"gioang-bom-dau-cao-ap","term_group":0,"term_taxonomy_id":412,"taxonomy":"types","description":"Cummins, Navistar, Ford","parent":0,"count":19,"filter":"raw"},{"term_id":397,"name":"Gio\u0103ng \u0110\u00e1y C\u00e1c Te D\u1ea7u","slug":"gioang-day-cac-te-dau","term_group":0,"term_taxonomy_id":397,"taxonomy":"types","description":"CAT, Cummins, DD, John Deere, Mack, MTU, Navistar, Volvo","parent":0,"count":105,"filter":"raw"},{"term_id":406,"name":"Gio\u0103ng N\u1eafp Gi\u00e0n C\u00f2","slug":"gioang-nap-gian-co","term_group":0,"term_taxonomy_id":406,"taxonomy":"types","description":"CAT, Cummins, DD, Deutz, GM, John Deere, Navistar","parent":0,"count":183,"filter":"raw"},{"term_id":389,"name":"Gio\u0103ng N\u1eafp Tr\u01b0\u1edbc &amp; Gio\u0103ng N\u1eafp Sau","slug":"gioang-nap-truoc-gioang-nap-sau","term_group":0,"term_taxonomy_id":389,"taxonomy":"types","description":"CAT, Cummins, DD, Deutz, Ford, Navistar, Volvo","parent":0,"count":109,"filter":"raw"},{"term_id":384,"name":"Gio\u0103ng \u1ed0ng Tho\u00e1t Kh\u00ed Cacte","slug":"gioang-ong-thoat-khi-cacte","term_group":0,"term_taxonomy_id":384,"taxonomy":"types","description":"Cummins, Caterpillar, DD, MTU, Navistar, Volvo","parent":0,"count":36,"filter":"raw"},{"term_id":404,"name":"Gio\u0103ng Turbo T\u0103ng \u00c1p","slug":"gioang-turbo-actuator","term_group":0,"term_taxonomy_id":404,"taxonomy":"types","description":"Cummins, Holset, DD, Volvo, Paccar, Mack","parent":0,"count":21,"filter":"raw"},{"term_id":398,"name":"O-ring","slug":"o-ring-vi","term_group":0,"term_taxonomy_id":398,"taxonomy":"types","description":"CAT, Cummins, DD, GM, John Deere, Komatsu, MTU, Navistar, Volvo","parent":0,"count":848,"filter":"raw"},{"term_id":400,"name":"Ph\u1edbt Pip Seal","slug":"phot-pip-seal","term_group":0,"term_taxonomy_id":400,"taxonomy":"types","description":"Caterpillar, Deutz","parent":0,"count":22,"filter":"raw"}]},"_links":{"self":[{"href":"https:\/\/www.mjgasket.com\/vi\/wp-json\/wp\/v2\/pages\/26388"}],"collection":[{"href":"https:\/\/www.mjgasket.com\/vi\/wp-json\/wp\/v2\/pages"}],"about":[{"href":"https:\/\/www.mjgasket.com\/vi\/wp-json\/wp\/v2\/types\/page"}],"author":[{"embeddable":true,"href":"https:\/\/www.mjgasket.com\/vi\/wp-json\/wp\/v2\/users\/4"}],"replies":[{"embeddable":true,"href":"https:\/\/www.mjgasket.com\/vi\/wp-json\/wp\/v2\/comments?post=26388"}],"version-history":[{"count":4,"href":"https:\/\/www.mjgasket.com\/vi\/wp-json\/wp\/v2\/pages\/26388\/revisions"}],"predecessor-version":[{"id":37260,"href":"https:\/\/www.mjgasket.com\/vi\/wp-json\/wp\/v2\/pages\/26388\/revisions\/37260"}],"up":[{"embeddable":true,"href":"https:\/\/www.mjgasket.com\/vi\/wp-json\/wp\/v2\/pages\/26384"}],"wp:featuredmedia":[{"embeddable":true,"href":"https:\/\/www.mjgasket.com\/vi\/wp-json\/wp\/v2\/media\/26389"}],"wp:attachment":[{"href":"https:\/\/www.mjgasket.com\/vi\/wp-json\/wp\/v2\/media?parent=26388"}],"curies":[{"name":"wp","href":"https:\/\/api.w.org\/{rel}","templated":true}]}}