{"id":26396,"date":"2022-02-23T09:19:15","date_gmt":"2022-02-23T09:19:15","guid":{"rendered":"https:\/\/www.mjgasket.com\/gia-cong-gioang-theo-yeu-cau\/metal-plastic-bonded-with-rubber\/"},"modified":"2024-03-19T13:47:16","modified_gmt":"2024-03-19T05:47:16","slug":"thep-kep-voi-hop-cao-su","status":"publish","type":"page","link":"https:\/\/www.mjgasket.com\/vi\/gia-cong-gioang-theo-yeu-cau\/thep-kep-voi-hop-cao-su\/","title":{"rendered":"Kim Lo\u1ea1i\/Nh\u1ef1a K\u1eb9p V\u1edbi Cao Su | T\u00f9y Ch\u1ec9nh V\u1eadt Li\u1ec7u Gio\u0103ng"},"content":{"rendered":"<p>&#8220;K\u1ebft d\u00ednh cao su v\u1edbi kim lo\u1ea1i l\u00e0 qu\u00e1 tr\u00ecnh cao su \u0111\u01b0\u1ee3c li\u00ean k\u1ebft c\u01a1 kh\u00ed v\u1edbi kim lo\u1ea1i trong qu\u00e1 tr\u00ecnh \u0111\u00fac cao su. Quy tr\u00ecnh n\u00e0y cung c\u1ea5p m\u1ed9t c\u00e1ch \u0111\u01a1n gi\u1ea3n v\u00e0 hi\u1ec7u qu\u1ea3 \u0111\u1ec3 k\u1ebft d\u00ednh nhi\u1ec1u lo\u1ea1i cao su kh\u00e1c nhau v\u00e0o b\u1ec1 m\u1eb7t. Do \u0111\u00f3, \u0111\u00e2y l\u00e0 m\u1ed9t quy tr\u00ecnh l\u00fd t\u01b0\u1edfng \u0111\u1ec3 s\u1ea3n xu\u1ea5t c\u00e1c ph\u1ee5 t\u00f9ng.<\/p>\n<p>M\u1ed9t trong nh\u1eefng lo\u1ea1i k\u1ebft d\u00ednh cao su v\u1edbi kim lo\u1ea1i l\u00e0 gio\u0103ng th\u00e9p \u0111\u00fac b\u1ec1 m\u1eb7t (Over Molded Steel Gaskets). Lo\u1ea1i n\u00e0y \u0111\u1eb7c bi\u1ec7t m\u1ea1nh m\u1ebd v\u00e0 b\u1ec1n b\u1ec9. Gio\u0103ng th\u00e9p \u0111\u00fac b\u1ec1 n\u1eb7t kh\u00f4ng ch\u1ec9 c\u00f3 t\u00ednh linh ho\u1ea1t c\u1ee7a cao su m\u00e0 c\u00f2n c\u00f3 t\u00ednh \u1ed5n \u0111\u1ecbnh c\u1ee7a kim lo\u1ea1i.<\/p>\n<p>Gasket v\u1eadn chuy\u1ec3n (Carrier gasket) l\u00e0 m\u1ed9t lo\u1ea1i gio\u0103ng c\u00f3 ph\u1edbt elastomer \u0111\u01b0\u1ee3c li\u00ean k\u1ebft v\u1edbi m\u1ed9t khung nh\u1ef1a ho\u1eb7c kim lo\u1ea1i. N\u00f3 c\u00f3 th\u1ec3 \u0111\u01b0\u1ee3c \u00e1p d\u1ee5ng trong <a href=\"https:\/\/www.mjgasket.com\/vi\/phan-loai\/gioang-mat-may\/\">gio\u0103ng m\u1eb7t m\u00e1y<\/a>, <a href=\"https:\/\/www.mjgasket.com\/vi\/phan-loai\/gioang-co-xa\/\">gio\u0103ng \u1ed1ng x\u1ea3<\/a>, <a href=\"https:\/\/www.mjgasket.com\/vi\/phan-loai\/gioang-day-cac-te-dau\/\">gio\u0103ng \u0111\u00e1y c\u00e1c te d\u1ea7u<\/a>, v\u00e0 h\u1ea7u h\u1ebft c\u00e1c lo\u1ea1i gio\u0103ng kh\u00e1c y\u00eau c\u1ea7u kh\u1ea3 n\u0103ng ch\u1ecbu nhi\u1ec7t v\u00e0 \u00e1p su\u1ea5t cao.<\/p>\n<p>MJ cung c\u1ea5p \u0111a d\u1ea1ng v\u1eadt li\u1ec7u cho cao su v\u00e0 kim lo\u1ea1i m\u00e0 b\u1ea1n c\u00f3 th\u1ec3 l\u1ef1a ch\u1ecdn.<\/p>\n<ul>\n<li><strong>Cao Su<\/strong>: FKM, AEM, ACM, NBR, NBR+PVC, HNBR, EPDM, SILICONE<\/li>\n<li><strong>Kim Lo\u1ea1i<\/strong>: Th\u00e9p kh\u00f4ng g\u1ec9 &#8211; S301, S430, S410<\/li>\n<\/ul>\n<p>Ch\u00fang t\u00f4i c\u00f3 th\u1ec3 s\u1ea3n xu\u1ea5t v\u1edbi k\u00edch th\u01b0\u1edbc l\u00ean \u0111\u1ebfn 1,6 m\u00e9t \u0111\u1ec3 \u0111\u00e1p \u1ee9ng y\u00eau c\u1ea7u c\u1ee7a b\u1ea1n. Nh\u01b0 h\u00ecnh \u1ea3nh b\u1ea1n th\u1ea5y tr\u00ean website c\u1ee7a ch\u00fang t\u00f4i, <a href=\"https:\/\/www.mjgasket.com\/vi\/phan-loai\/\">gio\u0103ng<\/a> cao su k\u1ebft d\u00ednh v\u1edbi kim lo\u1ea1i\/nh\u1ef1a kh\u00f4ng ch\u1ec9 lo\u1ea1i b\u1ecf l\u1ed7i bavia (flash) v\u00e0 burr, m\u00e0 c\u00f2n c\u00f3 kh\u1ea3 n\u0103ng k\u00edn t\u1ed1t.<\/p>\n<p><span style=\"font-size: 10pt;\"><strong>Th\u00f4ng B\u00e1o Quan Tr\u1ecdng: S\u1ea3n ph\u1ea9m ch\u00ednh c\u1ee7a ch\u00fang t\u00f4i l\u00e0 gio\u0103ng thay th\u1ebf (aftermarket) cho \u0111\u1ed9ng c\u01a1 diesel c\u00f4ng nghi\u1ec7p n\u1eb7ng. \u0110\u1ec3 nh\u1eadn b\u00e1o gi\u00e1, c\u00f3 th\u1ec3 b\u1ea1n s\u1ebd c\u1ea7n m\u1ed9t s\u1ed1 l\u01b0\u1ee3ng \u0111\u1eb7t h\u00e0ng t\u1ed1i thi\u1ec3u (MOQ).<\/strong><\/span><\/p>\n","protected":false},"excerpt":{"rendered":"<p>&#8220;K\u1ebft d\u00ednh cao su v\u1edbi kim lo\u1ea1i l\u00e0 qu\u00e1 tr\u00ecnh cao su \u0111\u01b0\u1ee3c li\u00ean k\u1ebft c\u01a1 kh\u00ed v\u1edbi kim lo\u1ea1i<\/p>\n","protected":false},"author":4,"featured_media":26397,"parent":26384,"menu_order":0,"comment_status":"closed","ping_status":"closed","template":"page-gstChild.php","meta":{"_acf_changed":false,"footnotes":""},"class_list":["post-26396","page","type-page","status-publish","has-post-thumbnail","hentry"],"acf":{"suitableTypes":[{"term_id":393,"name":"Gio\u0103ng B\u01a1m Th\u1ee7y L\u1ef1c","slug":"gioang-bom-thuy-luc","term_group":0,"term_taxonomy_id":393,"taxonomy":"types","description":"CAT, Cummins, Danfoss, Eaton, Ford, CNH Industrial","parent":0,"count":134,"filter":"raw"},{"term_id":388,"name":"Gio\u0103ng C\u1ed5 X\u1ea3","slug":"gioang-co-xa","term_group":0,"term_taxonomy_id":388,"taxonomy":"types","description":"CAT, Cummins, DD, Deutz, Ford, GM, John Deere, MTU, Navistar","parent":0,"count":206,"filter":"raw"},{"term_id":397,"name":"Gio\u0103ng \u0110\u00e1y C\u00e1c Te D\u1ea7u","slug":"gioang-day-cac-te-dau","term_group":0,"term_taxonomy_id":397,"taxonomy":"types","description":"CAT, Cummins, DD, John Deere, Mack, MTU, Navistar, Volvo","parent":0,"count":102,"filter":"raw"},{"term_id":410,"name":"Gio\u0103ng \u0110\u1ec7m","slug":"gioang-dem","term_group":0,"term_taxonomy_id":410,"taxonomy":"types","description":"CAT, Cummins, Deutz, Eaton, John Deere, Navistar, Volvo","parent":0,"count":16,"filter":"raw"},{"term_id":456,"name":"Gio\u0103ng H\u1ed9p S\u1ed1","slug":"gioang-hop-so","term_group":0,"term_taxonomy_id":456,"taxonomy":"types","description":"","parent":0,"count":6,"filter":"raw"},{"term_id":396,"name":"Gio\u0103ng K\u00e9t L\u00e0m M\u00e1t D\u1ea7u","slug":"gioang-ket-lam-mat-dau","term_group":0,"term_taxonomy_id":396,"taxonomy":"types","description":"CAT, Cummins, DD, Deutz, Ford, GM, Mercedes-Benz, Volvo","parent":0,"count":122,"filter":"raw"},{"term_id":385,"name":"Gio\u0103ng M\u1eb7t M\u00e1y","slug":"gioang-mat-may","term_group":0,"term_taxonomy_id":385,"taxonomy":"types","description":"CAT, Cummins, DD, John Deere, Mack, MTU, Navistar","parent":0,"count":373,"filter":"raw"},{"term_id":406,"name":"Gio\u0103ng N\u1eafp Gi\u00e0n C\u00f2","slug":"gioang-nap-gian-co","term_group":0,"term_taxonomy_id":406,"taxonomy":"types","description":"CAT, Cummins, DD, Deutz, GM, John Deere, Navistar","parent":0,"count":183,"filter":"raw"},{"term_id":383,"name":"Gio\u0103ng Phanh Kh\u00ed N\u00e9n","slug":"gioang-phanh-khi-nen","term_group":0,"term_taxonomy_id":383,"taxonomy":"types","description":"Bendix, Caterpillar, Cummins, DD, Mack","parent":0,"count":49,"filter":"raw"}]},"_links":{"self":[{"href":"https:\/\/www.mjgasket.com\/vi\/wp-json\/wp\/v2\/pages\/26396"}],"collection":[{"href":"https:\/\/www.mjgasket.com\/vi\/wp-json\/wp\/v2\/pages"}],"about":[{"href":"https:\/\/www.mjgasket.com\/vi\/wp-json\/wp\/v2\/types\/page"}],"author":[{"embeddable":true,"href":"https:\/\/www.mjgasket.com\/vi\/wp-json\/wp\/v2\/users\/4"}],"replies":[{"embeddable":true,"href":"https:\/\/www.mjgasket.com\/vi\/wp-json\/wp\/v2\/comments?post=26396"}],"version-history":[{"count":4,"href":"https:\/\/www.mjgasket.com\/vi\/wp-json\/wp\/v2\/pages\/26396\/revisions"}],"predecessor-version":[{"id":36937,"href":"https:\/\/www.mjgasket.com\/vi\/wp-json\/wp\/v2\/pages\/26396\/revisions\/36937"}],"up":[{"embeddable":true,"href":"https:\/\/www.mjgasket.com\/vi\/wp-json\/wp\/v2\/pages\/26384"}],"wp:featuredmedia":[{"embeddable":true,"href":"https:\/\/www.mjgasket.com\/vi\/wp-json\/wp\/v2\/media\/26397"}],"wp:attachment":[{"href":"https:\/\/www.mjgasket.com\/vi\/wp-json\/wp\/v2\/media?parent=26396"}],"curies":[{"name":"wp","href":"https:\/\/api.w.org\/{rel}","templated":true}]}}