{"id":26400,"date":"2022-02-23T09:22:31","date_gmt":"2022-02-23T09:22:31","guid":{"rendered":"https:\/\/www.mjgasket.com\/gia-cong-gioang-theo-yeu-cau\/multi-layer-steel-mls\/"},"modified":"2024-03-12T09:07:15","modified_gmt":"2024-03-12T01:07:15","slug":"thep-nhieu-lop-mls","status":"publish","type":"page","link":"https:\/\/www.mjgasket.com\/vi\/gia-cong-gioang-theo-yeu-cau\/thep-nhieu-lop-mls\/","title":{"rendered":"T\u00f9y Ch\u1ec9nh Th\u00e9p Nhi\u1ec1u L\u1edbp (multi-layer steel) Gio\u0103ng M\u1eb7t M\u00e1y, Gio\u0103ng \u1ed0ng X\u1ea3"},"content":{"rendered":"<p>Th\u00e9p nhi\u1ec1u l\u1edbp (multi-layer steel), c\u00f2n \u0111\u01b0\u1ee3c vi\u1ebft t\u1eaft l\u00e0 MLS. Th\u00e9p nhi\u1ec1u l\u1edbp MLS \u0111\u01b0\u1ee3c s\u1eed d\u1ee5ng r\u1ed9ng r\u00e3i t\u1eeb \u0111\u1ed9ng c\u01a1 \u00f4 t\u00f4 \u0111\u1ebfn \u0111\u1ed9ng c\u01a1 c\u00f4ng nghi\u1ec7p n\u1eb7ng. T\u00f9y theo \u0111\u1ed9 d\u00e0y kh\u00e1c nhau c\u1ee7a gio\u0103ng b\u1ea1n c\u1ea7n, MLS c\u00f3 th\u1ec3 l\u00e0 hai \u0111\u1ebfn b\u1ea3y l\u1edbp th\u00e9p c\u00f3 \u0111\u1ed9 d\u00e0y kh\u00e1c nhau \u0111\u01b0\u1ee3c c\u1ed1 \u0111\u1ecbnh b\u1eb1ng \u0111inh t\u00e1n ho\u1eb7c h\u00e0n \u0111i\u1ec3m.<\/p>\n<p>Ch\u00fang t\u00f4i c\u00f3 \u0111a d\u1ea1ng c\u00e1c lo\u1ea1i th\u00e9p kh\u00f4ng g\u1ec9, c\u00e1c lo\u1ea1i ph\u1ed5 bi\u1ebfn nh\u1ea5t l\u00e0 S301, S304, S430. \u0110\u1ec3 t\u0103ng c\u01b0\u1eddng th\u00e9p v\u00e0 c\u00f3 hi\u1ec7u qu\u1ea3 k\u00edn kh\u00edt t\u1ed1t h\u01a1n, s\u1ebd c\u00f3 nh\u1eefng \u0111\u01b0\u1eddng v\u00f2ng silicone tr\u00ean b\u1ec1 m\u1eb7t c\u1ee7a th\u00e9p. Ngo\u00e0i ra, ch\u00fang t\u00f4i c\u00f2n c\u00f3 c\u00e1c v\u1eadt li\u1ec7u ph\u1ee7 l\u1edbp ti\u00ean ti\u1ebfn nh\u01b0 MOS, ph\u1ee7 Ceramic v\u00e0 Cao su cho th\u00e9p. (Vui l\u00f2ng xem th\u00eam t\u1ea1i <strong>Th\u00e9p C\u00f3 L\u1edbp Ph\u1ee7 Ti\u00ean Ti\u1ebfn Steel with Advanced Coating<\/strong>)<\/p>\n<p><span style=\"font-size: 10pt;\"><strong>Th\u00f4ng B\u00e1o Quan Tr\u1ecdng: S\u1ea3n ph\u1ea9m ch\u00ednh c\u1ee7a ch\u00fang t\u00f4i l\u00e0 gio\u0103ng thay th\u1ebf (aftermarket) cho \u0111\u1ed9ng c\u01a1 diesel c\u00f4ng nghi\u1ec7p n\u1eb7ng. \u0110\u1ec3 nh\u1eadn b\u00e1o gi\u00e1, c\u00f3 th\u1ec3 b\u1ea1n s\u1ebd c\u1ea7n m\u1ed9t s\u1ed1 l\u01b0\u1ee3ng \u0111\u1eb7t h\u00e0ng t\u1ed1i thi\u1ec3u (MOQ).<\/strong><\/span><\/p>\n","protected":false},"excerpt":{"rendered":"<p>Th\u00e9p nhi\u1ec1u l\u1edbp (multi-layer steel), c\u00f2n \u0111\u01b0\u1ee3c vi\u1ebft t\u1eaft l\u00e0 MLS. Th\u00e9p nhi\u1ec1u l\u1edbp MLS \u0111\u01b0\u1ee3c s\u1eed d\u1ee5ng r\u1ed9ng r\u00e3i<\/p>\n","protected":false},"author":4,"featured_media":26401,"parent":26384,"menu_order":0,"comment_status":"closed","ping_status":"closed","template":"page-gstChild.php","meta":{"_acf_changed":false,"footnotes":""},"class_list":["post-26400","page","type-page","status-publish","has-post-thumbnail","hentry"],"acf":{"suitableTypes":[{"term_id":385,"name":"Gio\u0103ng M\u1eb7t M\u00e1y","slug":"gioang-mat-may","term_group":0,"term_taxonomy_id":385,"taxonomy":"types","description":"CAT, Cummins, DD, John Deere, Mack, MTU, Navistar","parent":0,"count":374,"filter":"raw"},{"term_id":389,"name":"Gio\u0103ng N\u1eafp Tr\u01b0\u1edbc &amp; Gio\u0103ng N\u1eafp Sau","slug":"gioang-nap-truoc-gioang-nap-sau","term_group":0,"term_taxonomy_id":389,"taxonomy":"types","description":"CAT, Cummins, DD, Deutz, Ford, Navistar, Volvo","parent":0,"count":109,"filter":"raw"},{"term_id":387,"name":"Gio\u0103ng Van EGR","slug":"gioang-van-egr","term_group":0,"term_taxonomy_id":387,"taxonomy":"types","description":"Cummins, DD, Deutz, Ford, GM, Mack, Navistar, Paccar, Volvo","parent":0,"count":115,"filter":"raw"}]},"_links":{"self":[{"href":"https:\/\/www.mjgasket.com\/vi\/wp-json\/wp\/v2\/pages\/26400"}],"collection":[{"href":"https:\/\/www.mjgasket.com\/vi\/wp-json\/wp\/v2\/pages"}],"about":[{"href":"https:\/\/www.mjgasket.com\/vi\/wp-json\/wp\/v2\/types\/page"}],"author":[{"embeddable":true,"href":"https:\/\/www.mjgasket.com\/vi\/wp-json\/wp\/v2\/users\/4"}],"replies":[{"embeddable":true,"href":"https:\/\/www.mjgasket.com\/vi\/wp-json\/wp\/v2\/comments?post=26400"}],"version-history":[{"count":4,"href":"https:\/\/www.mjgasket.com\/vi\/wp-json\/wp\/v2\/pages\/26400\/revisions"}],"predecessor-version":[{"id":36884,"href":"https:\/\/www.mjgasket.com\/vi\/wp-json\/wp\/v2\/pages\/26400\/revisions\/36884"}],"up":[{"embeddable":true,"href":"https:\/\/www.mjgasket.com\/vi\/wp-json\/wp\/v2\/pages\/26384"}],"wp:featuredmedia":[{"embeddable":true,"href":"https:\/\/www.mjgasket.com\/vi\/wp-json\/wp\/v2\/media\/26401"}],"wp:attachment":[{"href":"https:\/\/www.mjgasket.com\/vi\/wp-json\/wp\/v2\/media?parent=26400"}],"curies":[{"name":"wp","href":"https:\/\/api.w.org\/{rel}","templated":true}]}}