{"id":26404,"date":"2022-02-23T09:18:20","date_gmt":"2022-02-23T09:18:20","guid":{"rendered":"https:\/\/www.mjgasket.com\/gia-cong-gioang-theo-yeu-cau\/sandwich-type\/"},"modified":"2024-03-19T13:48:43","modified_gmt":"2024-03-19T05:48:43","slug":"loai-sandwich","status":"publish","type":"page","link":"https:\/\/www.mjgasket.com\/vi\/gia-cong-gioang-theo-yeu-cau\/loai-sandwich\/","title":{"rendered":"Gio\u0103ng D\u1ea1ng Sandwich | T\u00f9y Ch\u1ec9nh V\u1eadt Li\u1ec7u Gio\u0103ng"},"content":{"rendered":"<p>Sandwich hay b\u00e1nh m\u00ec k\u1eb9p, c\u00f3 th\u1ec3 h\u00ecnh dung ra hai l\u1edbp b\u00e1nh \u1edf tr\u00ean v\u00e0 d\u01b0\u1edbi v\u00e0 b\u1ea1n c\u00f3 th\u1ec3 ch\u1ecdn nh\u00e2n \u1edf l\u1edbp gi\u1eefa theo \u00fd th\u00edch c\u1ee7a m\u00ecnh. Khi ch\u00fang ta \u00e1p d\u1ee5ng c\u00f9ng quy t\u1eafc \u0111\u00f3 v\u00e0o gio\u0103ng, n\u00f3 tr\u1edf th\u00e0nh lo\u1ea1i gio\u0103ng d\u1ea1ng sandwich. L\u1edbp b\u00e1nh l\u00e0 kim lo\u1ea1i \u1edf ph\u00eda ngo\u00e0i, ch\u00fang t\u00f4i c\u00f3 s\u1eb5n S301, S430, S410 v\u00e0 nhi\u1ec1u lo\u1ea1i kim lo\u1ea1i kh\u00e1c, c\u00f2n \u0111\u1ed1i v\u1edbi nh\u00e2n, ch\u00fang t\u00f4i c\u00f3 s\u1ef1 l\u1ef1a ch\u1ecdn c\u1ee7a kh\u00f4ng ch\u00ec amiang ho\u1eb7c graphite. Nh\u01b0ng m\u1ed9t \u0111\u1eb7c \u0111i\u1ec3m m\u00e0 th\u1ee9c \u0103n th\u1ef1c s\u1ef1 kh\u00f4ng c\u00f3 l\u00e0 &#8220;g\u00f3c c\u1ea1nh&#8221;.<\/p>\n<p>H\u1ea7u h\u1ebft c\u00e1c lo\u1ea1i gio\u0103ng d\u1ea1ng sandwich c\u00f3 c\u1ea1nh \u0111\u00f3ng k\u00edn, nh\u01b0ng c\u00e1ch \u0111\u00f3ng n\u00e0y l\u1ea1i \u0111\u1ed9c \u0111\u00e1o: t\u1ea5m kim lo\u1ea1i \u1edf l\u1edbp tr\u00ean \u0111\u01b0\u1ee3c qu\u1ea5n tr\u1ef1c ti\u1ebfp v\u00e0o c\u1ea1nh c\u1ee7a l\u1edbp d\u01b0\u1edbi, sau \u0111\u00f3 l\u1edbp d\u01b0\u1edbi l\u1ea1i \u0111\u01b0\u1ee3c qu\u1ea5n tr\u1edf l\u1ea1i tr\u00ean c\u1ea1nh c\u1ee7a t\u1ea5m kim lo\u1ea1i \u1edf l\u1edbp tr\u00ean, gi\u1eef cho v\u1eadt li\u1ec7u l\u1edbp gi\u1eefa \u0111\u01b0\u1ee3c c\u1ed1 \u0111\u1ecbnh \u1edf gi\u1eefa.<\/p>\n<p>T\u1ea5t c\u1ea3 c\u00e1c v\u1eadt li\u1ec7u, k\u1ef9 thu\u1eadt v\u00e0 t\u00ednh n\u0103ng \u0111\u01b0\u1ee3c \u0111\u1ec1 c\u1eadp \u1edf tr\u00ean \u0111\u1ec1u ph\u1ee5c v\u1ee5 m\u1ed9t m\u1ee5c \u0111\u00edch duy nh\u1ea5t, \u0111\u00f3 l\u00e0 gi\u00fap cho c\u00e1c gio\u0103ng c\u00f3 th\u1ec3 t\u1ed3n t\u1ea1i trong m\u00f4i tr\u01b0\u1eddng \u00e1p su\u1ea5t v\u00e0 nhi\u1ec7t \u0111\u1ed9 cao, v\u00ec lo\u1ea1i gio\u0103ng d\u1ea1ng sandwich th\u01b0\u1eddng \u0111\u01b0\u1ee3c \u00e1p d\u1ee5ng trong <a href=\"https:\/\/www.mjgasket.com\/vi\/phan-loai\/gioang-turbo\/\">gio\u0103ng turbo<\/a>, <a href=\"https:\/\/www.mjgasket.com\/vi\/phan-loai\/gioang-co-xa\/\">gio\u0103ng \u1ed1ng x\u1ea3<\/a> v\u00e0 <a href=\"https:\/\/www.mjgasket.com\/vi\/phan-loai\/gioang-mat-may\/\">gio\u0103ng m\u1eb7t m\u00e1y<\/a>.<\/p>\n<p><span style=\"font-size: 10pt;\"><strong>Th\u00f4ng B\u00e1o Quan Tr\u1ecdng: S\u1ea3n ph\u1ea9m ch\u00ednh c\u1ee7a ch\u00fang t\u00f4i l\u00e0 gio\u0103ng thay th\u1ebf (aftermarket) cho \u0111\u1ed9ng c\u01a1 diesel c\u00f4ng nghi\u1ec7p n\u1eb7ng. \u0110\u1ec3 nh\u1eadn b\u00e1o gi\u00e1, c\u00f3 th\u1ec3 b\u1ea1n s\u1ebd c\u1ea7n m\u1ed9t s\u1ed1 l\u01b0\u1ee3ng \u0111\u1eb7t h\u00e0ng t\u1ed1i thi\u1ec3u (MOQ).<\/strong><\/span><\/p>\n","protected":false},"excerpt":{"rendered":"<p>Sandwich hay b\u00e1nh m\u00ec k\u1eb9p, c\u00f3 th\u1ec3 h\u00ecnh dung ra hai l\u1edbp b\u00e1nh \u1edf tr\u00ean v\u00e0 d\u01b0\u1edbi v\u00e0 b\u1ea1n c\u00f3<\/p>\n","protected":false},"author":4,"featured_media":26405,"parent":26384,"menu_order":0,"comment_status":"closed","ping_status":"closed","template":"page-gstChild.php","meta":{"_acf_changed":false,"footnotes":""},"class_list":["post-26404","page","type-page","status-publish","has-post-thumbnail","hentry"],"acf":{"suitableTypes":[{"term_id":388,"name":"Gio\u0103ng C\u1ed5 X\u1ea3","slug":"gioang-co-xa","term_group":0,"term_taxonomy_id":388,"taxonomy":"types","description":"CAT, Cummins, DD, Deutz, Ford, GM, John Deere, MTU, Navistar","parent":0,"count":206,"filter":"raw"},{"term_id":385,"name":"Gio\u0103ng M\u1eb7t M\u00e1y","slug":"gioang-mat-may","term_group":0,"term_taxonomy_id":385,"taxonomy":"types","description":"CAT, Cummins, DD, John Deere, Mack, MTU, Navistar","parent":0,"count":374,"filter":"raw"},{"term_id":405,"name":"Gio\u0103ng Turbo","slug":"gioang-turbo","term_group":0,"term_taxonomy_id":405,"taxonomy":"types","description":"CAT, Cummins, DD, GM, John Deere, Mack, Navistar, Paccar","parent":0,"count":181,"filter":"raw"}]},"_links":{"self":[{"href":"https:\/\/www.mjgasket.com\/vi\/wp-json\/wp\/v2\/pages\/26404"}],"collection":[{"href":"https:\/\/www.mjgasket.com\/vi\/wp-json\/wp\/v2\/pages"}],"about":[{"href":"https:\/\/www.mjgasket.com\/vi\/wp-json\/wp\/v2\/types\/page"}],"author":[{"embeddable":true,"href":"https:\/\/www.mjgasket.com\/vi\/wp-json\/wp\/v2\/users\/4"}],"replies":[{"embeddable":true,"href":"https:\/\/www.mjgasket.com\/vi\/wp-json\/wp\/v2\/comments?post=26404"}],"version-history":[{"count":4,"href":"https:\/\/www.mjgasket.com\/vi\/wp-json\/wp\/v2\/pages\/26404\/revisions"}],"predecessor-version":[{"id":36938,"href":"https:\/\/www.mjgasket.com\/vi\/wp-json\/wp\/v2\/pages\/26404\/revisions\/36938"}],"up":[{"embeddable":true,"href":"https:\/\/www.mjgasket.com\/vi\/wp-json\/wp\/v2\/pages\/26384"}],"wp:featuredmedia":[{"embeddable":true,"href":"https:\/\/www.mjgasket.com\/vi\/wp-json\/wp\/v2\/media\/26405"}],"wp:attachment":[{"href":"https:\/\/www.mjgasket.com\/vi\/wp-json\/wp\/v2\/media?parent=26404"}],"curies":[{"name":"wp","href":"https:\/\/api.w.org\/{rel}","templated":true}]}}