{"id":26408,"date":"2022-02-23T09:20:44","date_gmt":"2022-02-23T09:20:44","guid":{"rendered":"https:\/\/www.mjgasket.com\/gia-cong-gioang-theo-yeu-cau\/steel-with-advanced-coating\/"},"modified":"2024-03-19T13:49:50","modified_gmt":"2024-03-19T05:49:50","slug":"thep-co-lop-phu-tien-tien","status":"publish","type":"page","link":"https:\/\/www.mjgasket.com\/vi\/gia-cong-gioang-theo-yeu-cau\/thep-co-lop-phu-tien-tien\/","title":{"rendered":"Th\u00e9p C\u00f3 L\u1edbp Ph\u1ee7 Ti\u00ean Ti\u1ebfn | T\u00f9y Ch\u1ec9nh V\u1eadt Li\u1ec7u Gio\u0103ng"},"content":{"rendered":"<p>\u0110\u1ec3 gi\u1ea3i quy\u1ebft v\u1ea5n \u0111\u1ec1 l\u00e0m k\u00edn, ch\u00fang t\u00f4i c\u00f3 c\u00e1c l\u1edbp ph\u1ee7 \u0111a d\u1ea1ng cho nhu c\u1ea7u c\u1ee7a b\u1ea1n, nh\u01b0 MoS2, Ceramic v\u00e0 Cao su. L\u1edbp ph\u1ee7 MoS2 l\u00e0 m\u1ed9t lo\u1ea1i h\u1ee3p ch\u1ea5t h\u00f3a h\u1ecdc c\u00f3 th\u1ec3 ch\u1ecbu \u0111\u01b0\u1ee3c \u00e1p su\u1ea5t v\u00e0 nhi\u1ec7t \u0111\u1ed9 cao. C\u00f3 r\u1ea5t nhi\u1ec1u gio\u0103ng th\u00e9p \u0111a l\u1edbp \u0111\u01b0\u1ee3c ph\u1ee7 l\u1edbp MoS2 \u0111\u1ec3 ch\u1ed1ng l\u1ea1i nhi\u1ec7t \u0111\u1ed9 v\u00e0 \u00e1p su\u1ea5t.<\/p>\n<p>Ngo\u00e0i ra, ph\u1ee7 MoS, ph\u1ee7 ceramic c\u0169ng c\u00f3 th\u1ec3 \u0111\u01b0\u1ee3c s\u1eed d\u1ee5ng tr\u00ean c\u00e1c gio\u0103ng. Gio\u0103ng \u0111\u01b0\u1ee3c ph\u1ee7 l\u1edbp g\u1ed1m s\u1ee9 c\u0169ng ho\u1ea1t \u0111\u1ed9ng hi\u1ec7u qu\u1ea3. Ngo\u00e0i ra, ch\u00fang t\u00f4i c\u00f2n c\u00f3 l\u1edbp ph\u1ee7 cao su. Cao su NBR (cao su Nitrile) v\u00e0 cao su Viton (FKM) l\u00e0 hai lo\u1ea1i <a href=\"https:\/\/www.mjgasket.com\/vi\/gia-cong-gioang-theo-yeu-cau\/elastomer\/\">cao su<\/a> ph\u1ed5 bi\u1ebfn nh\u1ea5t \u0111\u01b0\u1ee3c s\u1eed d\u1ee5ng cho kim lo\u1ea1i ph\u1ee7 cao su, kh\u1ea3 n\u0103ng ch\u1ecbu nhi\u1ec7t c\u1ee7a NBR l\u00e0 kho\u1ea3ng 150\u00b0C, kh\u1ea3 n\u0103ng ch\u1ecbu nhi\u1ec7t c\u1ee7a FKM l\u00ean \u0111\u1ebfn 250\u00b0C, c\u1ea3 hai v\u1eadt li\u1ec7u cao su n\u00e0y gia c\u1ed1 th\u00e9p \u0111\u1ec3 ho\u1ea1t \u0111\u1ed9ng t\u1ed1t trong m\u00f4i tr\u01b0\u1eddng l\u00e0m vi\u1ec7c kh\u1eafc nghi\u1ec7t.<\/p>\n<p>V\u00e0 ch\u00fang t\u00f4i c\u00f3 lo\u1ea1i ph\u1ee7 cao su kh\u00e1c l\u00e0 Foamet. Foamet l\u00e0 l\u00f5i th\u00e9p \u0111\u01b0\u1ee3c ph\u1ee7 l\u1edbp Foamet. C\u00e1c v\u1eadt li\u1ec7u Foamet \u0111\u01b0\u1ee3c s\u1eed d\u1ee5ng r\u1ed9ng r\u00e3i cho c\u00e1c \u1ee9ng d\u1ee5ng kh\u00e1c nhau nh\u01b0 \u0111\u1ed9ng c\u01a1 h\u00e0ng h\u1ea3i, \u0111\u1ed9ng c\u01a1 trong n\u00f4ng nghi\u1ec7p, \u0111\u1ed9ng c\u01a1 xe t\u1ea3i, b\u01a1m th\u1ee7y l\u1ef1c.<\/p>\n<p><span style=\"font-size: 10pt;\"><strong>Th\u00f4ng B\u00e1o Quan Tr\u1ecdng: S\u1ea3n ph\u1ea9m ch\u00ednh c\u1ee7a ch\u00fang t\u00f4i l\u00e0 gio\u0103ng thay th\u1ebf (aftermarket) cho \u0111\u1ed9ng c\u01a1 diesel c\u00f4ng nghi\u1ec7p n\u1eb7ng. \u0110\u1ec3 nh\u1eadn b\u00e1o gi\u00e1, c\u00f3 th\u1ec3 b\u1ea1n s\u1ebd c\u1ea7n m\u1ed9t s\u1ed1 l\u01b0\u1ee3ng \u0111\u1eb7t h\u00e0ng t\u1ed1i thi\u1ec3u (MOQ).<\/strong><\/span><\/p>\n","protected":false},"excerpt":{"rendered":"<p>\u0110\u1ec3 gi\u1ea3i quy\u1ebft v\u1ea5n \u0111\u1ec1 l\u00e0m k\u00edn, ch\u00fang t\u00f4i c\u00f3 c\u00e1c l\u1edbp ph\u1ee7 \u0111a d\u1ea1ng cho nhu c\u1ea7u c\u1ee7a b\u1ea1n,<\/p>\n","protected":false},"author":4,"featured_media":26409,"parent":26384,"menu_order":0,"comment_status":"closed","ping_status":"closed","template":"page-gstChild.php","meta":{"_acf_changed":false,"footnotes":""},"class_list":["post-26408","page","type-page","status-publish","has-post-thumbnail","hentry"],"acf":{"suitableTypes":[{"term_id":393,"name":"Gio\u0103ng B\u01a1m Th\u1ee7y L\u1ef1c","slug":"gioang-bom-thuy-luc","term_group":0,"term_taxonomy_id":393,"taxonomy":"types","description":"CAT, Cummins, Danfoss, Eaton, Ford, CNH Industrial","parent":0,"count":134,"filter":"raw"},{"term_id":388,"name":"Gio\u0103ng C\u1ed5 X\u1ea3","slug":"gioang-co-xa","term_group":0,"term_taxonomy_id":388,"taxonomy":"types","description":"CAT, Cummins, DD, Deutz, Ford, GM, John Deere, MTU, Navistar","parent":0,"count":206,"filter":"raw"},{"term_id":384,"name":"Gio\u0103ng \u1ed0ng Tho\u00e1t Kh\u00ed Cacte","slug":"gioang-ong-thoat-khi-cacte","term_group":0,"term_taxonomy_id":384,"taxonomy":"types","description":"Cummins, Caterpillar, DD, MTU, Navistar, Volvo","parent":0,"count":36,"filter":"raw"},{"term_id":387,"name":"Gio\u0103ng Van EGR","slug":"gioang-van-egr","term_group":0,"term_taxonomy_id":387,"taxonomy":"types","description":"Cummins, DD, Deutz, Ford, GM, Mack, Navistar, Paccar, Volvo","parent":0,"count":115,"filter":"raw"}]},"_links":{"self":[{"href":"https:\/\/www.mjgasket.com\/vi\/wp-json\/wp\/v2\/pages\/26408"}],"collection":[{"href":"https:\/\/www.mjgasket.com\/vi\/wp-json\/wp\/v2\/pages"}],"about":[{"href":"https:\/\/www.mjgasket.com\/vi\/wp-json\/wp\/v2\/types\/page"}],"author":[{"embeddable":true,"href":"https:\/\/www.mjgasket.com\/vi\/wp-json\/wp\/v2\/users\/4"}],"replies":[{"embeddable":true,"href":"https:\/\/www.mjgasket.com\/vi\/wp-json\/wp\/v2\/comments?post=26408"}],"version-history":[{"count":3,"href":"https:\/\/www.mjgasket.com\/vi\/wp-json\/wp\/v2\/pages\/26408\/revisions"}],"predecessor-version":[{"id":36939,"href":"https:\/\/www.mjgasket.com\/vi\/wp-json\/wp\/v2\/pages\/26408\/revisions\/36939"}],"up":[{"embeddable":true,"href":"https:\/\/www.mjgasket.com\/vi\/wp-json\/wp\/v2\/pages\/26384"}],"wp:featuredmedia":[{"embeddable":true,"href":"https:\/\/www.mjgasket.com\/vi\/wp-json\/wp\/v2\/media\/26409"}],"wp:attachment":[{"href":"https:\/\/www.mjgasket.com\/vi\/wp-json\/wp\/v2\/media?parent=26408"}],"curies":[{"name":"wp","href":"https:\/\/api.w.org\/{rel}","templated":true}]}}