{"id":26418,"date":"2023-05-26T13:43:50","date_gmt":"2023-05-26T05:43:50","guid":{"rendered":"https:\/\/www.mjgasket.com\/nganh-cong-nghiep-va-ung-dung\/agricultural-engine-gaskets\/"},"modified":"2024-02-29T11:59:32","modified_gmt":"2024-02-29T03:59:32","slug":"gioang-dong-co-nong-nghiep","status":"publish","type":"page","link":"https:\/\/www.mjgasket.com\/vi\/nganh-cong-nghiep-va-ung-dung\/gioang-dong-co-nong-nghiep\/","title":{"rendered":"Gio\u0103ng \u0110\u1ed9ng C\u01a1 N\u00f4ng Nghi\u1ec7p"},"content":{"rendered":"","protected":false},"excerpt":{"rendered":"","protected":false},"author":4,"featured_media":26420,"parent":26415,"menu_order":0,"comment_status":"closed","ping_status":"closed","template":"page-child_application.php","meta":{"_acf_changed":false,"footnotes":""},"class_list":["post-26418","page","type-page","status-publish","has-post-thumbnail","hentry"],"acf":{"content_1":"<p>Trong l\u0129nh v\u1ef1c n\u00f4ng nghi\u1ec7p hi\u1ec7n \u0111\u1ea1i, m\u00e1y m\u00f3c \u0111\u00f3ng m\u1ed9t vai tr\u00f2 kh\u00f4ng th\u1ec3 ph\u1ee7 nh\u1eadn trong vi\u1ec7c n\u00e2ng cao hi\u1ec7u su\u1ea5t v\u00e0 n\u0103ng su\u1ea5t tr\u00ean c\u00e1nh \u0111\u1ed3ng. \u0110\u1eb7c bi\u1ec7t, \u0111\u1ed9ng c\u01a1 diesel \u0111\u00e3 tr\u1edf th\u00e0nh ngu\u1ed3n n\u0103ng l\u01b0\u1ee3ng ch\u1ee7 y\u1ebfu cho c\u00e1c thi\u1ebft b\u1ecb n\u00f4ng nghi\u1ec7p, mang l\u1ea1i nhi\u1ec1u \u01b0u \u0111i\u1ec3m v\u01b0\u1ee3t tr\u1ed9i so v\u1edbi c\u00e1c phi\u00ean b\u1ea3n tr\u01b0\u1edbc \u0111\u00e2y. T\u1ea1i MJ Gasket, ch\u00fang t\u00f4i hi\u1ec3u r\u00f5 t\u1ea7m quan tr\u1ecdng c\u1ee7a vi\u1ec7c s\u1edf h\u1eefu \u0111\u1ed9ng c\u01a1 \u0111\u00e1ng tin c\u1eady v\u00e0 hi\u1ec7u su\u1ea5t cao \u0111\u1ec3 \u0111\u00e1p \u1ee9ng nhu c\u1ea7u c\u1ee7a c\u00e1c nh\u00e0 n\u00f4ng.<\/p>\n<p>\u0110\u1ed9ng c\u01a1 diesel \u0111\u00e3 thay \u0111\u1ed5i c\u1ea3 c\u1ea3nh quan n\u00f4ng nghi\u1ec7p b\u1eb1ng c\u00e1ch cung c\u1ea5p hi\u1ec7u su\u1ea5t cao, ti\u00eau th\u1ee5 nhi\u00ean li\u1ec7u th\u1ea5p v\u00e0 c\u00f4ng su\u1ea5t m\u1ea1nh m\u1ebd. Ch\u00fang \u0111\u01b0\u1ee3c thi\u1ebft k\u1ebf \u0111\u1ec3 ho\u1ea1t \u0111\u1ed9ng \u1ed5n \u0111\u1ecbnh v\u1edbi \u00edt y\u00eau c\u1ea7u b\u1ea3o d\u01b0\u1ee1ng, gi\u00fap ng\u01b0\u1eddi n\u00f4ng d\u00e2n t\u1eadp trung v\u00e0o c\u00f4ng vi\u1ec7c m\u00e0 kh\u00f4ng c\u1ea7n ph\u1ea3i lo l\u1eafng v\u1ec1 th\u1eddi gian b\u1ecb gi\u00e1n \u0111o\u1ea1n kh\u00f4ng c\u1ea7n thi\u1ebft. V\u1edbi c\u1ea5u tr\u00fac v\u1eefng ch\u1eafc v\u00e0 c\u00f4ng ngh\u1ec7 ti\u00ean ti\u1ebfn, \u0111\u1ed9ng c\u01a1 diesel \u0111\u00e3 kh\u1eb3ng \u0111\u1ecbnh v\u1ecb th\u1ebf l\u00e0 s\u1ef1 l\u1ef1a ch\u1ecdn \u0111\u00e1ng tin c\u1eady v\u00e0 b\u1ec1n b\u1ec9 cho m\u00e1y m\u00f3c n\u00f4ng nghi\u1ec7p.<\/p>\n<p>T\u1ea1i MJ Gasket, ch\u00fang t\u00f4i nh\u1eadn th\u1ee9c r\u00f5 r\u00e0ng r\u1eb1ng s\u1ef1 th\u00e0nh c\u00f4ng c\u1ee7a ng\u01b0\u1eddi n\u00f4ng d\u00e2n ph\u1ee5 thu\u1ed9c nhi\u1ec1u v\u00e0o hi\u1ec7u su\u1ea5t c\u1ee7a c\u00e1c thi\u1ebft b\u1ecb n\u00f4ng nghi\u1ec7p. Ch\u00ednh v\u00ec v\u1eady, ch\u00fang t\u00f4i t\u1eadp trung v\u00e0o vi\u1ec7c ph\u00e1t tri\u1ec3n v\u00e0 cung c\u1ea5p c\u00e1c gi\u1ea3i ph\u00e1p v\u1ec1 gio\u0103ng \u0111\u1ed9ng c\u01a1 n\u00f4ng nghi\u1ec7p ch\u1ea5t l\u01b0\u1ee3ng cao, \u0111\u1ed3ng th\u1eddi kh\u00f4ng ng\u1eebng n\u1ed7 l\u1ef1c \u0111\u1ec3 ti\u00ean phong trong c\u00f4ng ngh\u1ec7 \u0111\u1ed9ng c\u01a1, li\u00ean t\u1ee5c c\u1ea3i ti\u1ebfn \u0111\u1ec3 \u0111\u00e1p \u1ee9ng c\u00e1c nhu c\u1ea7u \u0111a d\u1ea1ng v\u00e0 thay \u0111\u1ed5i c\u1ee7a ng\u00e0nh n\u00f4ng nghi\u1ec7p.<\/p>\n","kv":"https:\/\/www.mjgasket.com\/wp-content\/uploads\/agriculture_banner.png","title_app":"\u1ee8ng D\u1ee5ng","content_app":"<ul>\n<li><a href=\"https:\/\/www.mjgasket.com\/vi\/thuong-hieu\/john-deere\/\">John Deere<\/a>4045, 6059, 6414, 6359, 6068, 6090<\/li>\n<li><a href=\"https:\/\/www.mjgasket.com\/vi\/thuong-hieu\/kubota\/\">Kubota<\/a>V1505, V1702, V1902, V2203, V2403, V3300, V3600, V3800, V4300<\/li>\n<li><a href=\"https:\/\/www.mjgasket.com\/vi\/thuong-hieu\/case-ih-new-holland\/\">Case IH &amp; New Holland<\/a><\/li>\n<li><a href=\"https:\/\/www.mjgasket.com\/vi\/thuong-hieu\/yanmar\/\">Yanmar<\/a>3TNSERIES, 4TN SERIES<\/li>\n<\/ul>\n","application_info":[{"title_type":"Gio\u0103ng B\u01a1m Th\u1ee7y L\u1ef1c","content_type":"<p>Ngo\u00e0i gio\u0103ng m\u1eb7t m\u00e1y, gio\u0103ng \u1ed1ng x\u1ea3 v\u00e0 gio\u0103ng \u0111\u00e1y c\u00e1c te d\u1ea7u, ch\u00fang t\u00f4i c\u0169ng cung c\u1ea5p gio\u0103ng b\u01a1m th\u1ee7y l\u1ef1c cho kh\u00e1ch h\u00e0ng.<\/p>\n<p>V\u1eadt li\u1ec7u l\u00fd t\u01b0\u1edfng cho gio\u0103ng b\u01a1m th\u1ee7y l\u1ef1c l\u00e0 RCM v\u00e0 kim lo\u1ea1i k\u1eb9p cao su. B\u01a1m th\u1ee7y l\u1ef1c ho\u1ea1t \u0111\u1ed9ng trong m\u00f4i tr\u01b0\u1eddng \u00e1p su\u1ea5t cao, cao su \u0111\u1ea3m b\u1ea3o kh\u1ea3 n\u0103ng k\u00edn kh\u00edt v\u00e0 linh ho\u1ea1t t\u1ed1t h\u01a1n.<\/p>\n","title_type_app":"","content_type_app":"","product_type_app":"\t\t<div class=\"product\" data-id=\"N203470\">\n\t\t\t<a href=\"https:\/\/www.mjgasket.com\/vi\/san-pham\/n203470-gioang-bom-thuy-luc-cho-john-deere\/\" target=\"_self\" rel=\"noopener\">\n\t\t\t\t\t\t\t\t\t\t<div class=\"image\">\n\t\t\t\t\t\t\t<canvas id=\"canvas-N203470\"><\/canvas>\n\t\t\t\t\t\t<\/div>\n\t\t\t\t\t\t\t\t\t\t<div class=\"content\">\n\t\t\t\t\t<div class=\"productBrand\">\n\t\t\t\t\t\t<span class=\"item\">John Deere<\/span>\t\t\t\t\t<\/div>\n\t\t\t\t\t\t\t\t\t\t<div class=\"productType\">\n\t\t\t\t\t\t<span class=\"item\">Gio\u0103ng B\u01a1m Th\u1ee7y L\u1ef1c<\/span>\t\t\t\t\t\t\n\t\t\t\t\t<\/div>\n\t\t\t\t\t<div class=\"productSku\">N203470<\/div>\n\t\t\t\t<\/div>\n\t\t\t<\/a> \n\t\t<\/div>\n\t\t\r\n\t\t<div class=\"product\" data-id=\"303709A1\">\n\t\t\t<a href=\"https:\/\/www.mjgasket.com\/vi\/san-pham\/303709a1-phot-filter-adapter-cho-case-ih-new-holland\/\" target=\"_self\" rel=\"noopener\">\n\t\t\t\t\t\t\t\t\t\t<div class=\"image\">\n\t\t\t\t\t\t\t<canvas id=\"canvas-303709A1\"><\/canvas>\n\t\t\t\t\t\t<\/div>\n\t\t\t\t\t\t\t\t\t\t<div class=\"content\">\n\t\t\t\t\t<div class=\"productBrand\">\n\t\t\t\t\t\t<span class=\"item\">CASE IH &amp; New Holland<\/span>\t\t\t\t\t<\/div>\n\t\t\t\t\t\t\t\t\t\t<div class=\"productType\">\n\t\t\t\t\t\t<span class=\"item\">Ph\u1edbt Filter Adapter<\/span>\t\t\t\t\t\t\n\t\t\t\t\t<\/div>\n\t\t\t\t\t<div class=\"productSku\">303709A1<\/div>\n\t\t\t\t<\/div>\n\t\t\t<\/a> \n\t\t<\/div>\n\t\t\r\n\t\t<div class=\"product\" data-id=\"9T1752\">\n\t\t\t<a href=\"https:\/\/www.mjgasket.com\/vi\/san-pham\/9t1752-gioang-bom-thuy-luc-cho-caterpillar\/\" target=\"_self\" rel=\"noopener\">\n\t\t\t\t\t\t\t\t\t\t<div class=\"image\">\n\t\t\t\t\t\t\t<canvas id=\"canvas-9T1752\"><\/canvas>\n\t\t\t\t\t\t<\/div>\n\t\t\t\t\t\t\t\t\t\t<div class=\"content\">\n\t\t\t\t\t<div class=\"productBrand\">\n\t\t\t\t\t\t<span class=\"item\">Caterpillar<\/span>\t\t\t\t\t<\/div>\n\t\t\t\t\t\t\t\t\t\t<div class=\"productType\">\n\t\t\t\t\t\t<span class=\"item\">Gio\u0103ng B\u01a1m Th\u1ee7y L\u1ef1c<\/span>\t\t\t\t\t\t\n\t\t\t\t\t<\/div>\n\t\t\t\t\t<div class=\"productSku\">9T1752<\/div>\n\t\t\t\t<\/div>\n\t\t\t<\/a> \n\t\t<\/div>\n\t\t\r\n\t\t<div class=\"product\" data-id=\"86517206\">\n\t\t\t<a href=\"https:\/\/www.mjgasket.com\/vi\/san-pham\/86517206-gioang-bom-thuy-luc-cho-case-ih-new-holland\/\" target=\"_self\" rel=\"noopener\">\n\t\t\t\t\t\t\t\t\t\t<div class=\"image\">\n\t\t\t\t\t\t\t<canvas id=\"canvas-86517206\"><\/canvas>\n\t\t\t\t\t\t<\/div>\n\t\t\t\t\t\t\t\t\t\t<div class=\"content\">\n\t\t\t\t\t<div class=\"productBrand\">\n\t\t\t\t\t\t<span class=\"item\">CASE IH &amp; New Holland<\/span>\t\t\t\t\t<\/div>\n\t\t\t\t\t\t\t\t\t\t<div class=\"productType\">\n\t\t\t\t\t\t<span class=\"item\">Gio\u0103ng B\u01a1m Th\u1ee7y L\u1ef1c<\/span>\t\t\t\t\t\t\n\t\t\t\t\t<\/div>\n\t\t\t\t\t<div class=\"productSku\">86517206<\/div>\n\t\t\t\t<\/div>\n\t\t\t<\/a> \n\t\t<\/div>\n\t\t"}],"product":"\t\t<div class=\"product\" data-id=\"YM129902-01331\">\n\t\t\t<a href=\"https:\/\/www.mjgasket.com\/vi\/san-pham\/ym129902-01331-gioang-mat-may-cho-yanmar\/\" target=\"_self\" rel=\"noopener\">\n\t\t\t\t\t\t\t\t\t\t<div class=\"image\">\n\t\t\t\t\t\t\t<canvas id=\"canvas-YM129902-01331\"><\/canvas>\n\t\t\t\t\t\t<\/div>\n\t\t\t\t\t\t\t\t\t\t<div class=\"content\">\n\t\t\t\t\t<div class=\"productBrand\">\n\t\t\t\t\t\t<span class=\"item\">Yanmar<\/span>\t\t\t\t\t<\/div>\n\t\t\t\t\t\t\t\t\t\t<div class=\"productType\">\n\t\t\t\t\t\t<span class=\"item\">Gio\u0103ng M\u1eb7t M\u00e1y<\/span>\t\t\t\t\t\t\n\t\t\t\t\t<\/div>\n\t\t\t\t\t<div class=\"productSku\">YM129902-01331<\/div>\n\t\t\t\t<\/div>\n\t\t\t<\/a> \n\t\t<\/div>\n\t\t\r\n\t\t<div class=\"product\" data-id=\"19077-03310\">\n\t\t\t<a href=\"https:\/\/www.mjgasket.com\/vi\/san-pham\/19077-03310-gioang-mat-may-cho-kubota\/\" target=\"_self\" rel=\"noopener\">\n\t\t\t\t\t\t\t\t\t\t<div class=\"image\">\n\t\t\t\t\t\t\t<canvas id=\"canvas-19077-03310\"><\/canvas>\n\t\t\t\t\t\t<\/div>\n\t\t\t\t\t\t\t\t\t\t<div class=\"content\">\n\t\t\t\t\t<div class=\"productBrand\">\n\t\t\t\t\t\t<span class=\"item\">Kubota<\/span>\t\t\t\t\t<\/div>\n\t\t\t\t\t\t\t\t\t\t<div class=\"productType\">\n\t\t\t\t\t\t<span class=\"item\">Gio\u0103ng M\u1eb7t M\u00e1y<\/span>\t\t\t\t\t\t\n\t\t\t\t\t<\/div>\n\t\t\t\t\t<div class=\"productSku\">19077-03310<\/div>\n\t\t\t\t<\/div>\n\t\t\t<\/a> \n\t\t<\/div>\n\t\t\r\n\t\t<div class=\"product\" data-id=\"R534605\">\n\t\t\t<a href=\"https:\/\/www.mjgasket.com\/vi\/san-pham\/r534605-gioang-co-gop-xa-cho-john-deere\/\" target=\"_self\" rel=\"noopener\">\n\t\t\t\t\t\t\t\t\t\t<div class=\"image\">\n\t\t\t\t\t\t\t<canvas id=\"canvas-R534605\"><\/canvas>\n\t\t\t\t\t\t<\/div>\n\t\t\t\t\t\t\t\t\t\t<div class=\"content\">\n\t\t\t\t\t<div class=\"productBrand\">\n\t\t\t\t\t\t<span class=\"item\">John Deere<\/span>\t\t\t\t\t<\/div>\n\t\t\t\t\t\t\t\t\t\t<div class=\"productType\">\n\t\t\t\t\t\t<span class=\"item\">Gio\u0103ng C\u1ed5 G\u00f3p X\u1ea3<\/span>\t\t\t\t\t\t\n\t\t\t\t\t<\/div>\n\t\t\t\t\t<div class=\"productSku\">R534605<\/div>\n\t\t\t\t<\/div>\n\t\t\t<\/a> \n\t\t<\/div>\n\t\t\r\n\t\t<div class=\"product\" data-id=\"R532724\">\n\t\t\t<a href=\"https:\/\/www.mjgasket.com\/vi\/san-pham\/r532724-gioang-ong-hut-khi-cho-john-deere\/\" target=\"_self\" rel=\"noopener\">\n\t\t\t\t\t\t\t\t\t\t<div class=\"image\">\n\t\t\t\t\t\t\t<canvas id=\"canvas-R532724\"><\/canvas>\n\t\t\t\t\t\t<\/div>\n\t\t\t\t\t\t\t\t\t\t<div class=\"content\">\n\t\t\t\t\t<div class=\"productBrand\">\n\t\t\t\t\t\t<span class=\"item\">John Deere<\/span>\t\t\t\t\t<\/div>\n\t\t\t\t\t\t\t\t\t\t<div class=\"productType\">\n\t\t\t\t\t\t<span class=\"item\">Gio\u0103ng \u1ed0ng H\u00fat Kh\u00ed<\/span>\t\t\t\t\t\t\n\t\t\t\t\t<\/div>\n\t\t\t\t\t<div class=\"productSku\">R532724<\/div>\n\t\t\t\t<\/div>\n\t\t\t<\/a> \n\t\t<\/div>\n\t\t "},"_links":{"self":[{"href":"https:\/\/www.mjgasket.com\/vi\/wp-json\/wp\/v2\/pages\/26418"}],"collection":[{"href":"https:\/\/www.mjgasket.com\/vi\/wp-json\/wp\/v2\/pages"}],"about":[{"href":"https:\/\/www.mjgasket.com\/vi\/wp-json\/wp\/v2\/types\/page"}],"author":[{"embeddable":true,"href":"https:\/\/www.mjgasket.com\/vi\/wp-json\/wp\/v2\/users\/4"}],"replies":[{"embeddable":true,"href":"https:\/\/www.mjgasket.com\/vi\/wp-json\/wp\/v2\/comments?post=26418"}],"version-history":[{"count":3,"href":"https:\/\/www.mjgasket.com\/vi\/wp-json\/wp\/v2\/pages\/26418\/revisions"}],"predecessor-version":[{"id":36683,"href":"https:\/\/www.mjgasket.com\/vi\/wp-json\/wp\/v2\/pages\/26418\/revisions\/36683"}],"up":[{"embeddable":true,"href":"https:\/\/www.mjgasket.com\/vi\/wp-json\/wp\/v2\/pages\/26415"}],"wp:featuredmedia":[{"embeddable":true,"href":"https:\/\/www.mjgasket.com\/vi\/wp-json\/wp\/v2\/media\/26420"}],"wp:attachment":[{"href":"https:\/\/www.mjgasket.com\/vi\/wp-json\/wp\/v2\/media?parent=26418"}],"curies":[{"name":"wp","href":"https:\/\/api.w.org\/{rel}","templated":true}]}}