{"id":26423,"date":"2023-05-26T13:44:26","date_gmt":"2023-05-26T05:44:26","guid":{"rendered":"https:\/\/www.mjgasket.com\/nganh-cong-nghiep-va-ung-dung\/construction-mining-engine-gaskets\/"},"modified":"2024-03-04T12:28:56","modified_gmt":"2024-03-04T04:28:56","slug":"gioang-dong-co-xay-dung-va-khai-thac-mo","status":"publish","type":"page","link":"https:\/\/www.mjgasket.com\/vi\/nganh-cong-nghiep-va-ung-dung\/gioang-dong-co-xay-dung-va-khai-thac-mo\/","title":{"rendered":"Gio\u0103ng \u0110\u1ed9ng C\u01a1 X\u00e2y D\u1ef1ng &#038; Khai Th\u00e1c M\u1ecf"},"content":{"rendered":"","protected":false},"excerpt":{"rendered":"","protected":false},"author":4,"featured_media":26424,"parent":26415,"menu_order":0,"comment_status":"closed","ping_status":"closed","template":"page-child_application.php","meta":{"_acf_changed":false,"footnotes":""},"class_list":["post-26423","page","type-page","status-publish","has-post-thumbnail","hentry"],"acf":{"content_1":"<p>Ng\u00e0nh x\u00e2y d\u1ef1ng v\u00e0 khai th\u00e1c m\u1ecf ho\u1ea1t \u0111\u1ed9ng tr\u00ean quy m\u00f4 to\u00e0n c\u1ea7u, n\u01a1i m\u00e0 \u0111\u1ed9 tin c\u1eady, b\u1ec1n v\u1eefng v\u00e0 hi\u1ec7u su\u1ea5t l\u00e0 ch\u00eca kh\u00f3a cho th\u00e0nh c\u00f4ng. T\u1ea1i MJ Gasket, ch\u00fang t\u00f4i hi\u1ec3u r\u00f5 nh\u1eefng y\u00eau c\u1ea7u kh\u1eaft khe v\u1ec1 \u0111\u1ed9 b\u1ec1n v\u00e0 hi\u1ec7u su\u1ea5t c\u1ee7a m\u00e1y m\u00f3c trong ng\u00e0nh n\u00e0y. \u0110\u00f3 l\u00e0 l\u00fd do ch\u00fang t\u00f4i cung c\u1ea5p c\u00e1c gi\u1ea3i ph\u00e1p \u0111\u00e1ng tin c\u1eady, hi\u1ec7u qu\u1ea3 v\u00e0 b\u1ec1n v\u1eefng cho gio\u0103ng \u0111\u1ed9ng c\u01a1 v\u00e0 c\u00e1c s\u1ea3n ph\u1ea9m li\u00ean quan.<\/p>\n<p>S\u1ea3n ph\u1ea9m c\u1ee7a MJ Gasket \u0111\u01b0\u1ee3c thi\u1ebft k\u1ebf v\u1edbi t\u01b0 duy b\u1ec1n v\u1eefng, t\u1eadp trung v\u00e0o hi\u1ec7u qu\u1ea3 n\u0103ng l\u01b0\u1ee3ng v\u00e0 tr\u00e1ch nhi\u1ec7m m\u00f4i tr\u01b0\u1eddng. B\u1eb1ng c\u00e1ch t\u1ed1i \u01b0u h\u00f3a hi\u1ec7u su\u1ea5t c\u1ee7a thi\u1ebft b\u1ecb x\u00e2y d\u1ef1ng v\u00e0 khai th\u00e1c m\u1ecf, ch\u00fang t\u00f4i gi\u00fap kh\u00e1ch h\u00e0ng c\u1ee7a m\u00ecnh gi\u1ea3m thi\u1ec3u c\u00e1c t\u00e1c \u0111\u1ed9ng \u0111\u1ebfn m\u00f4i tr\u01b0\u1eddng v\u00e0 \u0111\u1ea1t \u0111\u01b0\u1ee3c c\u00e1c m\u1ee5c ti\u00eau b\u1ec1n v\u1eefng c\u1ee7a h\u1ecd.<\/p>\n<p>Khi b\u1ea1n h\u1ee3p t\u00e1c v\u1edbi MJ Gasket, b\u1ea1n s\u1ebd nh\u1eadn \u0111\u01b0\u1ee3c s\u1ef1 h\u1ed7 tr\u1ee3 t\u1eeb m\u1ed9t nh\u00e0 cung c\u1ea5p \u0111\u00e1ng tin c\u1eady, hi\u1ec3u r\u00f5 nhu c\u1ea7u c\u1ee7a ng\u00e0nh x\u00e2y d\u1ef1ng v\u00e0 khai th\u00e1c m\u1ecf. Cam k\u1ebft c\u1ee7a ch\u00fang t\u00f4i v\u1ec1 \u0111\u1ed9 tin c\u1eady, b\u1ec1n v\u1eefng v\u00e0 hi\u1ec7u su\u1ea5t l\u00e0 \u0111i\u1ec3m n\u1ed5i b\u1eadt, v\u00e0 ch\u00fang t\u00f4i kh\u00f4ng ng\u1eebng n\u1ed7 l\u1ef1c v\u01b0\u1ee3t qua k\u1ef3 v\u1ecdng c\u1ee7a kh\u00e1ch h\u00e0ng. V\u1edbi s\u1ef1 \u0111a d\u1ea1ng c\u1ee7a s\u1ea3n ph\u1ea9m v\u00e0 d\u1ecbch v\u1ee5 kh\u00e1ch h\u00e0ng t\u1eadn t\u00e2m, ch\u00fang t\u00f4i s\u1eb5n s\u00e0ng \u0111\u00e1p \u1ee9ng nhu c\u1ea7u \u0111a d\u1ea1ng c\u1ee7a thi\u1ebft b\u1ecb x\u00e2y d\u1ef1ng v\u00e0 khai th\u00e1c m\u1ecf.<\/p>\n","kv":"https:\/\/www.mjgasket.com\/wp-content\/uploads\/constructionMining_banner.png","title_app":"\u1ee8ng D\u1ee5ng","content_app":"<ul>\n<li><a href=\"https:\/\/www.mjgasket.com\/vi\/thuong-hieu\/caterpillar\/\">Caterpillar<\/a>C7, C9, C10, C11, C12, C13, C15, 3406E, C16, C18, C27, C32, 3512, 3516, 3518<\/li>\n<li><a href=\"https:\/\/www.mjgasket.com\/vi\/thuong-hieu\/cummins\/\">Cummins<\/a>QSX15, QSK50, QSK60, QSK78, K19, K38, ISX12, ISX15<\/li>\n<li><a href=\"https:\/\/www.mjgasket.com\/vi\/thuong-hieu\/komatsu\/\">Komatsu<\/a>4D92, 4D94, 4D95, S4D95, 4D102, 4D105, 4D120, 4D130, 6D114, 6D170, 6D155, 6D105, 6D110, S6D125, S6D170, S6D95, 6D140, S6D108, 6D130, S6D102E, 6D107, 12V140, SSDA18V170<\/li>\n<\/ul>\n","product":"\t\t<div class=\"product\" data-id=\"4334081\">\n\t\t\t<a href=\"https:\/\/www.mjgasket.com\/vi\/san-pham\/4334081-gioang-mat-may-cho-cummins\/\" target=\"_self\" rel=\"noopener\">\n\t\t\t\t\t\t\t\t\t\t<div class=\"image\">\n\t\t\t\t\t\t\t<canvas id=\"canvas-4334081\"><\/canvas>\n\t\t\t\t\t\t<\/div>\n\t\t\t\t\t\t\t\t\t\t<div class=\"content\">\n\t\t\t\t\t<div class=\"productBrand\">\n\t\t\t\t\t\t<span class=\"item\">Cummins<\/span>\t\t\t\t\t<\/div>\n\t\t\t\t\t\t\t\t\t\t<div class=\"productType\">\n\t\t\t\t\t\t<span class=\"item\">.020 Qu\u00e1 kh\u1ed5 Gio\u0103ng M\u1eb7t M\u00e1y<\/span>\t\t\t\t\t\t\n\t\t\t\t\t<\/div>\n\t\t\t\t\t<div class=\"productSku\">4334081<\/div>\n\t\t\t\t<\/div>\n\t\t\t<\/a> \n\t\t<\/div>\n\t\t\r\n\t\t<div class=\"product\" data-id=\"3649981\">\n\t\t\t<a href=\"https:\/\/www.mjgasket.com\/vi\/san-pham\/3649981-gioang-mat-may-cho-cummins\/\" target=\"_self\" rel=\"noopener\">\n\t\t\t\t\t\t\t\t\t\t<div class=\"image\">\n\t\t\t\t\t\t\t<canvas id=\"canvas-3649981\"><\/canvas>\n\t\t\t\t\t\t<\/div>\n\t\t\t\t\t\t\t\t\t\t<div class=\"content\">\n\t\t\t\t\t<div class=\"productBrand\">\n\t\t\t\t\t\t<span class=\"item\">Cummins<\/span>\t\t\t\t\t<\/div>\n\t\t\t\t\t\t\t\t\t\t<div class=\"productType\">\n\t\t\t\t\t\t<span class=\"item\">Gio\u0103ng M\u1eb7t M\u00e1y<\/span>\t\t\t\t\t\t\n\t\t\t\t\t<\/div>\n\t\t\t\t\t<div class=\"productSku\">3649981<\/div>\n\t\t\t\t<\/div>\n\t\t\t<\/a> \n\t\t<\/div>\n\t\t\r\n\t\t<div class=\"product\" data-id=\"3171306\">\n\t\t\t<a href=\"https:\/\/www.mjgasket.com\/vi\/san-pham\/3171306-gioang-ong-noi-duong-ra-khi-xa-cho-cummins\/\" target=\"_self\" rel=\"noopener\">\n\t\t\t\t\t\t\t\t\t\t<div class=\"image\">\n\t\t\t\t\t\t\t<canvas id=\"canvas-3171306\"><\/canvas>\n\t\t\t\t\t\t<\/div>\n\t\t\t\t\t\t\t\t\t\t<div class=\"content\">\n\t\t\t\t\t<div class=\"productBrand\">\n\t\t\t\t\t\t<span class=\"item\">Cummins<\/span>\t\t\t\t\t<\/div>\n\t\t\t\t\t\t\t\t\t\t<div class=\"productType\">\n\t\t\t\t\t\t<span class=\"item\">Gio\u0103ng \u1ed0ng N\u1ed1i \u0110\u01b0\u1eddng Ra Kh\u00ed X\u1ea3<\/span>\t\t\t\t\t\t\n\t\t\t\t\t<\/div>\n\t\t\t\t\t<div class=\"productSku\">3171306<\/div>\n\t\t\t\t<\/div>\n\t\t\t<\/a> \n\t\t<\/div>\n\t\t\r\n\t\t<div class=\"product\" data-id=\"3348583\">\n\t\t\t<a href=\"https:\/\/www.mjgasket.com\/vi\/san-pham\/3348583-gioang-than-van-prs-rlf-cho-cummins\/\" target=\"_self\" rel=\"noopener\">\n\t\t\t\t\t\t\t\t\t\t<div class=\"image\">\n\t\t\t\t\t\t\t<canvas id=\"canvas-3348583\"><\/canvas>\n\t\t\t\t\t\t<\/div>\n\t\t\t\t\t\t\t\t\t\t<div class=\"content\">\n\t\t\t\t\t<div class=\"productBrand\">\n\t\t\t\t\t\t<span class=\"item\">Cummins<\/span>\t\t\t\t\t<\/div>\n\t\t\t\t\t\t\t\t\t\t<div class=\"productType\">\n\t\t\t\t\t\t<span class=\"item\">Gio\u0103ng Th\u00e2n Van PRS RLF<\/span>\t\t\t\t\t\t\n\t\t\t\t\t<\/div>\n\t\t\t\t\t<div class=\"productSku\">3348583<\/div>\n\t\t\t\t<\/div>\n\t\t\t<\/a> \n\t\t<\/div>\n\t\t","application_info":[{"title_type":"Gio\u0103ng B\u01a1m Th\u1ee7y L\u1ef1c","content_type":"<p>Ngo\u00e0i gio\u0103ng m\u1eb7t m\u00e1y, gio\u0103ng \u1ed1ng x\u1ea3 v\u00e0 gio\u0103ng \u0111\u00e1y c\u00e1c te d\u1ea7u, MJ Gasket c\u0169ng cung c\u1ea5p gio\u0103ng b\u01a1m th\u1ee7y l\u1ef1c \u0111\u1ec3 \u0111\u00e1p \u1ee9ng nhu c\u1ea7u c\u1ee7a kh\u00e1ch h\u00e0ng.<\/p>\n<p>\u0110\u1ed1i v\u1edbi c\u00e1c \u1ee9ng d\u1ee5ng b\u01a1m th\u1ee7y l\u1ef1c, gio\u0103ng b\u01a1m th\u1ee7y l\u1ef1c s\u1eed d\u1ee5ng c\u00e1c v\u1eadt li\u1ec7u l\u00fd t\u01b0\u1edfng nh\u01b0 RCM v\u00e0 cao su k\u1eb9p kim lo\u1ea1i. Nh\u1eefng v\u1eadt li\u1ec7u n\u00e0y \u0111\u01b0\u1ee3c l\u1ef1a ch\u1ecdn \u0111\u1ec3 \u0111\u1ea3m b\u1ea3o hi\u1ec7u su\u1ea5t t\u1ed1i \u01b0u trong m\u00f4i tr\u01b0\u1eddng \u00e1p su\u1ea5t cao. Gio\u0103ng cao su c\u00f3 kh\u1ea3 n\u0103ng l\u00e0m k\u00edn v\u01b0\u1ee3t tr\u1ed9i v\u00e0 linh ho\u1ea1t, \u0111\u1ea3m b\u1ea3o ho\u1ea1t \u0111\u1ed9ng tin c\u1eady cho b\u01a1m th\u1ee7y l\u1ef1c.<\/p>\n","title_type_app":"","content_type_app":"","product_type_app":"\t\t<div class=\"product\" data-id=\"70412-626\">\n\t\t\t<a href=\"https:\/\/www.mjgasket.com\/vi\/san-pham\/70412-626-gioang-vo-may-bom-cho-eaton\/\" target=\"_self\" rel=\"noopener\">\n\t\t\t\t\t\t\t\t\t\t<div class=\"image\">\n\t\t\t\t\t\t\t<canvas id=\"canvas-70412-626\"><\/canvas>\n\t\t\t\t\t\t<\/div>\n\t\t\t\t\t\t\t\t\t\t<div class=\"content\">\n\t\t\t\t\t<div class=\"productBrand\">\n\t\t\t\t\t\t<span class=\"item\">Eaton<\/span>\t\t\t\t\t<\/div>\n\t\t\t\t\t\t\t\t\t\t<div class=\"productType\">\n\t\t\t\t\t\t<span class=\"item\">Gio\u0103ng V\u1ecf M\u00e1y B\u01a1m<\/span>\t\t\t\t\t\t\n\t\t\t\t\t<\/div>\n\t\t\t\t\t<div class=\"productSku\">70412-626<\/div>\n\t\t\t\t<\/div>\n\t\t\t<\/a> \n\t\t<\/div>\n\t\t\r\n\t\t<div class=\"product\" data-id=\"513631\">\n\t\t\t<a href=\"https:\/\/www.mjgasket.com\/vi\/san-pham\/513631-gioang-bom-cho-vickers\/\" target=\"_self\" rel=\"noopener\">\n\t\t\t\t\t\t\t\t\t\t<div class=\"image\">\n\t\t\t\t\t\t\t<canvas id=\"canvas-513631\"><\/canvas>\n\t\t\t\t\t\t<\/div>\n\t\t\t\t\t\t\t\t\t\t<div class=\"content\">\n\t\t\t\t\t<div class=\"productBrand\">\n\t\t\t\t\t\t<span class=\"item\">Vickers<\/span>\t\t\t\t\t<\/div>\n\t\t\t\t\t\t\t\t\t\t<div class=\"productType\">\n\t\t\t\t\t\t<span class=\"item\">Gio\u0103ng B\u01a1m<\/span>\t\t\t\t\t\t\n\t\t\t\t\t<\/div>\n\t\t\t\t\t<div class=\"productSku\">513631<\/div>\n\t\t\t\t<\/div>\n\t\t\t<\/a> \n\t\t<\/div>\n\t\t\r\n\t\t<div class=\"product\" data-id=\"511809\">\n\t\t\t<a href=\"https:\/\/www.mjgasket.com\/vi\/san-pham\/511809-gioang-nap-end-cap-cho-danfoss\/\" target=\"_self\" rel=\"noopener\">\n\t\t\t\t\t\t\t\t\t\t<div class=\"image\">\n\t\t\t\t\t\t\t<canvas id=\"canvas-511809\"><\/canvas>\n\t\t\t\t\t\t<\/div>\n\t\t\t\t\t\t\t\t\t\t<div class=\"content\">\n\t\t\t\t\t<div class=\"productBrand\">\n\t\t\t\t\t\t<span class=\"item\">Danfoss<\/span>\t\t\t\t\t<\/div>\n\t\t\t\t\t\t\t\t\t\t<div class=\"productType\">\n\t\t\t\t\t\t<span class=\"item\">Gio\u0103ng N\u1eafp End Cap<\/span>\t\t\t\t\t\t\n\t\t\t\t\t<\/div>\n\t\t\t\t\t<div class=\"productSku\">511809<\/div>\n\t\t\t\t<\/div>\n\t\t\t<\/a> \n\t\t<\/div>\n\t\t\r\n\t\t<div class=\"product\" data-id=\"9T7780\">\n\t\t\t<a href=\"https:\/\/www.mjgasket.com\/vi\/san-pham\/9t7780-gioang-bom-thuy-luc-cho-caterpillar\/\" target=\"_self\" rel=\"noopener\">\n\t\t\t\t\t\t\t\t\t\t<div class=\"image\">\n\t\t\t\t\t\t\t<canvas id=\"canvas-9T7780\"><\/canvas>\n\t\t\t\t\t\t<\/div>\n\t\t\t\t\t\t\t\t\t\t<div class=\"content\">\n\t\t\t\t\t<div class=\"productBrand\">\n\t\t\t\t\t\t<span class=\"item\">Caterpillar<\/span>\t\t\t\t\t<\/div>\n\t\t\t\t\t\t\t\t\t\t<div class=\"productType\">\n\t\t\t\t\t\t<span class=\"item\">Gio\u0103ng B\u01a1m Th\u1ee7y L\u1ef1c<\/span>\t\t\t\t\t\t\n\t\t\t\t\t<\/div>\n\t\t\t\t\t<div class=\"productSku\">9T7780<\/div>\n\t\t\t\t<\/div>\n\t\t\t<\/a> \n\t\t<\/div>\n\t\t"}]},"_links":{"self":[{"href":"https:\/\/www.mjgasket.com\/vi\/wp-json\/wp\/v2\/pages\/26423"}],"collection":[{"href":"https:\/\/www.mjgasket.com\/vi\/wp-json\/wp\/v2\/pages"}],"about":[{"href":"https:\/\/www.mjgasket.com\/vi\/wp-json\/wp\/v2\/types\/page"}],"author":[{"embeddable":true,"href":"https:\/\/www.mjgasket.com\/vi\/wp-json\/wp\/v2\/users\/4"}],"replies":[{"embeddable":true,"href":"https:\/\/www.mjgasket.com\/vi\/wp-json\/wp\/v2\/comments?post=26423"}],"version-history":[{"count":3,"href":"https:\/\/www.mjgasket.com\/vi\/wp-json\/wp\/v2\/pages\/26423\/revisions"}],"predecessor-version":[{"id":36684,"href":"https:\/\/www.mjgasket.com\/vi\/wp-json\/wp\/v2\/pages\/26423\/revisions\/36684"}],"up":[{"embeddable":true,"href":"https:\/\/www.mjgasket.com\/vi\/wp-json\/wp\/v2\/pages\/26415"}],"wp:featuredmedia":[{"embeddable":true,"href":"https:\/\/www.mjgasket.com\/vi\/wp-json\/wp\/v2\/media\/26424"}],"wp:attachment":[{"href":"https:\/\/www.mjgasket.com\/vi\/wp-json\/wp\/v2\/media?parent=26423"}],"curies":[{"name":"wp","href":"https:\/\/api.w.org\/{rel}","templated":true}]}}