{"id":26432,"date":"2023-05-26T13:45:35","date_gmt":"2023-05-26T05:45:35","guid":{"rendered":"https:\/\/www.mjgasket.com\/nganh-cong-nghiep-va-ung-dung\/marine-engine-gaskets\/"},"modified":"2024-03-08T13:41:07","modified_gmt":"2024-03-08T05:41:07","slug":"gioang-dong-co-hang-hai","status":"publish","type":"page","link":"https:\/\/www.mjgasket.com\/vi\/nganh-cong-nghiep-va-ung-dung\/gioang-dong-co-hang-hai\/","title":{"rendered":"Gio\u0103ng \u0110\u1ed9ng C\u01a1 H\u00e0ng H\u1ea3i"},"content":{"rendered":"","protected":false},"excerpt":{"rendered":"","protected":false},"author":4,"featured_media":26433,"parent":26415,"menu_order":0,"comment_status":"closed","ping_status":"closed","template":"page-applications_MarineEngineGaskets.php","meta":{"_acf_changed":false,"footnotes":""},"class_list":["post-26432","page","type-page","status-publish","has-post-thumbnail","hentry"],"acf":{"content_1":"<p>Ng\u00e0nh c\u00f4ng nghi\u1ec7p h\u00e0ng h\u1ea3i \u0111ang ch\u1ee9ng ki\u1ebfn nhu c\u1ea7u t\u0103ng cao \u0111\u1ed1i v\u1edbi c\u00e1c lo\u1ea1i t\u00e0u hi\u1ec7n \u0111\u1ea1i v\u00e0 \u0111a n\u0103ng tr\u00ean m\u1ecdi ph\u00e2n kh\u00fac. \u0110i\u1ec1u n\u00e0y c\u0169ng \u0111\u1ed3ng ngh\u0129a v\u1edbi nh\u1eefng ph\u1ee9c t\u1ea1p trong thi\u1ebft k\u1ebf t\u00e0u v\u00e0 t\u0103ng th\u00eam r\u1ee7i ro cho c\u00e1c x\u01b0\u1edfng \u0111\u00f3ng t\u00e0u. \u0110\u1ec3 \u0111\u1ed1i ph\u00f3 v\u1edbi nh\u1eefng th\u00e1ch th\u1ee9c n\u00e0y, MJ Gasket cung c\u1ea5p chuy\u00ean m\u00f4n trong qu\u1ea3n l\u00fd v\u00e0 gi\u1ea3m thi\u1ec3u nh\u1eefng v\u1ea5n \u0111\u1ec1 li\u00ean quan \u0111\u1ebfn s\u1ef1 ph\u1ee9c t\u1ea1p ng\u00e0y c\u00e0ng t\u0103ng trong thi\u1ebft k\u1ebf.<\/p>\n<p>T\u1ea1i MJ Gasket, ch\u00fang t\u00f4i cam k\u1ebft h\u1ed7 tr\u1ee3 c\u00e1c nh\u00e0 \u0111\u00f3ng t\u00e0u b\u1eb1ng c\u00e1ch cung c\u1ea5p c\u00e1c gi\u1ea3i ph\u00e1p s\u00e1ng t\u1ea1o v\u1ec1 gio\u0103ng ph\u1edbt \u0111\u00e1p \u1ee9ng nhu c\u1ea7u l\u00e0m k\u00edn \u0111\u1ed9c \u0111\u00e1o c\u1ee7a ng\u00e0nh h\u00e0ng h\u1ea3i. Ch\u00fang t\u00f4i t\u1eadp trung v\u00e0o vi\u1ec7c \u00e1p d\u1ee5ng c\u00f4ng ngh\u1ec7 ti\u00ean ti\u1ebfn v\u00e0 b\u1ec1n v\u1eefng, gi\u00fap gi\u1ea3m ch\u1ea5t th\u1ea3i, ti\u1ebft ki\u1ec7m nhi\u00ean li\u1ec7u v\u00e0 tu\u00e2n th\u1ee7 c\u00e1c ti\u00eau chu\u1ea9n m\u00f4i tr\u01b0\u1eddng nghi\u00eam ng\u1eb7t.<\/p>\n<p>H\u01a1n n\u1eefa, ch\u00fang t\u00f4i nh\u1eadn th\u1ee9c s\u00e2u s\u1eafc v\u1ec1 t\u1ea7m quan tr\u1ecdng c\u1ee7a vi\u1ec7c t\u1ed1i \u01b0u ho\u1ea1t \u0111\u1ed9ng v\u00e0 gi\u1ea3m chi ph\u00ed trong m\u1ed9t th\u1ecb tr\u01b0\u1eddng c\u1ea1nh tranh. S\u1ea3n ph\u1ea9m v\u00e0 d\u1ecbch v\u1ee5 c\u1ee7a ch\u00fang t\u00f4i \u0111\u01b0\u1ee3c thi\u1ebft k\u1ebf \u0111\u1ec3 c\u1ea3i thi\u1ec7n hi\u1ec7u qu\u1ea3, gi\u1ea3m y\u00eau c\u1ea7u b\u1ea3o d\u01b0\u1ee1ng v\u00e0 ti\u1ebft ki\u1ec7m chi ph\u00ed v\u00f2ng \u0111\u1eddi. MJ Gasket cam k\u1ebft h\u1ed7 tr\u1ee3 kh\u00e1ch h\u00e0ng c\u1ee7a m\u00ecnh v\u01b0\u1ee3t qua nh\u1eefng th\u00e1ch th\u1ee9c \u0111a d\u1ea1ng m\u00e0 h\u1ecd \u0111ang ph\u1ea3i \u0111\u1ed1i m\u1eb7t. B\u1eb1ng c\u00e1ch cung c\u1ea5p c\u00f4ng ngh\u1ec7 \u0111\u1ed5i m\u1edbi, ch\u00fang t\u00f4i gi\u00fap n\u00e2ng cao hi\u1ec7u su\u1ea5t t\u00e0u, gi\u1ea3m ch\u1ea5t th\u1ea3i v\u00e0 tu\u00e2n th\u1ee7 quy \u0111\u1ecbnh m\u00f4i tr\u01b0\u1eddng, t\u1ea1o ra m\u1ed9t t\u01b0\u01a1ng lai b\u1ec1n v\u1eefng cho ng\u00e0nh c\u00f4ng nghi\u1ec7p h\u00e0ng h\u1ea3i.<\/p>\n","kv":"https:\/\/www.mjgasket.com\/wp-content\/uploads\/marine_banner.png","title_app":"\u1ee8ng D\u1ee5ng","content_app":"<ul>\n<li><a href=\"https:\/\/www.mjgasket.com\/vi\/thuong-hieu\/mtu\/\">MTU<\/a>2000 Series, 4000 Series, 396 Series<\/li>\n<li><a href=\"https:\/\/www.mjgasket.com\/vi\/thuong-hieu\/caterpillar\/\">Caterpillar<\/a>C18, C32<\/li>\n<li><a href=\"https:\/\/www.mjgasket.com\/vi\/thuong-hieu\/detroit-diesel\/\">Detroit Diesel<\/a>S60<\/li>\n<\/ul>\n","product":"\t\t<div class=\"product\" data-id=\"X52404200052\">\n\t\t\t<a href=\"https:\/\/www.mjgasket.com\/vi\/san-pham\/x52404200052-vong-phot-mat-may-cho-mtu\/\" target=\"_self\" rel=\"noopener\">\n\t\t\t\t\t\t\t\t\t\t<div class=\"image\">\n\t\t\t\t\t\t\t<canvas id=\"canvas-X52404200052\"><\/canvas>\n\t\t\t\t\t\t<\/div>\n\t\t\t\t\t\t\t\t\t\t<div class=\"content\">\n\t\t\t\t\t<div class=\"productBrand\">\n\t\t\t\t\t\t<span class=\"item\">MTU<\/span>\t\t\t\t\t<\/div>\n\t\t\t\t\t\t\t\t\t\t<div class=\"productType\">\n\t\t\t\t\t\t<span class=\"item\">V\u00f2ng Ph\u1edbt M\u1eb7t M\u00e1y<\/span>\t\t\t\t\t\t\n\t\t\t\t\t<\/div>\n\t\t\t\t\t<div class=\"productSku\">X52404200052<\/div>\n\t\t\t\t<\/div>\n\t\t\t<\/a> \n\t\t<\/div>\n\t\t\r\n\t\t<div class=\"product\" data-id=\"X51204200003\">\n\t\t\t<a href=\"https:\/\/www.mjgasket.com\/vi\/san-pham\/x51204200003-gioang-nap-gian-co-cho-mtu\/\" target=\"_self\" rel=\"noopener\">\n\t\t\t\t\t\t\t\t\t\t<div class=\"image\">\n\t\t\t\t\t\t\t<canvas id=\"canvas-X51204200003\"><\/canvas>\n\t\t\t\t\t\t<\/div>\n\t\t\t\t\t\t\t\t\t\t<div class=\"content\">\n\t\t\t\t\t<div class=\"productBrand\">\n\t\t\t\t\t\t<span class=\"item\">MTU<\/span>\t\t\t\t\t<\/div>\n\t\t\t\t\t\t\t\t\t\t<div class=\"productType\">\n\t\t\t\t\t\t<span class=\"item\">Gio\u0103ng N\u1eafp Gi\u00e0n C\u00f2<\/span>\t\t\t\t\t\t\n\t\t\t\t\t<\/div>\n\t\t\t\t\t<div class=\"productSku\">X51204200003<\/div>\n\t\t\t\t<\/div>\n\t\t\t<\/a> \n\t\t<\/div>\n\t\t\r\n\t\t<div class=\"product\" data-id=\"X52404200037\">\n\t\t\t<a href=\"https:\/\/www.mjgasket.com\/vi\/san-pham\/x52404200037-gioang-mat-may-cho-mtu\/\" target=\"_self\" rel=\"noopener\">\n\t\t\t\t\t\t\t\t\t\t<div class=\"image\">\n\t\t\t\t\t\t\t<canvas id=\"canvas-X52404200037\"><\/canvas>\n\t\t\t\t\t\t<\/div>\n\t\t\t\t\t\t\t\t\t\t<div class=\"content\">\n\t\t\t\t\t<div class=\"productBrand\">\n\t\t\t\t\t\t<span class=\"item\">MTU<\/span>\t\t\t\t\t<\/div>\n\t\t\t\t\t\t\t\t\t\t<div class=\"productType\">\n\t\t\t\t\t\t<span class=\"item\">Gio\u0103ng M\u1eb7t M\u00e1y<\/span>\t\t\t\t\t\t\n\t\t\t\t\t<\/div>\n\t\t\t\t\t<div class=\"productSku\">X52404200037<\/div>\n\t\t\t\t<\/div>\n\t\t\t<\/a> \n\t\t<\/div>\n\t\t\r\n\t\t<div class=\"product\" data-id=\"7E8028\">\n\t\t\t<a href=\"https:\/\/www.mjgasket.com\/vi\/san-pham\/7e8028-gioang-mat-may-cho-caterpillar\/\" target=\"_self\" rel=\"noopener\">\n\t\t\t\t\t\t\t\t\t\t<div class=\"image\">\n\t\t\t\t\t\t\t<canvas id=\"canvas-7E8028\"><\/canvas>\n\t\t\t\t\t\t<\/div>\n\t\t\t\t\t\t\t\t\t\t<div class=\"content\">\n\t\t\t\t\t<div class=\"productBrand\">\n\t\t\t\t\t\t<span class=\"item\">Caterpillar<\/span>\t\t\t\t\t<\/div>\n\t\t\t\t\t\t\t\t\t\t<div class=\"productType\">\n\t\t\t\t\t\t<span class=\"item\">Gio\u0103ng M\u1eb7t M\u00e1y<\/span>\t\t\t\t\t\t\n\t\t\t\t\t<\/div>\n\t\t\t\t\t<div class=\"productSku\">7E8028<\/div>\n\t\t\t\t<\/div>\n\t\t\t<\/a> \n\t\t<\/div>\n\t\t","application_info":[{"title_type":"Gio\u0103ng Thi\u1ebft B\u1ecb Trao \u0110\u1ed5i Nhi\u1ec7t D\u1ea1ng T\u1ea5m","content_type":"<p>Thi\u1ebft b\u1ecb trao \u0111\u1ed5i nhi\u1ec7t d\u1ea1ng t\u1ea5m hay t\u1ea5m trao \u0111\u1ed5i nhi\u1ec7t (PHE) l\u00e0 m\u1ed9t lo\u1ea1i trao \u0111\u1ed5i nhi\u1ec7t linh ho\u1ea1t, c\u00f3 s\u1eb5n v\u1edbi nhi\u1ec1u k\u00edch c\u1ee1, th\u01b0\u1eddng dao \u0111\u1ed9ng t\u1eeb 30 inch \u0111\u1ebfn 80 inch.<\/p>\n<p>\u0110\u1ed1i v\u1edbi v\u1eadt li\u1ec7u \u0111\u01b0\u1ee3c s\u1eed d\u1ee5ng cho gio\u0103ng cao su ni\u00eam phong c\u1ee7a trao \u0111\u1ed5i nhi\u1ec7t, ch\u00fang t\u00f4i ch\u1ee7 y\u1ebfu cung c\u1ea5p gio\u0103ng ch\u1ea5t l\u01b0\u1ee3ng cao l\u00e0m t\u1eeb NBR, EPDM v\u00e0 FKM. Nh\u1eefng gio\u0103ng n\u00e0y \u0111\u01b0\u1ee3c thi\u1ebft k\u1ebf \u0111\u1eb7c bi\u1ec7t cho \u0111\u1ed9ng c\u01a1 t\u00e0u bi\u1ec3n, bao g\u1ed3m c\u00e1c th\u01b0\u01a1ng hi\u1ec7u n\u1ed5i ti\u1ebfng nh\u01b0 Caterpillar, MTU v\u00e0 Volvo Penta.<\/p>\n","title_type_app":"\u1ee8ng D\u1ee5ng","content_type_app":"<ul>\n<li><a href=\"https:\/\/www.mjgasket.com\/vi\/phan-loai\/gioang-thiet-bi-trao-doi-nhiet-dang-tam\/?brands=caterpillar&amp;per_page=24\">Caterpillar<\/a>3406E, 3412E, C15, C18, C32<\/li>\n<li><a href=\"https:\/\/www.mjgasket.com\/vi\/phan-loai\/gioang-thiet-bi-trao-doi-nhiet-dang-tam\/?brands=mtu&amp;per_page=24\">MTU<\/a>2000 Series, 4000 Series, 183 Series, 396 Series<\/li>\n<li><a href=\"https:\/\/www.mjgasket.com\/vi\/phan-loai\/gioang-thiet-bi-trao-doi-nhiet-dang-tam\/?brands=detroit-diesel&amp;per_page=24\">Detroit Diesel<\/a>60 Series<\/li>\n<li><a href=\"https:\/\/www.mjgasket.com\/vi\/phan-loai\/gioang-thiet-bi-trao-doi-nhiet-dang-tam\/?brands=alfa-laval&amp;per_page=24\">Alfa Laval<\/a>M6, M10, M6-M<\/li>\n<li><a href=\"https:\/\/www.mjgasket.com\/vi\/phan-loai\/gioang-thiet-bi-trao-doi-nhiet-dang-tam\/\">Tranter<\/a>GMD010<\/li>\n<\/ul>\n","product_type_app":"\t\t<div class=\"product\" data-id=\"1255594\">\n\t\t\t<a href=\"https:\/\/www.mjgasket.com\/vi\/san-pham\/1255594-gioang-thiet-bi-trao-doi-nhiet-dang-tam-cho-caterpillar\/\" target=\"_self\" rel=\"noopener\">\n\t\t\t\t\t\t\t\t\t\t<div class=\"image\">\n\t\t\t\t\t\t\t<canvas id=\"canvas-1255594\"><\/canvas>\n\t\t\t\t\t\t<\/div>\n\t\t\t\t\t\t\t\t\t\t<div class=\"content\">\n\t\t\t\t\t<div class=\"productBrand\">\n\t\t\t\t\t\t<span class=\"item\">Caterpillar<\/span>\t\t\t\t\t<\/div>\n\t\t\t\t\t\t\t\t\t\t<div class=\"productType\">\n\t\t\t\t\t\t<span class=\"item\">Gio\u0103ng Thi\u1ebft B\u1ecb Trao \u0110\u1ed5i Nhi\u1ec7t D\u1ea1ng T\u1ea5m<\/span>\t\t\t\t\t\t\n\t\t\t\t\t<\/div>\n\t\t\t\t\t<div class=\"productSku\">1255594<\/div>\n\t\t\t\t<\/div>\n\t\t\t<\/a> \n\t\t<\/div>\n\t\t\r\n\t\t<div class=\"product\" data-id=\"1255595\">\n\t\t\t<a href=\"https:\/\/www.mjgasket.com\/vi\/san-pham\/1255595-gioang-thiet-bi-trao-doi-nhiet-dang-tam-cho-caterpillar\/\" target=\"_self\" rel=\"noopener\">\n\t\t\t\t\t\t\t\t\t\t<div class=\"image\">\n\t\t\t\t\t\t\t<canvas id=\"canvas-1255595\"><\/canvas>\n\t\t\t\t\t\t<\/div>\n\t\t\t\t\t\t\t\t\t\t<div class=\"content\">\n\t\t\t\t\t<div class=\"productBrand\">\n\t\t\t\t\t\t<span class=\"item\">Caterpillar<\/span>\t\t\t\t\t<\/div>\n\t\t\t\t\t\t\t\t\t\t<div class=\"productType\">\n\t\t\t\t\t\t<span class=\"item\">Gio\u0103ng Thi\u1ebft B\u1ecb Trao \u0110\u1ed5i Nhi\u1ec7t D\u1ea1ng T\u1ea5m<\/span>\t\t\t\t\t\t\n\t\t\t\t\t<\/div>\n\t\t\t\t\t<div class=\"productSku\">1255595<\/div>\n\t\t\t\t<\/div>\n\t\t\t<\/a> \n\t\t<\/div>\n\t\t\r\n\t\t<div class=\"product\" data-id=\"8692030083\">\n\t\t\t<a href=\"https:\/\/www.mjgasket.com\/vi\/san-pham\/8692030083-gioang-thiet-bi-trao-doi-nhiet-dang-tam-cho-mtu\/\" target=\"_self\" rel=\"noopener\">\n\t\t\t\t\t\t\t\t\t\t<div class=\"image\">\n\t\t\t\t\t\t\t<canvas id=\"canvas-8692030083\"><\/canvas>\n\t\t\t\t\t\t<\/div>\n\t\t\t\t\t\t\t\t\t\t<div class=\"content\">\n\t\t\t\t\t<div class=\"productBrand\">\n\t\t\t\t\t\t<span class=\"item\">MTU<\/span>\t\t\t\t\t<\/div>\n\t\t\t\t\t\t\t\t\t\t<div class=\"productType\">\n\t\t\t\t\t\t<span class=\"item\">Gio\u0103ng Thi\u1ebft B\u1ecb Trao \u0110\u1ed5i Nhi\u1ec7t D\u1ea1ng T\u1ea5m<\/span>\t\t\t\t\t\t\n\t\t\t\t\t<\/div>\n\t\t\t\t\t<div class=\"productSku\">8692030083<\/div>\n\t\t\t\t<\/div>\n\t\t\t<\/a> \n\t\t<\/div>\n\t\t\r\n\t\t<div class=\"product\" data-id=\"8499970065\">\n\t\t\t<a href=\"https:\/\/www.mjgasket.com\/vi\/san-pham\/8499970065-gioang-thiet-bi-trao-doi-nhiet-dang-tam-cho-mtu\/\" target=\"_self\" rel=\"noopener\">\n\t\t\t\t\t\t\t\t\t\t<div class=\"image\">\n\t\t\t\t\t\t\t<canvas id=\"canvas-8499970065\"><\/canvas>\n\t\t\t\t\t\t<\/div>\n\t\t\t\t\t\t\t\t\t\t<div class=\"content\">\n\t\t\t\t\t<div class=\"productBrand\">\n\t\t\t\t\t\t<span class=\"item\">MTU<\/span>\t\t\t\t\t<\/div>\n\t\t\t\t\t\t\t\t\t\t<div class=\"productType\">\n\t\t\t\t\t\t<span class=\"item\">Gio\u0103ng Thi\u1ebft B\u1ecb Trao \u0110\u1ed5i Nhi\u1ec7t D\u1ea1ng T\u1ea5m<\/span>\t\t\t\t\t\t\n\t\t\t\t\t<\/div>\n\t\t\t\t\t<div class=\"productSku\">8499970065<\/div>\n\t\t\t\t<\/div>\n\t\t\t<\/a> \n\t\t<\/div>\n\t\t \r\n\t\t<div class=\"product\" data-id=\"1255600\">\n\t\t\t<a href=\"https:\/\/www.mjgasket.com\/vi\/san-pham\/1255600-gioang-thiet-bi-trao-doi-nhiet-dang-tam-cho-caterpillar\/\" target=\"_self\" rel=\"noopener\">\n\t\t\t\t\t\t\t\t\t\t<div class=\"image\">\n\t\t\t\t\t\t\t<canvas id=\"canvas-1255600\"><\/canvas>\n\t\t\t\t\t\t<\/div>\n\t\t\t\t\t\t\t\t\t\t<div class=\"content\">\n\t\t\t\t\t<div class=\"productBrand\">\n\t\t\t\t\t\t<span class=\"item\">Caterpillar<\/span>\t\t\t\t\t<\/div>\n\t\t\t\t\t\t\t\t\t\t<div class=\"productType\">\n\t\t\t\t\t\t<span class=\"item\">Gio\u0103ng Thi\u1ebft B\u1ecb Trao \u0110\u1ed5i Nhi\u1ec7t D\u1ea1ng T\u1ea5m<\/span>\t\t\t\t\t\t\n\t\t\t\t\t<\/div>\n\t\t\t\t\t<div class=\"productSku\">1255600<\/div>\n\t\t\t\t<\/div>\n\t\t\t<\/a> \n\t\t<\/div>\n\t\t"}]},"_links":{"self":[{"href":"https:\/\/www.mjgasket.com\/vi\/wp-json\/wp\/v2\/pages\/26432"}],"collection":[{"href":"https:\/\/www.mjgasket.com\/vi\/wp-json\/wp\/v2\/pages"}],"about":[{"href":"https:\/\/www.mjgasket.com\/vi\/wp-json\/wp\/v2\/types\/page"}],"author":[{"embeddable":true,"href":"https:\/\/www.mjgasket.com\/vi\/wp-json\/wp\/v2\/users\/4"}],"replies":[{"embeddable":true,"href":"https:\/\/www.mjgasket.com\/vi\/wp-json\/wp\/v2\/comments?post=26432"}],"version-history":[{"count":3,"href":"https:\/\/www.mjgasket.com\/vi\/wp-json\/wp\/v2\/pages\/26432\/revisions"}],"predecessor-version":[{"id":36722,"href":"https:\/\/www.mjgasket.com\/vi\/wp-json\/wp\/v2\/pages\/26432\/revisions\/36722"}],"up":[{"embeddable":true,"href":"https:\/\/www.mjgasket.com\/vi\/wp-json\/wp\/v2\/pages\/26415"}],"wp:featuredmedia":[{"embeddable":true,"href":"https:\/\/www.mjgasket.com\/vi\/wp-json\/wp\/v2\/media\/26433"}],"wp:attachment":[{"href":"https:\/\/www.mjgasket.com\/vi\/wp-json\/wp\/v2\/media?parent=26432"}],"curies":[{"name":"wp","href":"https:\/\/api.w.org\/{rel}","templated":true}]}}