{"id":36651,"date":"2022-01-05T01:00:17","date_gmt":"2022-01-05T01:00:17","guid":{"rendered":"https:\/\/www.mjgasket.com\/brands\/"},"modified":"2024-03-12T09:17:44","modified_gmt":"2024-03-12T01:17:44","slug":"thuong-hieu","status":"publish","type":"page","link":"https:\/\/www.mjgasket.com\/vi\/thuong-hieu\/","title":{"rendered":"Th\u01b0\u01a1ng hi\u1ec7u"},"content":{"rendered":"<p>MJ GASKET c\u00f3 h\u01a1n 40 n\u0103m kinh nghi\u1ec7m v\u1ec1 s\u1ea3n xu\u1ea5t gio\u0103ng \u0111\u1ed9ng c\u01a1 v\u00e0 c\u00e1c b\u1ed9 ph\u1eadn li\u00ean quan cho nhi\u1ec1u th\u01b0\u01a1ng hi\u1ec7u ph\u1ee5 t\u00f9ng thay th\u1ebf.<br \/>\nNg\u00e0y nay, ch\u00fang t\u00f4i v\u1eabn ti\u1ebfp t\u1ee5c nghi\u00ean c\u1ee9u v\u00e0 ph\u00e1t tri\u1ec3n gio\u0103ng \u0111\u1ed9ng c\u01a1 \u0111\u1ec3 tr\u1edf th\u00e0nh \u0111\u1ed1i t\u00e1c tin c\u1eady v\u00e0 h\u1ed7 tr\u1ee3 m\u1ea1nh m\u1ebd cho kh\u00e1ch h\u00e0ng.<\/p>\n","protected":false},"excerpt":{"rendered":"<p>MJ GASKET c\u00f3 h\u01a1n 40 n\u0103m kinh nghi\u1ec7m v\u1ec1 s\u1ea3n xu\u1ea5t gio\u0103ng \u0111\u1ed9ng c\u01a1 v\u00e0 c\u00e1c b\u1ed9 ph\u1eadn li\u00ean quan<\/p>\n","protected":false},"author":4,"featured_media":0,"parent":0,"menu_order":0,"comment_status":"closed","ping_status":"closed","template":"brands.php","meta":{"_acf_changed":false,"footnotes":""},"class_list":["post-36651","page","type-page","status-publish","hentry"],"acf":false,"_links":{"self":[{"href":"https:\/\/www.mjgasket.com\/vi\/wp-json\/wp\/v2\/pages\/36651"}],"collection":[{"href":"https:\/\/www.mjgasket.com\/vi\/wp-json\/wp\/v2\/pages"}],"about":[{"href":"https:\/\/www.mjgasket.com\/vi\/wp-json\/wp\/v2\/types\/page"}],"author":[{"embeddable":true,"href":"https:\/\/www.mjgasket.com\/vi\/wp-json\/wp\/v2\/users\/4"}],"replies":[{"embeddable":true,"href":"https:\/\/www.mjgasket.com\/vi\/wp-json\/wp\/v2\/comments?post=36651"}],"version-history":[{"count":3,"href":"https:\/\/www.mjgasket.com\/vi\/wp-json\/wp\/v2\/pages\/36651\/revisions"}],"predecessor-version":[{"id":36887,"href":"https:\/\/www.mjgasket.com\/vi\/wp-json\/wp\/v2\/pages\/36651\/revisions\/36887"}],"wp:attachment":[{"href":"https:\/\/www.mjgasket.com\/vi\/wp-json\/wp\/v2\/media?parent=36651"}],"curies":[{"name":"wp","href":"https:\/\/api.w.org\/{rel}","templated":true}]}}