{"id":36655,"date":"2022-01-05T03:02:27","date_gmt":"2022-01-05T03:02:27","guid":{"rendered":"https:\/\/www.mjgasket.com\/types\/"},"modified":"2025-03-28T11:46:37","modified_gmt":"2025-03-28T03:46:37","slug":"phan-loai","status":"publish","type":"page","link":"https:\/\/www.mjgasket.com\/vi\/phan-loai\/","title":{"rendered":"Ph\u00e2n Lo\u1ea1i"},"content":{"rendered":"<p>MJ GASKET boasts more than four decades of expertise in the manufacturing of high-quality aftermarket engine gaskets and related components for diverse brands. Presently, we continue to refine our craft with an unwavering commitment to serve as a stalwart ally to our esteemed clientele.<\/p>\n","protected":false},"excerpt":{"rendered":"<p>MJ GASKET boasts more than four decades of expertise in the manufacturing of high-quality aftermarket engine gaskets and related components<\/p>\n","protected":false},"author":4,"featured_media":36656,"parent":0,"menu_order":0,"comment_status":"closed","ping_status":"closed","template":"types.php","meta":{"_acf_changed":false,"footnotes":""},"class_list":["post-36655","page","type-page","status-publish","has-post-thumbnail","hentry"],"acf":{"toggle_item":[{"title":"Gio\u0103ng \u0110\u1ed9ng C\u01a1 s\u1eed d\u1ee5ng cho m\u1ee5c \u0111\u00edch g\u00ec?","content":"<p>M\u1ed9t trong nh\u1eefng b\u1ed9 ph\u1eadn quan tr\u1ecdng c\u1ee7a \u0111\u1ed9ng c\u01a1 l\u00e0 gio\u0103ng, n\u00f3 gi\u1eef cho \u0111\u1ed9ng c\u01a1 ho\u1ea1t \u0111\u1ed9ng hi\u1ec7u qu\u1ea3.<\/p>\n<p>Khi c\u00e1c ch\u1ea5t l\u1ecfng v\u00e0 kh\u00ed quanh \u0111\u1ed9ng c\u01a1 l\u01b0u th\u00f4ng, gio\u0103ng ho\u1ea1t \u0111\u1ed9ng nh\u01b0 v\u00f2ng \u0111\u1ec7m l\u00e0m k\u00edn \u0111\u1ec3 gi\u1eef ch\u1eb7t c\u00e1c ch\u1ea5t l\u1ecfng v\u00e0 \u00e1p su\u1ea5t, ng\u0103n ch\u00fang r\u00f2 r\u1ec9 v\u00e0 gi\u00fap th\u1ef1c hi\u1ec7n m\u1ed9t s\u1ed1 ch\u1ee9c n\u0103ng quan tr\u1ecdng. Ngo\u00e0i ra, gio\u0103ng c\u00f2n ng\u0103n b\u1ee5i b\u1ea9n x\u00e2m nh\u1eadp v\u00e0o b\u00ean trong \u0111\u1ed9ng c\u01a1. Nh\u1eefng b\u1ed9 ph\u1eadn n\u00e0y trong \u0111\u1ed9ng c\u01a1 ph\u1ea3i ho\u1ea1t \u0111\u1ed9ng m\u1ed9t c\u00e1ch ch\u00ednh x\u00e1c \u0111\u1ec3 \u0111\u1ea3m b\u1ea3o an to\u00e0n c\u1ee7a b\u1ea1n trong qu\u00e1 tr\u00ecnh v\u1eadn h\u00e0nh v\u00e0 v\u1eadn chuy\u1ec3n.<\/p>\n"},{"title":"10 Lo\u1ea1i Gio\u0103ng \u0110\u1ed9ng C\u01a1 B\u1ea1n N\u00ean Bi\u1ebft","content":"<p>Gio\u0103ng \u0111\u1ed9ng c\u01a1 gi\u1eef ch\u1eb7t m\u1ed1i n\u1ed1i v\u00e0 \u0111\u1ec7m gi\u1eefa hai b\u1ec1 m\u1eb7t trong c\u00e1c b\u1ed9 ph\u1eadn \u0111\u1ed9ng c\u01a1 kh\u00e1c nhau.<br \/>\nH\u00e3y c\u00f9ng xem m\u1ed9t s\u1ed1 lo\u1ea1i gio\u0103ng hi\u1ec7n nay<br \/>\n(\u0110\u1ec3 bi\u1ebft th\u00eam v\u1ec1 c\u00e1c lo\u1ea1i gio\u0103ng kh\u00e1c nhau, b\u1ea1n c\u00f3 th\u1ec3 cu\u1ed9n xu\u1ed1ng \u0111\u1ec3 xem)<\/p>\n<ul>\n<li><a title=\"List of Gio\u0103ng N\u1eafp Gi\u00e0n C\u00f2\" href=\"https:\/\/www.mjgasket.com\/vi\/phan-loai\/gioang-nap-gian-co\/\" target=\"_blank\" rel=\"noopener\">Gio\u0103ng N\u1eafp Gi\u00e0n C\u00f2<\/a> &#8211; L\u00e0m k\u00edn khe h\u1edf gi\u1eefa n\u1eafp van v\u00e0 \u0111\u1ea7u xi lanh \u0111\u1ec3 b\u1ea3o v\u1ec7 c\u00e1c b\u1ed9 ph\u1eadn c\u1ee9ng c\u1ee7a \u0111\u1ea7u xi lanh tr\u00e1nh h\u01b0 h\u1ecfng v\u00e0 ng\u0103n d\u1ea7u r\u00f2 r\u1ec9 ra kh\u1ecfi \u0111\u1ed9ng c\u01a1.<\/li>\n<li><a title=\"List of Cylinder Head Gasket\" href=\"https:\/\/www.mjgasket.com\/vi\/phan-loai\/gioang-mat-may\/\" target=\"_blank\" rel=\"noopener\">Gio\u0103ng M\u1eb7t M\u00e1y<\/a> &#8211; Cung c\u1ea5p kh\u1ea3 n\u0103ng l\u00e0m k\u00edn gi\u1eefa \u0111\u1ea7u xi-lanh v\u00e0 kh\u1ed1i \u0111\u1ed9ng c\u01a1. N\u00f3 ng\u0103n ch\u1eb7n kh\u00ed \u0111\u1ed1t tr\u00e0n v\u00e0o h\u1ec7 th\u1ed1ng l\u00e0m m\u00e1t v\u00e0 ng\u0103n ch\u1eb7n ch\u1ea5t l\u1ecfng r\u00f2 r\u1ec9 c\u0169ng nh\u01b0 m\u1ea5t \u00e1p l\u1ef1c.<\/li>\n<li><a title=\"List of Oil Pan Gasket\" href=\"https:\/\/www.mjgasket.com\/vi\/phan-loai\/gioang-day-cac-te-dau\/\" target=\"_blank\" rel=\"noopener\">Gio\u0103ng \u0110\u00e1y C\u00e1c Te D\u1ea7u<\/a> &#8211; \u0110\u00e2y l\u00e0 mi\u1ebfng ni\u00eam phong c\u00f3 th\u1ec3 \u0111\u01b0\u1ee3c g\u1eafn v\u1eb7n \u0111\u1ec3 k\u1ebft n\u1ed1i gi\u1eefa kh\u1ed1i \u0111\u1ed9ng c\u01a1 v\u00e0 b\u1ed3n d\u1ea7u, nh\u1eb1m \u0111\u1ea3m b\u1ea3o d\u1ea7u khi l\u01b0u th\u00f4ng qua \u0111\u1ed9ng c\u01a1 m\u1ed9t c\u00e1ch m\u01b0\u1ee3t m\u00e0 v\u00e0 ng\u0103n ch\u1eb7n d\u1ea7u r\u00f2 r\u1ec9 ra ngo\u00e0i.<\/li>\n<li><a title=\"List of Intake Manifold Gasket\" href=\"https:\/\/www.mjgasket.com\/vi\/phan-loai\/gioang-co-nap\/\" target=\"_blank\" rel=\"noopener\">Gio\u0103ng C\u1ed5 G\u00f3p \u1ed0ng H\u00fat<\/a> &#8211; L\u00e0m k\u00edn khe h\u1edf gi\u1eefa c\u1ed5 h\u00fat v\u00e0 \u0111\u1ea7u m\u00e1y \u0111\u1ec3 gi\u1eef kh\u00f4ng kh\u00ed, dung d\u1ecbch l\u00e0m m\u00e1t v\u00e0 d\u1ea7u kh\u00f4ng b\u1ecb r\u00f2 r\u1ec9 trong qu\u00e1 tr\u00ecnh \u0111\u1ed1t ch\u00e1y nhi\u00ean li\u1ec7u v\u00e0 gi\u00fap \u0111i\u1ec1u ch\u1ec9nh nhi\u1ec7t \u0111\u1ed9 trong bu\u1ed3ng \u0111\u1ed1t.<\/li>\n<li><a title=\"List of Fuel Injector Seal\" href=\"https:\/\/www.mjgasket.com\/vi\/phan-loai\/phot-kim-phun-nhien-lieu\/\">Ph\u1edbt Kim Phun Nhi\u00ean Li\u1ec7u<\/a> \uff0d T\u1ea5t c\u1ea3 c\u00e1c \u0111\u1ed9ng c\u01a1 diesel s\u1eed d\u1ee5ng h\u1ec7 th\u1ed1ng phun nhi\u00ean li\u1ec7u \u0111\u1ec3 phun nhi\u00ean li\u1ec7u l\u1ecfng v\u00e0o bu\u1ed3ng \u0111\u1ed1t \u0111\u1ed9ng c\u01a1. N\u00f3 ho\u1ea1t \u0111\u1ed9ng gi\u1ed1ng nh\u01b0 m\u1ed9t \u1ed1ng phun c\u1ee7a m\u00e1y phun \u00e1p l\u1ef1c. N\u1ebfu c\u00e1c kim phun kh\u00f4ng \u0111\u01b0\u1ee3c l\u00e0m s\u1ea1ch, c\u00f3 th\u1ec3 b\u1ecb h\u01b0 h\u1ecfng ho\u1eb7c l\u00e0m cho h\u1ec7 th\u1ed1ng phun nhi\u00ean li\u1ec7u ho\u1ea1t \u0111\u1ed9ng kh\u00f4ng hi\u1ec7u qu\u1ea3.<\/li>\n<li><a title=\"List of Oil Cooler Gasket\" href=\"https:\/\/www.mjgasket.com\/vi\/phan-loai\/gioang-ket-lam-mat-dau\/\">Gio\u0103ng K\u00e9t L\u00e0m M\u00e1t D\u1ea7u<\/a> \uff0d Gio\u0103ng k\u00e9t l\u00e0m m\u00e1t d\u1ea7u l\u00e0 m\u1ed9t ph\u1ea7n c\u1ee7a h\u1ec7 th\u1ed1ng l\u00e0m m\u00e1t d\u1ea7u, gi\u00fap ng\u0103n ch\u1eb7n n\u01b0\u1edbc l\u00e0m m\u00e1t r\u00f2 r\u1ec9 v\u00e0o d\u1ea7u, s\u1ebd \u1ea3nh h\u01b0\u1edfng \u0111\u1ebfn ch\u1ea5t l\u01b0\u1ee3ng d\u1ea7u b\u00f4i tr\u01a1n \u0111\u1ed9ng c\u01a1 nh\u01b0 t\u00ednh n\u0103ng ban \u0111\u1ea7u, v\u00e0 duy tr\u00ec d\u1ea7u tu\u1ea7n ho\u00e0n trong \u0111\u1ed9ng c\u01a1 \u1edf nhi\u1ec7t \u0111\u1ed9 l\u00fd t\u01b0\u1edfng. Khi gio\u0103ng l\u00e0m k\u00edn n\u00e0y h\u1ecfng, c\u00f3 th\u1ec3 g\u00e2y ra c\u00e1c v\u1ea5n \u0111\u1ec1 nghi\u00eam tr\u1ecdng.<\/li>\n<li><a title=\"List of Exhaust Manifold Gasket\" href=\"https:\/\/www.mjgasket.com\/vi\/phan-loai\/gioang-co-xa\/\" target=\"_blank\" rel=\"noopener\">Gio\u0103ng C\u1ed5 G\u00f3p X\u1ea3<\/a> &#8211; Gio\u0103ng l\u00e0m k\u00edn khe h\u1edf gi\u1eefa c\u1ed5 x\u1ea3 v\u00e0 \u0111\u1ea7u xi lanh \u0111\u1ec3 ng\u0103n kh\u00ed th\u1ea3i r\u00f2 r\u1ec9 ra kh\u1ecfi \u1ed1ng n\u1ed1i v\u00e0 \u0111\u1ea3m b\u1ea3o t\u1ea5t c\u1ea3 kh\u00ed th\u1ea3i s\u1ebd ch\u1ea3y qua <a href=\"https:\/\/en.wikipedia.org\/wiki\/Catalytic_converter\" target=\"_blank\" rel=\"noopener\">b\u1ed9 x\u1eed l\u00fd kh\u00ed th\u1ea3i<\/a>.<\/li>\n<li><a href=\"https:\/\/www.mjgasket.com\/vi\/phan-loai\/gioang-van-egr\/\">Gio\u0103ng EGR<\/a> &#8211; GIo\u0103ng EGR th\u01b0\u1eddng \u0111\u01b0\u1ee3c l\u1eafp \u0111\u1eb7t gi\u1eefa van EGR v\u00e0 c\u1ed5 g\u00f3p h\u00fat \u0111\u1ed9ng c\u01a1. Gio\u0103ng EGR ho\u1ea1t \u0111\u1ed9ng nh\u01b0 m\u1ed9t v\u00f2ng \u0111\u1ec7m m\u1eb7t b\u00edch \u0111\u1ec3 ng\u0103n kh\u00ed th\u1ea3i r\u00f2 r\u1ec9 v\u00e0o c\u1ed5 g\u00f3p h\u00fat \u0111\u1ed9ng c\u01a1 trong qu\u00e1 tr\u00ecnh t\u00e1i s\u1eed d\u1ee5ng kh\u00ed th\u1ea3i (EGR). \u0110i\u1ec1u n\u00e0y gi\u00fap gi\u1ea3m thi\u1ec3u kh\u00ed th\u1ea3i \u0111\u1ed9c h\u1ea1i v\u00e0 c\u1ea3i thi\u1ec7n hi\u1ec7u su\u1ea5t ti\u1ebft ki\u1ec7m nhi\u00ean li\u1ec7u.<\/li>\n<li>Gio\u0103ng Thi\u1ebft B\u1ecb Trao \u0110\u1ed5i Nhi\u1ec7t D\u1ea1ng T\u1ea5m &#8211; Gio\u0103ng thi\u1ebft b\u1ecb trao \u0111\u1ed5i nhi\u1ec7t d\u1ea1ng t\u1ea5m (PHE) th\u01b0\u1eddng \u0111\u01b0\u1ee3c l\u1eafp \u0111\u1eb7t gi\u1eefa c\u00e1c t\u1ea5m c\u1ee7a b\u1ed9 trao \u0111\u1ed5i nhi\u1ec7t t\u1ea5m. M\u1ee5c \u0111\u00edch c\u1ee7a gio\u0103ng PHE l\u00e0 ng\u0103n r\u00f2 r\u1ec9 c\u1ee7a c\u00e1c l\u01b0u ch\u1ea5t v\u00e0 gi\u00fap \u0111i\u1ec1u ch\u1ec9nh kho\u1ea3ng c\u00e1ch gi\u1eefa c\u00e1c t\u1ea5m, ch\u00fang \u0111\u01b0\u1ee3c s\u1eed d\u1ee5ng \u0111\u1ec3 truy\u1ec1n nhi\u1ec7t gi\u1eefa hai ch\u1ea5t l\u1ecfng.<\/li>\n<li><a href=\"https:\/\/www.mjgasket.com\/vi\/phan-loai\/gioang-bom-thuy-luc\/\">Gio\u0103ng B\u01a1m Th\u1ee7y L\u1ef1c<\/a> &#8211; Gio\u0103ng b\u01a1m th\u1ee7y l\u1ef1c th\u01b0\u1eddng \u0111\u01b0\u1ee3c \u0111\u1eb7t gi\u1eefa b\u01a1m th\u1ee7y l\u1ef1c v\u00e0 b\u1ec1 m\u1eb7t l\u1eafp tr\u00ean \u0111\u1ed9ng c\u01a1.<\/li>\n<\/ul>\n<p>H\u01a1n n\u1eefa, vi\u1ec7c l\u1ef1a ch\u1ecdn v\u1eadt li\u1ec7u ph\u00f9 h\u1ee3p cho gio\u0103ng s\u1eed d\u1ee5ng trong \u0111\u1ed9ng c\u01a1 l\u00e0 v\u00f4 c\u00f9ng quan tr\u1ecdng, n\u00f3 s\u1ebd \u1ea3nh h\u01b0\u1edfng m\u1ed9t c\u00e1ch \u0111\u00e1ng k\u1ec3 \u0111\u1ebfn hi\u1ec7u su\u1ea5t c\u1ee7a th\u00e0nh ph\u1ea7n. (\u0110\u1ec3 bi\u1ebft th\u00eam v\u1ec1 v\u1eadt li\u1ec7u gio\u0103ng &#8211; <a href=\"https:\/\/www.mjgasket.com\/vi\/gia-cong-gioang-theo-yeu-cau\/\" target=\"_blank\" rel=\"noopener\">Gia C\u00f4ng Gio\u0103ng T\u00f9y Ch\u1ec9nh<\/a>). V\u00ec v\u1eady, vi\u1ec7c h\u1ee3p t\u00e1c v\u1edbi m\u1ed9t nh\u00e0 s\u1ea3n xu\u1ea5t gio\u0103ng c\u00f3 kinh nghi\u1ec7m s\u1ebd l\u00e0 l\u1ef1a ch\u1ecdn t\u1ed1t nh\u1ea5t.<\/p>\n<p><a href=\"https:\/\/www.mjgasket.com\/vi\/gioi-thieu\/\">MJ GASKET<\/a> is a <a href=\"https:\/\/www.mjgasket.com\/aftermarket-gasket-manufacturer\/\">engine gasket manufacturer<\/a> who has over 40 years of manufacturing experience and manufacturing technologies for various types of engine gaskets and its related parts. Our team deeply knows the manufacturing knowledge system; therefore, we know how to use the right way and suitable materials to manufacture high-performance and high-quality engine gaskets to keep drivers safe.<\/p>\n<p><strong>Xin vui l\u00f2ng tham kh\u1ea3o c\u00e1c lo\u1ea1i gio\u0103ng \u0111\u1ed9ng c\u01a1 d\u01b0\u1edbi \u0111\u00e2y \u0111\u1ec3 hi\u1ec3u r\u00f5 h\u01a1n v\u1ec1 nh\u1eefng s\u1ea3n ph\u1ea9m ch\u00fang t\u00f4i cung c\u1ea5p.<\/strong><\/p>\n"},{"title":"D\u01b0\u1edbi \u0111\u00e2y l\u00e0 danh s\u00e1ch c\u00e1c lo\u1ea1i Gio\u0103ng \u0110\u1ed9ng C\u01a1","content":"<p><strong>Vui l\u00f2ng tham kh\u1ea3o c\u00e1c lo\u1ea1i gio\u0103ng \u0111\u1ed9ng c\u01a1 m\u00e0 ch\u00fang t\u00f4i \u0111ang cung c\u1ea5p.<\/strong><\/p>\n"}]},"_links":{"self":[{"href":"https:\/\/www.mjgasket.com\/vi\/wp-json\/wp\/v2\/pages\/36655"}],"collection":[{"href":"https:\/\/www.mjgasket.com\/vi\/wp-json\/wp\/v2\/pages"}],"about":[{"href":"https:\/\/www.mjgasket.com\/vi\/wp-json\/wp\/v2\/types\/page"}],"author":[{"embeddable":true,"href":"https:\/\/www.mjgasket.com\/vi\/wp-json\/wp\/v2\/users\/4"}],"replies":[{"embeddable":true,"href":"https:\/\/www.mjgasket.com\/vi\/wp-json\/wp\/v2\/comments?post=36655"}],"version-history":[{"count":3,"href":"https:\/\/www.mjgasket.com\/vi\/wp-json\/wp\/v2\/pages\/36655\/revisions"}],"predecessor-version":[{"id":45486,"href":"https:\/\/www.mjgasket.com\/vi\/wp-json\/wp\/v2\/pages\/36655\/revisions\/45486"}],"wp:featuredmedia":[{"embeddable":true,"href":"https:\/\/www.mjgasket.com\/vi\/wp-json\/wp\/v2\/media\/36656"}],"wp:attachment":[{"href":"https:\/\/www.mjgasket.com\/vi\/wp-json\/wp\/v2\/media?parent=36655"}],"curies":[{"name":"wp","href":"https:\/\/api.w.org\/{rel}","templated":true}]}}