{"id":37090,"date":"2024-04-01T11:25:37","date_gmt":"2024-04-01T03:25:37","guid":{"rendered":"https:\/\/www.mjgasket.com\/?page_id=37090"},"modified":"2024-12-18T16:46:31","modified_gmt":"2024-12-18T08:46:31","slug":"nha-san-xuat-gioang-thay-the-va-gioang-tuy-chinh","status":"publish","type":"page","link":"https:\/\/www.mjgasket.com\/vi\/nha-san-xuat-gioang-thay-the-va-gioang-tuy-chinh\/","title":{"rendered":"Nh\u00e0 S\u1ea3n Xu\u1ea5t Gio\u0103ng Thay Th\u1ebf V\u00e0 Gio\u0103ng T\u00f9y Ch\u1ec9nh"},"content":{"rendered":"<p><img decoding=\"async\" class=\"alignnone size-full wp-image-15691\" src=\"https:\/\/www.mjgasket.com\/wp-content\/uploads\/banner-1920-Installing-gasket-seal.webp\" alt=\"Installing gasket seal\" width=\"1920\" height=\"712\" \/><\/p>\n<p>MJ Gasket l\u00e0 nh\u00e0 s\u1ea3n xu\u1ea5t gio\u0103ng chuy\u00ean v\u1ec1 gio\u0103ng ch\u1ecbu \u0111\u01b0\u1ee3c \u00e1p su\u1ea5t cao v\u00e0 nhi\u1ec7t \u0111\u1ed9 cao cho m\u1ed9t lo\u1ea1t c\u00e1c ng\u00e0nh c\u00f4ng nghi\u1ec7p. V\u1edbi c\u00f4ng ngh\u1ec7 s\u1ea3n xu\u1ea5t xu\u1ea5t s\u1eafc, ch\u00fang t\u00f4i cung c\u1ea5p gio\u0103ng thay th\u1ebf \u0111\u00e1ng tin c\u1eady cho th\u1ecb tr\u01b0\u1eddng aftermarket v\u00e0 t\u00f9y ch\u1ec9nh gio\u0103ng theo y\u00eau c\u1ea7u c\u1ee7a b\u1ea1n.<\/p>\n<p>Ch\u00fang t\u00f4i hi\u1ec3u r\u1eb1ng \u0111\u1ed9 ch\u00ednh x\u00e1c v\u1ec1 k\u00edch th\u01b0\u1edbc v\u00e0 \u0111\u1ed9 d\u00e0y c\u1ee7a gio\u0103ng l\u00e0 r\u1ea5t quan tr\u1ecdng. Ch\u00fang t\u00f4i ti\u1ebfp t\u1ee5c \u0111\u1ea7u t\u01b0 v\u00e0o c\u00f4ng ngh\u1ec7 v\u00e0 thi\u1ebft b\u1ecb m\u1edbi hi\u1ec7n \u0111\u1ea1i, theo \u0111u\u1ed5i ch\u1ea5t l\u01b0\u1ee3ng v\u00e0 \u0111\u1ed9 ch\u00ednh x\u00e1c tuy\u1ec7t \u0111\u1ed1i. \u00c1p d\u1ee5ng c\u00f4ng ngh\u1ec7 ti\u00ean ti\u1ebfn v\u00e0o s\u1ea3n xu\u1ea5t, ch\u00fang t\u00f4i cam k\u1ebft cung c\u1ea5p s\u1ea3n ph\u1ea9m \u0111\u00e1ng tin c\u1eady cho kh\u00e1ch h\u00e0ng!<\/p>\n<h2>C\u00f4ng Ngh\u1ec7 S\u1ea3n Xu\u1ea5t Gio\u0103ng<\/h2>\n<p>Kh\u00f4ng th\u1ec3 t\u1ea1o ra s\u1ea3n ph\u1ea9m t\u1ed1t m\u00e0 kh\u00f4ng c\u00f3 v\u1eadt li\u1ec7u v\u00e0 k\u1ef9 thu\u1eadt ph\u00f9 h\u1ee3p. S\u1ef1 k\u1ebft h\u1ee3p gi\u1eefa v\u1eadt li\u1ec7u ch\u1ea5t l\u01b0\u1ee3ng v\u00e0 k\u1ef9 thu\u1eadt vi\u00ean am hi\u1ec3u s\u1ea3n ph\u1ea9m l\u00e0 y\u1ebfu t\u1ed1 quan tr\u1ecdng gi\u00fap MJ Gasket tr\u1edf n\u00ean xu\u1ea5t s\u1eafc trong vi\u1ec7c &#8220;S\u1ea3n Xu\u1ea5t Gio\u0103ng Ch\u1ea5t L\u01b0\u1ee3ng Cao.<\/p>\n<p>C\u00f4ng ngh\u1ec7 s\u1ea3n xu\u1ea5t gio\u0103ng c\u1ee7a ch\u00fang t\u00f4i bao g\u1ed3m:<\/p>\n<h3>Die Cutting<\/h3>\n<p>Die Cutting l\u00e0 quy tr\u00ecnh s\u1eed d\u1ee5ng m\u1ed9t khu\u00f4n c\u1eaft \u0111\u1ec3 c\u1eaft ho\u1eb7c \u0111\u1ecbnh h\u00ecnh v\u1eadt li\u1ec7u th\u00e0nh c\u00e1c h\u00ecnh d\u1ea1ng ho\u1eb7c chi ti\u1ebft c\u00f3 \u0111\u1ed9 ch\u00ednh x\u00e1c cao v\u00e0 ti\u00eau chu\u1ea9n c\u1ee5 th\u1ec3. L\u1ee3i \u00edch c\u1ee7a die cutting l\u00e0 \u201ckhu\u00f4n\u201d c\u00f3 th\u1ec3 t\u00e1i s\u1eed d\u1ee5ng; ch\u00fang gi\u00fap gi\u1ea3m chi ph\u00ed v\u00e0 t\u0103ng hi\u1ec7u qu\u1ea3 s\u1ea3n xu\u1ea5t.<\/p>\n<h3>C\u1eaft Laser CNC<\/h3>\n<p>C\u1eaft laser l\u00e0 c\u00f4ng ngh\u1ec7 s\u1eed d\u1ee5ng tia laser \u0111\u1ec3 bi\u1ebfn ch\u1ea5t li\u1ec7u th\u00e0nh h\u01a1i, t\u1ea1o ra m\u00e9p c\u1eaft. C\u1eaft laser CNC s\u1eed d\u1ee5ng m\u00e1y t\u00ednh \u0111\u1ec3 ki\u1ec3m so\u00e1t h\u01b0\u1edbng c\u1ee7a tia laser sao cho ch\u00ednh x\u00e1c v\u00e0 tinh vi h\u01a1n, v\u00e0 quy tr\u00ecnh n\u00e0y t\u1ea1o ra m\u00e9p v\u1edbi b\u1ec1 m\u1eb7t ho\u00e0n thi\u1ec7n ch\u1ea5t l\u01b0\u1ee3ng cao. Ch\u00fang t\u00f4i c\u0169ng \u00e1p d\u1ee5ng c\u00f4ng ngh\u1ec7 \u0111\u00e1nh d\u1ea5u b\u1eb1ng laser, ghi nh\u00e3n tr\u00ean s\u1ea3n ph\u1ea3m gio\u0103ng b\u1eb1ng tia laser.<\/p>\n<h3>\u0110\u00fac Cao Su<\/h3>\n<p>Quy tr\u00ecnh \u0111\u00fac cao su s\u1eed d\u1ee5ng t\u00ednh d\u1ebbo c\u1ee7a cao su. B\u01b0\u1edbc \u0111\u1ea7u ti\u00ean l\u00e0 nung n\u00f3ng cao su, sau \u0111\u00f3 s\u1eed d\u1ee5ng \u00e1p su\u1ea5t \u0111\u1ec3 \u0111\u00fac v\u00e0 t\u1ea1o h\u00ecnh d\u1ea1ng cho s\u1ea3n ph\u1ea9m cao su. C\u00e1c ph\u01b0\u01a1ng ph\u00e1p h\u00ecnh th\u00e0nh ph\u1ed5 bi\u1ebfn nh\u1ea5t ch\u00fang t\u00f4i s\u1eed d\u1ee5ng l\u00e0 \u00e9p n\u00e9n v\u00e0 \u00e9p phun.<\/p>\n<h3>C\u00e1n M\u00e0ng Laminate<\/h3>\n<p>C\u00e1n M\u00e0ng Laminate l\u00e0 s\u1ef1 k\u1ebft h\u1ee3p c\u1ee7a c\u00e1c v\u1eadt li\u1ec7u kh\u00e1c nhau th\u00f4ng qua nhi\u1ec7t, \u00e1p su\u1ea5t, v\u00e0 t\u0103ng c\u01b0\u1eddng \u0111\u1ed9 b\u1ec1n cho s\u1ea3n ph\u1ea9m. M\u1ed9t trong nh\u1eefng v\u1eadt li\u1ec7u s\u1eed d\u1ee5ng c\u00f4ng ngh\u1ec7 laminate nhi\u1ec1u nh\u1ea5t trong s\u1ea3n xu\u1ea5t gio\u0103ng l\u00e0 t\u1ea5m ch\u00ec graphite cho gio\u0103ng graphite.<\/p>\n<h2>S\u1ea3n Xu\u1ea5t Gio\u0103ng Thay Th\u1ebf Aftermarket<\/h2>\n<p>MJ Gasket kh\u00f4ng ch\u1ec9 ph\u00e1t tri\u1ec3n c\u00f4ng ngh\u1ec7 m\u00e0 c\u00f2n m\u1edf r\u1ed9ng danh m\u1ee5c s\u1ea3n ph\u1ea9m c\u1ee7a m\u00ecnh.<\/p>\n<p>Ch\u00fang t\u00f4i ti\u1ebfp t\u1ee5c ph\u00e1t tri\u1ec3n c\u00e1c lo\u1ea1i gio\u0103ng kh\u00e1c nhau cho \u0111\u1ed9ng c\u01a1 diesel v\u00e0 c\u00e1c ph\u1ee5 t\u00f9ng li\u00ean quan, mong mu\u1ed1n \u0111\u00e1p \u1ee9ng \u0111\u1ea7y \u0111\u1ee7 nhu c\u1ea7u c\u1ee7a t\u1eebng kh\u00e1ch h\u00e0ng. C\u00e1c lo\u1ea1i gio\u0103ng \u0111\u1ed9ng c\u01a1 ch\u00fang t\u00f4i s\u1ea3n xu\u1ea5t bao g\u1ed3m:<\/p>\n<ul>\n<li><a href=\"https:\/\/www.mjgasket.com\/vi\/phan-loai\/gioang-bom-dau-cao-ap\/\">Gio\u0103ng B\u01a1m D\u1ea7u Cao \u00c1p<\/a><\/li>\n<li><a href=\"https:\/\/www.mjgasket.com\/vi\/phan-loai\/gioang-bom-nhien-lieu\/\">Gio\u0103ng B\u01a1m Nhi\u00ean Li\u1ec7u<\/a><\/li>\n<li><a href=\"https:\/\/www.mjgasket.com\/vi\/phan-loai\/gioang-bom-nuoc\/\">Gio\u0103ng B\u01a1m N\u01b0\u1edbc<\/a><\/li>\n<li><a href=\"https:\/\/www.mjgasket.com\/vi\/phan-loai\/gioang-bom-thuy-luc\/\">Gio\u0103ng B\u01a1m Th\u1ee7y L\u1ef1c<\/a><\/li>\n<li><a href=\"https:\/\/www.mjgasket.com\/vi\/phan-loai\/bo-gioang\/\">B\u1ed9 Gio\u0103ng<\/a><\/li>\n<li><a href=\"https:\/\/www.mjgasket.com\/vi\/phan-loai\/gioang-bo-loc-hat-diesel-dpf\/\">Gio\u0103ng B\u1ed9 L\u1ecdc H\u1ea1t Diesel DPF<\/a><\/li>\n<li><a href=\"https:\/\/www.mjgasket.com\/vi\/phan-loai\/gioang-co-nap\/\">Gio\u0103ng C\u1ed5 N\u1ea1p<\/a><\/li>\n<li><a href=\"https:\/\/www.mjgasket.com\/vi\/phan-loai\/gioang-co-xa\/\">Gio\u0103ng C\u1ed5 X\u1ea3<\/a><\/li>\n<li><a href=\"https:\/\/www.mjgasket.com\/vi\/phan-loai\/gioang-hop-so\/\">Gio\u0103ng H\u1ed9p S\u1ed1<\/a><\/li>\n<li><a href=\"https:\/\/www.mjgasket.com\/vi\/phan-loai\/phot-kim-phun-nhien-lieu\/\">Ph\u1edbt Kim Phun Nhi\u00ean Li\u1ec7u<\/a><\/li>\n<li><a href=\"https:\/\/www.mjgasket.com\/vi\/phan-loai\/gioang-ket-lam-mat-dau\/\">Gio\u0103ng K\u00e9t L\u00e0m M\u00e1t D\u1ea7u<\/a><\/li>\n<li><a href=\"https:\/\/www.mjgasket.com\/vi\/phan-loai\/gioang-mat-may\/\">Gio\u0103ng M\u1eb7t M\u00e1y<\/a><\/li>\n<li><a href=\"https:\/\/www.mjgasket.com\/vi\/phan-loai\/gioang-nap-gian-co\/\">Gio\u0103ng N\u1eafp Gi\u00e0n C\u00f2<\/a><\/li>\n<li><a href=\"https:\/\/www.mjgasket.com\/vi\/phan-loai\/gioang-nap-truoc-gioang-nap-sau\/\">Gio\u0103ng N\u1eafp Tr\u01b0\u1edbc &amp; Gio\u0103ng N\u1eafp Sau<\/a><\/li>\n<li><a href=\"https:\/\/www.mjgasket.com\/vi\/phan-loai\/o-ring-vi\/\">O-ring<\/a><\/li>\n<li><a href=\"https:\/\/www.mjgasket.com\/vi\/phan-loai\/gioang-pto\/\">Gio\u0103ng PTO<\/a><\/li>\n<li><a href=\"https:\/\/www.mjgasket.com\/vi\/phan-loai\/phot-phanh-jake\/\">Ph\u1edbt Phanh Jake<\/a><\/li>\n<li><a href=\"https:\/\/www.mjgasket.com\/vi\/phan-loai\/gioang-phanh-khi-nen\/\">Gio\u0103ng Phanh Kh\u00ed N\u00e9n<\/a><\/li>\n<li><a href=\"https:\/\/www.mjgasket.com\/vi\/phan-loai\/phot-pip-seal\/\">Ph\u1edbt Pip Seal<\/a><\/li>\n<li><a href=\"https:\/\/www.mjgasket.com\/vi\/phan-loai\/gioang-thiet-bi-trao-doi-nhiet-dang-tam\/\">Gio\u0103ng Thi\u1ebft B\u1ecb Trao \u0110\u1ed5i Nhi\u1ec7t D\u1ea1ng T\u1ea5m<\/a><\/li>\n<li><a href=\"https:\/\/www.mjgasket.com\/vi\/phan-loai\/gioang-turbo\/\">Gio\u0103ng Turbo<\/a><\/li>\n<li><a href=\"https:\/\/www.mjgasket.com\/vi\/phan-loai\/gioang-van-egr\/\">Gio\u0103ng Van EGR<\/a><\/li>\n<li><a href=\"https:\/\/www.mjgasket.com\/vi\/phan-loai\/gioang-van-hang-nhiet\/\">Gio\u0103ng Van H\u1eb1ng Nhi\u1ec7t<\/a><\/li>\n<li><a href=\"https:\/\/www.mjgasket.com\/vi\/phan-loai\/gioang-turbo-actuator\/\">Gio\u0103ng Van \u0110i\u1ec1u Khi\u1ec3n Turbo<\/a><\/li>\n<li><a href=\"https:\/\/www.mjgasket.com\/vi\/phan-loai\/vong-dem-kin\/\">V\u00f2ng \u0110\u1ec7m K\u00edn<\/a><\/li>\n<li><a href=\"https:\/\/www.mjgasket.com\/vi\/phan-loai\/phot-xupap\/\">Ph\u1edbt Xupap<\/a><\/li>\n<li><a href=\"https:\/\/www.mjgasket.com\/vi\/phan-loai\/gioang-day-cac-te-dau\/\">Gio\u0103ng \u0110\u00e1y C\u00e1c Te D\u1ea7u<\/a><\/li>\n<li><a href=\"https:\/\/www.mjgasket.com\/vi\/phan-loai\/gioang-dem\/\">Gio\u0103ng \u0110\u1ec7m<\/a><\/li>\n<li><a href=\"https:\/\/www.mjgasket.com\/vi\/phan-loai\/gioang-phot-dong-co\/\">Gio\u0103ng Ph\u1edbt \u0110\u1ed9ng C\u01a1<\/a><\/li>\n<li><a href=\"https:\/\/www.mjgasket.com\/vi\/phan-loai\/phu-tung-dong-co-diesel\/\">Ph\u1ee5 T\u00f9ng \u0110\u1ed9ng C\u01a1 Diesel<\/a><\/li>\n<li><a href=\"https:\/\/www.mjgasket.com\/vi\/phan-loai\/gioang-ong-thoat-khi-cacte\/\">Gio\u0103ng \u1ed0ng Tho\u00e1t Kh\u00ed Cacte<\/a><\/li>\n<\/ul>\n<p><!-- notionvc: ab722b44-a1b1-4f0d-9ff4-9f3aa1b0f014 --><\/p>\n<h2>Gia C\u00f4ng Gio\u0103ng Theo Y\u00eau C\u1ea7u<\/h2>\n<p>MJ Gasket kh\u00f4ng ng\u1eebng m\u1edf r\u1ed9ng ki\u1ebfn th\u1ee9c v\u1ec1 v\u1eadt li\u1ec7u gio\u0103ng \u0111\u1ec3 \u0111\u1ea1t \u0111\u01b0\u1ee3c t\u00ednh n\u0103ng l\u00e0m k\u00edn t\u1ed1t nh\u1ea5t. Ch\u00fang t\u00f4i x\u00e2y d\u1ef1ng uy t\u00edn v\u00e0 l\u00f2ng tin c\u1ee7a kh\u00e1ch h\u00e0ng b\u1eb1ng c\u00e1ch s\u1ea3n xu\u1ea5t v\u00e0 cung c\u1ea5p gio\u0103ng thay th\u1ebf ch\u1ea5t l\u01b0\u1ee3ng cao cho kh\u00e1ch h\u00e0ng s\u1eed d\u1ee5ng \u0111\u1ed9ng c\u01a1 dung t\u00edch l\u1edbn trong nhi\u1ec1u n\u0103m. Ch\u00fang t\u00f4i t\u1ef1 h\u00e0o v\u1ec1 kh\u1ea3 n\u0103ng s\u1ea3n xu\u1ea5t gio\u0103ng cho c\u00e1c thi\u1ebft b\u1ecb ch\u1ecbu \u00e1p su\u1ea5t v\u00e0 nhi\u1ec7t \u0111\u1ed9 cao cho \u0111\u1ed9ng c\u01a1 v\u00e0 c\u00e1c lo\u1ea1i m\u00e1y b\u01a1m.<\/p>\n<p>Ti\u00eau chu\u1ea9n k\u1ef9 thu\u1eadt cao kh\u00f4ng ph\u1ea3i l\u00e0 y\u1ebfu t\u1ed1 duy nh\u1ea5t l\u00e0m cho MJ Gasket \u0111\u00e1ng tin c\u1eady. Ch\u00fang t\u00f4i ki\u00ean \u0111\u1ecbnh s\u1eed d\u1ee5ng nguy\u00ean li\u1ec7u ch\u1ea5t l\u01b0\u1ee3ng cao \u0111\u1ec3 cung c\u1ea5p cho b\u1ea1n s\u1ea3n ph\u1ea9m gio\u0103ng ho\u00e0n h\u1ea3o v\u00e0 h\u1ee3p t\u00e1c v\u1edbi c\u00e1c nh\u00e0 cung c\u1ea5p nguy\u00ean li\u1ec7u uy t\u00edn h\u00e0ng \u0111\u1ea7u nh\u01b0 Wolverine Advanced Materials trong th\u1eddi gian d\u00e0i.<\/p>\n<p>Ch\u00fang t\u00f4i chuy\u00ean s\u1ea3n xu\u1ea5t gio\u0103ng c\u1ee9ng cho t\u1ea5t c\u1ea3 c\u00e1c ng\u00e0nh c\u00f4ng nghi\u1ec7p. D\u01b0\u1edbi \u0111\u00e2y l\u00e0 c\u00e1c lo\u1ea1i v\u1eadt li\u1ec7u chuy\u00ean m\u00f4n c\u1ee7a ch\u00fang t\u00f4i:<\/p>\n<ul>\n<li>Gio\u0103ng th\u00e9p &#8211; Th\u00e9p m\u1ed9t l\u1edbp v\u00e0 th\u00e9p nhi\u1ec1u l\u1edbp <a href=\"https:\/\/www.mjgasket.com\/vi\/gia-cong-gioang-theo-yeu-cau\/thep-nhieu-lop-mls\/\">MLS<\/a><\/li>\n<li><a href=\"https:\/\/www.mjgasket.com\/vi\/gia-cong-gioang-theo-yeu-cau\/thep-kep-voi-hop-cao-su\/\">Gio\u0103ng k\u1eb9p cao su<\/a><\/li>\n<li><a href=\"https:\/\/www.mjgasket.com\/vi\/gia-cong-gioang-theo-yeu-cau\/thep-co-lop-phu-tien-tien\/\">Gio\u0103ng RCM<\/a><\/li>\n<li><a href=\"https:\/\/www.mjgasket.com\/vi\/gia-cong-gioang-theo-yeu-cau\/elastomer\/\">Ph\u1edbt d\u1ea3i cao su v\u00e0 ph\u1edbt cao su PIP<\/a><\/li>\n<li><a href=\"https:\/\/www.mjgasket.com\/vi\/gia-cong-gioang-theo-yeu-cau\/loai-sandwich\/\">Gio\u0103ng d\u1ea1ng Sandwich<\/a><\/li>\n<li><a href=\"https:\/\/www.mjgasket.com\/vi\/gia-cong-gioang-theo-yeu-cau\/than-chi-graphite\/\">Gio\u0103ng ch\u00ec Graphite<\/a><\/li>\n<\/ul>\n<p>B\u1ea1n mu\u1ed1n <a href=\"https:\/\/www.mjgasket.com\/vi\/gia-cong-gioang-theo-yeu-cau\/\">gia c\u00f4ng gio\u0103ng theo y\u00eau c\u1ea7u<\/a>? H\u00e3y g\u1eedi ch\u00fang t\u00f4i b\u1ea3n v\u1ebd, m\u1eabu ho\u1eb7c th\u00f4ng s\u1ed1 k\u1ef9 thu\u1eadt; ch\u00fang t\u00f4i s\u1ebd cung c\u1ea5p s\u1ea3n ph\u1ea9m ph\u00f9 h\u1ee3p!<\/p>\n<p>T\u1ea1i sao n\u00ean ch\u1ecdn MJ Gasket l\u00e0m \u0111\u1ed1i t\u00e1c c\u1ee7a b\u1ea1n? Ch\u00fang t\u00f4i cung c\u1ea5p c\u00e1c d\u1ecbch v\u1ee5 b\u1ed5 sung d\u01b0\u1edbi \u0111\u00e2y \u0111\u1ec3 ho\u00e0n thi\u1ec7n \u0111\u01a1n \u0111\u1eb7t h\u00e0ng c\u1ee7a b\u1ea1n,<\/p>\n<ul>\n<li>\u0111\u00e1nh d\u1ea5u t\u00f9y ch\u1ec9nh tr\u00ean gio\u0103ng c\u1ee7a b\u1ea1n, in ho\u1eb7c \u0111\u00e1nh d\u1ea5u b\u1eb1ng laser<\/li>\n<li>bao b\u00ec t\u00f9y ch\u1ec9nh theo y\u00eau c\u1ea7u c\u00f3 ho\u1eb7c kh\u00f4ng c\u00f3 th\u01b0\u01a1ng hi\u1ec7u c\u1ee7a ri\u00eang b\u1ea1n<\/li>\n<li>b\u1ed9 gio\u0103ng t\u00f9y ch\u1ec9nh theo y\u00eau c\u1ea7u c\u1ee7a b\u1ea1n<\/li>\n<\/ul>\n<h2>S\u1ef1 L\u1ef1a Ch\u1ecdn T\u1ed1t Nh\u1ea5t C\u1ee7a B\u1ea1n Cho Nh\u00e0 S\u1ea3n Xu\u1ea5t Gio\u0103ng<\/h2>\n<p>Gio\u0103ng c\u00f3 th\u1ec3 kh\u00f4ng d\u1ec5 th\u1ea5y nh\u01b0ng l\u1ea1i v\u00f4 c\u00f9ng c\u1ea7n thi\u1ebft, ch\u00fang l\u00e0 ch\u00eca kh\u00f3a \u0111\u1ec3 ng\u0103n ng\u1eeba thi\u1ec7t h\u1ea1i \u0111\u00e1ng k\u1ec3. Do \u0111\u00f3, vi\u1ec7c ch\u1ecdn m\u1ed9t nh\u00e0 s\u1ea3n xu\u1ea5t gio\u0103ng c\u00f3 n\u0103ng l\u1ef1c v\u00e0 \u0111\u00e1ng tin c\u1eady l\u00e0 v\u00f4 c\u00f9ng quan tr\u1ecdng.<\/p>\n<p>MJ Gasket b\u1eaft \u0111\u1ea7u kinh doanh v\u00e0o \u0111\u1ea7u nh\u1eefng n\u0103m 1980 v\u00e0 lu\u00f4n t\u1eadp trung v\u00e0o gio\u0103ng cho \u0111\u1ed9ng c\u01a1 n\u1eb7ng v\u00e0 c\u00e1c ph\u1ee5 t\u00f9ng li\u00ean quan, cam k\u1ebft cung c\u1ea5p c\u00e1c s\u1ea3n ph\u1ea9m gio\u0103ng c\u00f3 ch\u1ea5t l\u01b0\u1ee3ng t\u1ed1t nh\u1ea5t. Ngo\u00e0i ra, MJ Gasket \u0111\u00e3 nh\u1eadn \u0111\u01b0\u1ee3c ch\u1ee9ng ch\u1ec9 ISO 9001:2015 trong n\u0103m n\u0103m li\u00ean ti\u1ebfp v\u00e0 c\u0169ng l\u00e0 <a href=\"https:\/\/www.gasketfab.com\/members\/mj-de-yi-international-ltd\/?showback=true\" rel=\"noopener\">nh\u00e0 s\u1ea3n xu\u1ea5t gio\u0103ng \u0111\u01b0\u1ee3c ch\u1ee9ng nh\u1eadn GFA<\/a>, \u0111i\u1ec1u n\u00e0y ch\u1ee9ng t\u1ecf s\u1ef1 \u0111\u00e1ng tin c\u1eady c\u1ee7a ch\u00fang t\u00f4i! Ch\u00fang t\u00f4i \u0111\u00e3 ph\u1ee5c v\u1ee5 h\u00e0ng tr\u0103m kh\u00e1ch h\u00e0ng cho nhi\u1ec1u <a href=\"https:\/\/www.mjgasket.com\/vi\/nganh-cong-nghiep-va-ung-dung\/\">ng\u00e0nh c\u00f4ng nghi\u1ec7p<\/a> tr\u00ean to\u00e0n th\u1ebf gi\u1edbi. M\u1ed9t s\u1ed1 ng\u00e0nh c\u00f4ng nghi\u1ec7p s\u1eed d\u1ee5ng gio\u0103ng c\u1ee7a ch\u00fang t\u00f4i bao g\u1ed3m n\u00f4ng nghi\u1ec7p, v\u1eadn t\u1ea3i n\u1eb7ng, v\u1eadn t\u1ea3i trung b\u00ecnh, x\u00e2y d\u1ef1ng, khai th\u00e1c m\u1ecf v\u00e0 h\u00e0ng h\u1ea3i.<\/p>\n<p>D\u00f9 ch\u00fang t\u00f4i c\u00f3 nhi\u1ec1u kinh nghi\u1ec7m trong l\u0129nh v\u1ef1c gio\u0103ng ph\u1edbt, nh\u01b0ng ch\u00fang t\u00f4i kh\u00f4ng ng\u1eebng t\u1eadp trung ph\u00e1t tri\u1ec3n v\u00e0 kh\u00e1m ph\u00e1 c\u00e1c l\u0129nh v\u1ef1c m\u1edbi \u0111\u1ec3 n\u1ed7 l\u1ef1c. Nh\u01b0 <a href=\"https:\/\/www.mjgasket.com\/vi\/gioi-thieu\/\">kh\u1ea9u hi\u1ec7u<\/a> c\u1ee7a ch\u00fang t\u00f4i, ch\u00fang t\u00f4i lu\u00f4n m\u1edf l\u00f2ng v\u00e0 ch\u00e0o \u0111\u00f3n s\u1ef1 thay \u0111\u1ed5i m\u1ecdi l\u00fac, hy v\u1ecdng m\u1ed9t ng\u00e0y n\u00e0o \u0111\u00f3 ch\u00fang t\u00f4i c\u00f3 th\u1ec3 l\u00e0m cho gio\u0103ng c\u1ee7a b\u1ea1n tr\u1edf n\u00ean s\u1ed1ng \u0111\u1ed9ng.<\/p>\n<p>MJ Gasket l\u00e0 nh\u00e0 s\u1ea3n xu\u1ea5t gio\u0103ng ph\u1edbt \u0111\u1ebfn t\u1eeb \u0110\u00e0i Loan, nh\u01b0ng ch\u00fang t\u00f4i c\u00f3 kinh nghi\u1ec7m phong ph\u00fa trong xu\u1ea5t kh\u1ea9u. B\u1ea5t k\u1ec3 b\u1ea1n \u1edf \u0111\u00e2u, ch\u00fang t\u00f4i s\u1ebd \u0111\u1ea3m b\u1ea3o gio\u0103ng ph\u1edbt s\u1ebd \u0111\u01b0\u1ee3c giao \u0111\u1ebfn b\u1ea1n m\u1ed9t c\u00e1ch an to\u00e0n. T\u00f9y thu\u1ed9c v\u00e0o tr\u1ecdng l\u01b0\u1ee3ng v\u00e0 s\u1ed1 l\u01b0\u1ee3ng \u0111\u01a1n h\u00e0ng c\u1ee7a b\u1ea1n, ch\u00fang t\u00f4i c\u00f3 th\u1ec3 v\u1eadn chuy\u1ec3n b\u1eb1ng \u0111\u01b0\u1eddng bi\u1ec3n, \u0111\u01b0\u1eddng h\u00e0ng kh\u00f4ng ho\u1eb7c chuy\u1ec3n ph\u00e1t nhanh. Ch\u00fang t\u00f4i s\u1eb5n l\u00f2ng h\u1ee3p t\u00e1c v\u1edbi ng\u01b0\u1eddi chuy\u1ec3n ph\u00e1t do b\u1ea1n ch\u1ec9 \u0111\u1ecbnh, ho\u1eb7c b\u1ea1n c\u0169ng c\u00f3 th\u1ec3 v\u1eadn chuy\u1ec3n t\u1edbi c\u00f4ng ty giao nh\u1eadn m\u00e0 ch\u00fang t\u00f4i h\u1ee3p t\u00e1c.<\/p>\n<p>Ch\u00fang t\u00f4i r\u1ea5t t\u1ef1 h\u00e0o v\u1ec1 kh\u1ea3 n\u0103ng cung c\u1ea5p gio\u0103ng ph\u1edbt ch\u1ea5t l\u01b0\u1ee3ng cao v\u00e0 c\u00e1c gi\u1ea3i ph\u00e1p ch\u1ea5t l\u01b0\u1ee3ng \u0111\u00e1p \u1ee9ng nhu c\u1ea7u c\u1ee7a kh\u00e1ch h\u00e0ng.<\/p>\n<p>Li\u00ean h\u1ec7 v\u1edbi ch\u00fang t\u00f4i \u0111\u1ec3 \u0111\u01b0\u1ee3c h\u1ed7 tr\u1ee3 th\u00eam t\u1eeb MJ Gasket v\u00e0 y\u00eau c\u1ea7u m\u1eabu mi\u1ec5n ph\u00ed!<\/p>\n","protected":false},"excerpt":{"rendered":"<p>MJ Gasket l\u00e0 nh\u00e0 s\u1ea3n xu\u1ea5t gio\u0103ng chuy\u00ean v\u1ec1 gio\u0103ng ch\u1ecbu \u0111\u01b0\u1ee3c \u00e1p su\u1ea5t cao v\u00e0 nhi\u1ec7t \u0111\u1ed9 cao cho<\/p>\n","protected":false},"author":4,"featured_media":0,"parent":0,"menu_order":0,"comment_status":"closed","ping_status":"closed","template":"page-aftermarket.php","meta":{"_acf_changed":false,"footnotes":""},"class_list":["post-37090","page","type-page","status-publish","hentry"],"acf":false,"_links":{"self":[{"href":"https:\/\/www.mjgasket.com\/vi\/wp-json\/wp\/v2\/pages\/37090"}],"collection":[{"href":"https:\/\/www.mjgasket.com\/vi\/wp-json\/wp\/v2\/pages"}],"about":[{"href":"https:\/\/www.mjgasket.com\/vi\/wp-json\/wp\/v2\/types\/page"}],"author":[{"embeddable":true,"href":"https:\/\/www.mjgasket.com\/vi\/wp-json\/wp\/v2\/users\/4"}],"replies":[{"embeddable":true,"href":"https:\/\/www.mjgasket.com\/vi\/wp-json\/wp\/v2\/comments?post=37090"}],"version-history":[{"count":3,"href":"https:\/\/www.mjgasket.com\/vi\/wp-json\/wp\/v2\/pages\/37090\/revisions"}],"predecessor-version":[{"id":44390,"href":"https:\/\/www.mjgasket.com\/vi\/wp-json\/wp\/v2\/pages\/37090\/revisions\/44390"}],"wp:attachment":[{"href":"https:\/\/www.mjgasket.com\/vi\/wp-json\/wp\/v2\/media?parent=37090"}],"curies":[{"name":"wp","href":"https:\/\/api.w.org\/{rel}","templated":true}]}}