{"id":37589,"date":"2024-04-12T13:55:03","date_gmt":"2024-04-12T05:55:03","guid":{"rendered":"https:\/\/www.mjgasket.com\/?page_id=37589"},"modified":"2024-04-15T16:58:01","modified_gmt":"2024-04-15T08:58:01","slug":"esg","status":"publish","type":"page","link":"https:\/\/www.mjgasket.com\/vi\/esg\/","title":{"rendered":"ESG"},"content":{"rendered":"<p>MJ Gasket \u0111ang li\u00ean t\u1ee5c t\u0103ng c\u01b0\u1eddng t\u1eadp trung v\u00e0o ESG, ch\u1ee7 \u0111\u1ed9ng t\u00edch h\u1ee3p b\u1ea3o v\u1ec7 m\u00f4i tr\u01b0\u1eddng, tr\u00e1ch nhi\u1ec7m x\u00e3 h\u1ed9i v\u00e0 qu\u1ea3n tr\u1ecb c\u00f4ng ty v\u00e0o ho\u1ea1t \u0111\u1ed9ng c\u1ee7a c\u00f4ng ty. C\u00e1ch ti\u1ebfp c\u1eadn n\u00e0y kh\u00f4ng ch\u1ec9 th\u1ec3 hi\u1ec7n s\u1ef1 nh\u1ea5n m\u1ea1nh c\u1ee7a ch\u00fang t\u00f4i v\u00e0o gi\u00e1 tr\u1ecb th\u01b0\u01a1ng hi\u1ec7u MJ Gasket, m\u00e0 c\u00f2n t\u0103ng c\u01b0\u1eddng l\u1ee3i th\u1ebf c\u1ea1nh tranh c\u1ee7a ch\u00fang t\u00f4i tr\u00ean th\u1ecb tr\u01b0\u1eddng, thu h\u00fat th\u00eam nhi\u1ec1u \u0111\u1ed1i t\u00e1c v\u00e0 chuy\u00ean gia chia s\u1ebb c\u00f9ng t\u1ea7m nh\u00ecn. Th\u00f4ng qua n\u1ed7 l\u1ef1c li\u00ean t\u1ee5c, ch\u00fang t\u00f4i cam k\u1ebft \u0111\u1ea1t \u0111\u01b0\u1ee3c c\u00e1c m\u1ee5c ti\u00eau ph\u00e1t tri\u1ec3n b\u1ec1n v\u1eefng v\u00e0 \u0111\u00f3ng g\u00f3p t\u00edch c\u1ef1c cho x\u00e3 h\u1ed9i v\u00e0 m\u00f4i tr\u01b0\u1eddng.<\/p>\n","protected":false},"excerpt":{"rendered":"<p>MJ Gasket \u0111ang li\u00ean t\u1ee5c t\u0103ng c\u01b0\u1eddng t\u1eadp trung v\u00e0o ESG, ch\u1ee7 \u0111\u1ed9ng t\u00edch h\u1ee3p b\u1ea3o v\u1ec7 m\u00f4i tr\u01b0\u1eddng, tr\u00e1ch<\/p>\n","protected":false},"author":4,"featured_media":0,"parent":0,"menu_order":0,"comment_status":"closed","ping_status":"closed","template":"page-esg.php","meta":{"_acf_changed":false,"footnotes":""},"class_list":["post-37589","page","type-page","status-publish","hentry"],"acf":false,"_links":{"self":[{"href":"https:\/\/www.mjgasket.com\/vi\/wp-json\/wp\/v2\/pages\/37589"}],"collection":[{"href":"https:\/\/www.mjgasket.com\/vi\/wp-json\/wp\/v2\/pages"}],"about":[{"href":"https:\/\/www.mjgasket.com\/vi\/wp-json\/wp\/v2\/types\/page"}],"author":[{"embeddable":true,"href":"https:\/\/www.mjgasket.com\/vi\/wp-json\/wp\/v2\/users\/4"}],"replies":[{"embeddable":true,"href":"https:\/\/www.mjgasket.com\/vi\/wp-json\/wp\/v2\/comments?post=37589"}],"version-history":[{"count":2,"href":"https:\/\/www.mjgasket.com\/vi\/wp-json\/wp\/v2\/pages\/37589\/revisions"}],"predecessor-version":[{"id":37591,"href":"https:\/\/www.mjgasket.com\/vi\/wp-json\/wp\/v2\/pages\/37589\/revisions\/37591"}],"wp:attachment":[{"href":"https:\/\/www.mjgasket.com\/vi\/wp-json\/wp\/v2\/media?parent=37589"}],"curies":[{"name":"wp","href":"https:\/\/api.w.org\/{rel}","templated":true}]}}