{"id":37666,"date":"2024-03-01T11:28:57","date_gmt":"2024-03-01T03:28:57","guid":{"rendered":"https:\/\/www.mjgasket.com\/monthly-release\/"},"modified":"2024-04-18T16:27:30","modified_gmt":"2024-04-18T08:27:30","slug":"phat-hanh-hang-thang","status":"publish","type":"page","link":"https:\/\/www.mjgasket.com\/vi\/phat-hanh-hang-thang\/","title":{"rendered":"PH\u00c1T H\u00c0NH H\u00c0NG TH\u00c1NG"},"content":{"rendered":"","protected":false},"excerpt":{"rendered":"","protected":false},"author":4,"featured_media":0,"parent":0,"menu_order":0,"comment_status":"closed","ping_status":"closed","template":"page-monthly-release.php","meta":{"_acf_changed":false,"footnotes":""},"class_list":["post-37666","page","type-page","status-publish","hentry"],"acf":false,"_links":{"self":[{"href":"https:\/\/www.mjgasket.com\/vi\/wp-json\/wp\/v2\/pages\/37666"}],"collection":[{"href":"https:\/\/www.mjgasket.com\/vi\/wp-json\/wp\/v2\/pages"}],"about":[{"href":"https:\/\/www.mjgasket.com\/vi\/wp-json\/wp\/v2\/types\/page"}],"author":[{"embeddable":true,"href":"https:\/\/www.mjgasket.com\/vi\/wp-json\/wp\/v2\/users\/4"}],"replies":[{"embeddable":true,"href":"https:\/\/www.mjgasket.com\/vi\/wp-json\/wp\/v2\/comments?post=37666"}],"version-history":[{"count":3,"href":"https:\/\/www.mjgasket.com\/vi\/wp-json\/wp\/v2\/pages\/37666\/revisions"}],"predecessor-version":[{"id":37669,"href":"https:\/\/www.mjgasket.com\/vi\/wp-json\/wp\/v2\/pages\/37666\/revisions\/37669"}],"wp:attachment":[{"href":"https:\/\/www.mjgasket.com\/vi\/wp-json\/wp\/v2\/media?parent=37666"}],"curies":[{"name":"wp","href":"https:\/\/api.w.org\/{rel}","templated":true}]}}