{"id":38056,"date":"2024-05-08T15:26:56","date_gmt":"2024-05-08T07:26:56","guid":{"rendered":"https:\/\/www.mjgasket.com\/dnb\/"},"modified":"2024-07-18T15:22:22","modified_gmt":"2024-07-18T07:22:22","slug":"dnb","status":"publish","type":"page","link":"https:\/\/www.mjgasket.com\/vi\/dnb\/","title":{"rendered":"Nh\u00e0 v\u00f4 \u0111\u1ecbch \u1ea9n &#8220;MJ GASKET&#8221; ch\u1ecdn D&#038;B Hoovers \u0111\u1ec3 trao quy\u1ec1n cho nh\u00f3m c\u1ee7a m\u00ecnh &#8211; \u0110\u01b0\u1ee3c ch\u1ee9ng nh\u1eadn b\u1edfi D&#038;B"},"content":{"rendered":"<p><img decoding=\"async\" class=\"alignnone size-full wp-image-39352\" src=\"https:\/\/www.mjgasket.com\/wp-content\/uploads\/Chung-toi-ap-dung-cong-nghe-moi-de-nang-cao-hieu-qua-kinh-doanh-1.webp\" alt=\"Hidden Champion MJ GASKET Selects D&amp;B Hoovers to Empower Its Team Certified by D&amp;B\" width=\"1920\" height=\"480\" \/><\/p>\n<h2><span style=\"font-size: 18pt; color: #000000;\">C\u00e1c th\u1ecb tr\u01b0\u1eddng ng\u00e1ch \u0111\u00f2i h\u1ecfi nhi\u1ec1u ni\u1ec1m tin h\u01a1n v\u00e0o chu\u1ed7i cung \u1ee9ng, MJ GASKET tri\u1ec3n khai ba chi\u1ebfn l\u01b0\u1ee3c ho\u1ea1t \u0111\u1ed9ng \u0111\u1ec3 c\u1ee7ng c\u1ed1 kh\u1ea3 n\u0103ng c\u1ea1nh tranh<\/span><\/h2>\n<p>\u0110\u01b0\u1ee3c th\u00e0nh l\u1eadp h\u01a1n 20 n\u0103m, &#8220;MJ GASKET&#8221; l\u00e0 m\u1ed9t trong s\u1ed1 \u00edt nh\u00e0 cung c\u1ea5p t\u1ea1i \u0110\u00e0i Loan chuy\u00ean \u0111\u1ed9c quy\u1ec1n v\u1ec1 c\u00e1c b\u1ed9 ph\u1eadn m\u00e1y m\u00f3c h\u1ea1ng n\u1eb7ng.<\/p>\n<p>\u201cMJ GASKET t\u1eeb l\u00e2u \u0111\u00e3 s\u1eed d\u1ee5ng ba chi\u1ebfn l\u01b0\u1ee3c kinh doanh ch\u00ednh: &#8220;S\u1ea3n ph\u1ea9m m\u1edbi, Th\u1ecb tr\u01b0\u1eddng m\u1edbi v\u00e0 Kh\u00e1ch h\u00e0ng m\u1edbi&#8221; \u0111\u1ec3 c\u1ee7ng c\u1ed1 nh\u1eefng l\u1ee3i th\u1ebf ch\u00ednh c\u1ee7a m\u00ecnh t\u1ea1i c\u00e1c th\u1ecb tr\u01b0\u1eddng ng\u00e1ch. Ch\u00fang t\u00f4i c\u0169ng mong mu\u1ed1n gi\u00fap kh\u00e1ch h\u00e0ng c\u1ee7a m\u00ecnh ph\u00e1t tri\u1ec3n c\u00f9ng MJ th\u00f4ng qua c\u00e1c chi\u1ebfn l\u01b0\u1ee3c n\u00e0y.\u201d T\u1ed5ng gi\u00e1m \u0111\u1ed1c \u2013 Matt Tseng cho bi\u1ebft.<\/p>\n<p>M\u00f4 h\u00ecnh kinh doanh h\u1ea1ng n\u1eb7ng th\u01b0\u1eddng \u00e1p d\u1ee5ng ph\u01b0\u01a1ng th\u1ee9c giao d\u1ecbch b\u00e1n h\u00e0ng \u201cs\u1ed1 l\u01b0\u1ee3ng \u00edt, \u0111a d\u1ea1ng\u201d, vi\u1ec7c l\u1ef1a ch\u1ecdn nh\u00e0 cung c\u1ea5p cho kh\u00e1ch h\u00e0ng \u0111\u00e1nh gi\u00e1 cao nh\u1eefng ng\u01b0\u1eddi c\u00f3 th\u1ec3 h\u1ee3p t\u00e1c l\u00e2u d\u00e0i v\u00e0 c\u00f3 \u201c\u0111\u1ed9 tin c\u1eady cao\u201d.<\/p>\n<p>&nbsp;<\/p>\n<h2><strong><img decoding=\"async\" class=\" wp-image-39350 alignleft\" src=\"https:\/\/www.mjgasket.com\/wp-content\/uploads\/Ky-nguyen-moi-doi-hoi-nhung-Phuong-Phap-Moi-cho-Phat-Trien-Kinh-Doanh-1.webp\" alt=\"Hidden Champion MJ GASKET Selects D&amp;B Hoovers to Empower Its Team Certified by D&amp;B 2 1\" width=\"300\" height=\"345\" \/><\/strong><span style=\"color: #000000;\">K\u1ef7 nguy\u00ean m\u1edbi \u0111\u00f2i h\u1ecfi nh\u1eefng ph\u01b0\u01a1ng ph\u00e1p m\u1edbi \u0111\u1ec3 ph\u00e1t tri\u1ec3n kinh doanh! T\u0103ng C\u01b0\u1eddng SEO T\u1eeb Kh\u00f3a \u0110\u1ec3 Ch\u1ee7 \u0110\u1ed9ng Thu H\u00fat Kh\u00e1ch H\u00e0ng<\/span><strong><br \/>\n<\/strong><\/h2>\n<p>S\u1eed d\u1ee5ng c\u00f4ng ngh\u1ec7 \u0111\u1ec3 h\u1ed7 tr\u1ee3 nh\u00f3m MJ trong vi\u1ec7c ti\u1ebfp th\u1ecb ch\u00ednh x\u00e1c v\u00e0 m\u1edf r\u1ed9ng c\u00e1c k\u00eanh ph\u00e1t tri\u1ec3n l\u00e0 chi\u1ebfn l\u01b0\u1ee3c t\u1ed1i \u01b0u h\u00f3a ho\u1ea1t \u0111\u1ed9ng li\u00ean t\u1ee5c c\u1ee7a MJ GASKET.<\/p>\n<p>Tr\u01b0\u1edbc khi nh\u1eadn \u0111\u01b0\u1ee3c ch\u1ee9ng nh\u1eadn k\u00e9p c\u1ee7a D&amp;B v\u00e0 s\u1eed d\u1ee5ng D&amp;B Hoovers, h\u00e0ng n\u0103m sau khi trao \u0111\u1ed5i danh thi\u1ebfp t\u1ea1i c\u00e1c tri\u1ec3n l\u00e3m \u1edf n\u01b0\u1edbc ngo\u00e0i, nh\u00f3m c\u1ee7a ch\u00fang t\u00f4i \u0111\u00e3 ph\u1ea3i m\u1ea5t m\u1ed9t kho\u1ea3ng th\u1eddi gian \u0111\u00e1ng k\u1ec3 \u0111\u1ec3 nh\u1eadp E-mail theo c\u00e1ch th\u1ee7 c\u00f4ng cho c\u00e1c cu\u1ed9c th\u1ea3o lu\u1eadn ti\u1ebfp theo. \u0110i\u1ec1u n\u00e0y \u0111\u00e3 g\u00e2y ra s\u1ef1 ch\u1eadm tr\u1ec5 trong vi\u1ec7c li\u00ean l\u1ea1c c\u1ee7a ch\u00fang t\u00f4i v\u1edbi kh\u00e1ch h\u00e0ng.<\/p>\n<p>\u201c\u0110\u1eb7c bi\u1ec7t trong th\u1eddi \u0111\u1ea1i s\u1ed1 h\u00f3a cao, ng\u00e0y c\u00e0ng nhi\u1ec1u kh\u00e1ch h\u00e0ng ti\u1ec1m n\u0103ng t\u00ecm hi\u1ec3u th\u00f4ng tin website c\u1ee7a c\u00f4ng ty tr\u01b0\u1edbc khi ti\u1ebfp x\u00fac th\u1ef1c t\u1ebf. Ch\u00fang t\u00f4i mong r\u1eb1ng khi kh\u00e1ch h\u00e0ng t\u00ecm ki\u1ebfm tr\u1ef1c tuy\u1ebfn c\u00f3 th\u1ec3 nhanh ch\u00f3ng t\u00ecm th\u1ea5y MJ Gasket v\u00e0 nh\u1eefng m\u1eb7t h\u00e0ng m\u00ecnh c\u1ea7n. Ch\u00fang t\u00f4i c\u0169ng \u0111ang c\u1ed1 g\u1eafng c\u1ea3i thi\u1ec7n tr\u1ea3i nghi\u1ec7m ng\u01b0\u1eddi d\u00f9ng tr\u00ean trang web c\u1ee7a m\u00ecnh \u0111\u1ec3 l\u00e0m cho n\u00f3 th\u00e2n thi\u1ec7n h\u01a1n v\u1edbi ng\u01b0\u1eddi d\u00f9ng.\u201d T\u1ed5ng gi\u00e1m \u0111\u1ed1c \u2013 Matt Tseng cho bi\u1ebft.<\/p>\n<p>&nbsp;<\/p>\n<h2><span style=\"font-size: 18pt; color: #000000;\">Ch\u00fang t\u00f4i theo k\u1ecbp th\u1eddi \u0111\u1ea1i b\u1eb1ng c\u00e1ch ch\u1ecdn D&amp;B Hoovers <\/span><\/h2>\n<p>V\u0103n h\u00f3a c\u00f4ng ty c\u1ee7a MJ GASKET nh\u1ea5n m\u1ea1nh v\u00e0o vi\u1ec7c theo k\u1ecbp th\u1eddi \u0111\u1ea1i. M\u1ed9t trong b\u1ea3y gi\u00e1 tr\u1ecb c\u00f4ng ty c\u1ee7a ch\u00fang t\u00f4i l\u00e0 &#8216;C\u00f4ng ngh\u1ec7 m\u1edbi&#8217; v\u00e0 v\u00ec nh\u00f3m c\u1ee7a ch\u00fang t\u00f4i c\u00f2n kh\u00e1 tr\u1ebb n\u00ean m\u1ee9c \u0111\u1ed9 ch\u1ea5p nh\u1eadn c\u00e1c c\u00f4ng c\u1ee5 k\u1ef9 thu\u1eadt s\u1ed1 c\u1ee7a h\u1ecd kh\u00e1 cao. \u0110\u00f3 l\u00e0 l\u00fd do t\u1ea1i sao ch\u00fang t\u00f4i \u0111\u1eb7c bi\u1ec7t ch\u1ecdn D&amp;B Hoovers \u0111\u1ec3 t\u0103ng c\u01b0\u1eddng n\u0103ng l\u1ef1c c\u00f4ng ngh\u1ec7 c\u1ee7a c\u00f4ng ty ch\u00fang t\u00f4i!\u201d T\u1ed5ng gi\u00e1m \u0111\u1ed1c \u2013 Matt Tseng cho bi\u1ebft.<\/p>\n<p>&nbsp;<\/p>\n<h2><strong><img decoding=\"async\" class=\"wp-image-39351 alignleft\" src=\"https:\/\/www.mjgasket.com\/wp-content\/uploads\/Huong-Toi-Tam-Nhin-Phat-Trien-Ben-Vung-MJ-GASKET-Tiep-Tuc-Thuc-Day-Cac-Chien-Luoc-ESG.webp\" alt=\"Hidden Champion MJ GASKET Selects D&amp;B Hoovers to Empower Its Team Certified by D&amp;B 1 1\" width=\"300\" height=\"450\" \/><\/strong><span style=\"color: #000000; font-size: 18pt;\">H\u01b0\u1edbng t\u1edbi t\u1ea7m nh\u00ecn ph\u00e1t tri\u1ec3n b\u1ec1n v\u1eefng, MJ GASKET ti\u1ebfp t\u1ee5c th\u00fac \u0111\u1ea9y c\u00e1c k\u1ebf ho\u1ea1ch ESG<\/span><strong><br \/>\n<\/strong><\/h2>\n<p>Tri\u1ebft l\u00fd kinh doanh c\u1ed1t l\u00f5i c\u1ee7a MJ GASKET l\u00e0 &#8220;Ho\u1ea1t \u0111\u1ed9ng b\u1ec1n v\u1eefng, c\u1ea3i ti\u1ebfn li\u00ean t\u1ee5c&#8221;.<\/p>\n<p>MJ GASKET s\u1eed d\u1ee5ng D&amp;B Hoovers \u0111\u1ec3 thi\u1ebft l\u1eadp m\u00f4 h\u00ecnh ph\u00e1t tri\u1ec3n kinh doanh c\u00f3 h\u1ec7 th\u1ed1ng v\u00e0 k\u1ebft n\u1ed1i v\u1edbi nhi\u1ec1u kh\u00e1ch h\u00e0ng ti\u1ec1m n\u0103ng m\u1edbi h\u01a1n.<\/p>\n<p>Ngo\u00e0i ra, sau khi \u0111\u1ea1t \u0111\u01b0\u1ee3c ch\u1ee9ng nh\u1eadn k\u00e9p c\u1ee7a D&amp;B, MJ GASKET s\u1ebd ti\u1ebfp t\u1ee5c tri\u1ec3n khai c\u00e1c d\u1ef1 \u00e1n ESG, t\u1ea1o m\u00f4i tr\u01b0\u1eddng th\u00e2n thi\u1ec7n v\u1edbi nh\u00e2n t\u00e0i v\u00e0 ti\u1ebfp t\u1ee5c \u0111\u1ea7u t\u01b0 v\u00e0o ph\u00fac l\u1ee3i x\u00e3 h\u1ed9i \u0111\u1ec3 tr\u1edf th\u00e0nh m\u00f4 h\u00ecnh doanh nghi\u1ec7p b\u1ec1n v\u1eefng m\u1edbi.<\/p>\n<p><a href=\"https:\/\/profiles.dunsregistered.com\/DunsRegisteredProfileAnywhere.aspx?key1=3114745&amp;PaArea=drs\" rel=\"noopener\"><img decoding=\"async\" class=\"alignnone wp-image-38039 size-full\" src=\"https:\/\/www.mjgasket.com\/wp-content\/uploads\/656534422-ECert.webp\" alt=\"656534422 ECert\" width=\"1920\" height=\"1358\" \/><\/a><\/p>\n","protected":false},"excerpt":{"rendered":"<p>C\u00e1c th\u1ecb tr\u01b0\u1eddng ng\u00e1ch \u0111\u00f2i h\u1ecfi nhi\u1ec1u ni\u1ec1m tin h\u01a1n v\u00e0o chu\u1ed7i cung \u1ee9ng, MJ GASKET tri\u1ec3n khai ba chi\u1ebfn<\/p>\n","protected":false},"author":4,"featured_media":0,"parent":0,"menu_order":0,"comment_status":"closed","ping_status":"closed","template":"page-dnb.php","meta":{"_acf_changed":false,"footnotes":""},"class_list":["post-38056","page","type-page","status-publish","hentry"],"acf":false,"_links":{"self":[{"href":"https:\/\/www.mjgasket.com\/vi\/wp-json\/wp\/v2\/pages\/38056"}],"collection":[{"href":"https:\/\/www.mjgasket.com\/vi\/wp-json\/wp\/v2\/pages"}],"about":[{"href":"https:\/\/www.mjgasket.com\/vi\/wp-json\/wp\/v2\/types\/page"}],"author":[{"embeddable":true,"href":"https:\/\/www.mjgasket.com\/vi\/wp-json\/wp\/v2\/users\/4"}],"replies":[{"embeddable":true,"href":"https:\/\/www.mjgasket.com\/vi\/wp-json\/wp\/v2\/comments?post=38056"}],"version-history":[{"count":3,"href":"https:\/\/www.mjgasket.com\/vi\/wp-json\/wp\/v2\/pages\/38056\/revisions"}],"predecessor-version":[{"id":39401,"href":"https:\/\/www.mjgasket.com\/vi\/wp-json\/wp\/v2\/pages\/38056\/revisions\/39401"}],"wp:attachment":[{"href":"https:\/\/www.mjgasket.com\/vi\/wp-json\/wp\/v2\/media?parent=38056"}],"curies":[{"name":"wp","href":"https:\/\/api.w.org\/{rel}","templated":true}]}}