{"id":45624,"date":"2025-05-09T10:31:15","date_gmt":"2025-05-09T02:31:15","guid":{"rendered":"https:\/\/www.mjgasket.com\/?page_id=45624"},"modified":"2025-05-09T10:31:15","modified_gmt":"2025-05-09T02:31:15","slug":"thu-vien-video","status":"publish","type":"page","link":"https:\/\/www.mjgasket.com\/vi\/thu-vien-video\/","title":{"rendered":"Th\u01b0 Vi\u1ec7n Video"},"content":{"rendered":"<p>Ch\u00fang t\u00f4i l\u00e0 nh\u00e0 s\u1ea3n xu\u1ea5t gio\u0103ng thay th\u1ebf \u0111\u1ebfn t\u1eeb \u0110\u00e0i Loan, chuy\u00ean cung c\u1ea5p c\u00e1c lo\u1ea1i gio\u0103ng ch\u1ea5t li\u1ec7u c\u1ee9ng, ch\u1ea5t l\u01b0\u1ee3ng cao d\u00e0nh cho \u0111\u1ed9ng c\u01a1 h\u1ea1ng n\u1eb7ng v\u00e0 c\u00e1c b\u1ed9 ph\u1eadn li\u00ean quan trong nhi\u1ec1u ng\u00e0nh c\u00f4ng nghi\u1ec7p kh\u00e1c nhau. Th\u01b0 vi\u1ec7n video n\u00e0y gi\u1edbi thi\u1ec7u c\u00e1c \u0111o\u1ea1n minh h\u1ecda v\u1ec1 v\u00f9ng ti\u1ebfp x\u00fac c\u1ee7a gio\u0103ng, ho\u1ea1t h\u00ecnh 3D m\u00f4 ph\u1ecfng c\u00e1ch l\u1eafp \u0111\u1eb7t v\u00e0 ch\u1ee9c n\u0103ng c\u1ee7a s\u1ea3n ph\u1ea9m, c\u00f9ng v\u1edbi c\u00e1c video t\u1ed5ng quan v\u1ec1 n\u0103ng l\u1ef1c s\u1ea3n xu\u1ea5t, ti\u00eau chu\u1ea9n v\u1eadt li\u1ec7u v\u00e0 cam k\u1ebft c\u1ee7a ch\u00fang t\u00f4i \u0111\u1ed1i v\u1edbi \u0111\u1ed9 ch\u00ednh x\u00e1c v\u1ec1 k\u1ef9 thu\u1eadt.<\/p>\n<p>\u0110\u1eebng qu\u00ean \u0111\u0103ng k\u00fd k\u00eanh YouTube c\u1ee7a MJ GASKET \u0111\u1ec3 c\u1eadp nh\u1eadt nh\u1eefng th\u00f4ng tin v\u00e0 video s\u1ea3n ph\u1ea9m m\u1edbi nh\u1ea5t nh\u00e9!<\/p>\n","protected":false},"excerpt":{"rendered":"<p>Ch\u00fang t\u00f4i l\u00e0 nh\u00e0 s\u1ea3n xu\u1ea5t gio\u0103ng thay th\u1ebf \u0111\u1ebfn t\u1eeb \u0110\u00e0i Loan, chuy\u00ean cung c\u1ea5p c\u00e1c lo\u1ea1i gio\u0103ng ch\u1ea5t<\/p>\n","protected":false},"author":4,"featured_media":0,"parent":0,"menu_order":0,"comment_status":"closed","ping_status":"closed","template":"page-video-gallery.php","meta":{"_acf_changed":false,"footnotes":""},"class_list":["post-45624","page","type-page","status-publish","hentry"],"acf":false,"_links":{"self":[{"href":"https:\/\/www.mjgasket.com\/vi\/wp-json\/wp\/v2\/pages\/45624"}],"collection":[{"href":"https:\/\/www.mjgasket.com\/vi\/wp-json\/wp\/v2\/pages"}],"about":[{"href":"https:\/\/www.mjgasket.com\/vi\/wp-json\/wp\/v2\/types\/page"}],"author":[{"embeddable":true,"href":"https:\/\/www.mjgasket.com\/vi\/wp-json\/wp\/v2\/users\/4"}],"replies":[{"embeddable":true,"href":"https:\/\/www.mjgasket.com\/vi\/wp-json\/wp\/v2\/comments?post=45624"}],"version-history":[{"count":2,"href":"https:\/\/www.mjgasket.com\/vi\/wp-json\/wp\/v2\/pages\/45624\/revisions"}],"predecessor-version":[{"id":45626,"href":"https:\/\/www.mjgasket.com\/vi\/wp-json\/wp\/v2\/pages\/45624\/revisions\/45626"}],"wp:attachment":[{"href":"https:\/\/www.mjgasket.com\/vi\/wp-json\/wp\/v2\/media?parent=45624"}],"curies":[{"name":"wp","href":"https:\/\/api.w.org\/{rel}","templated":true}]}}